{"id":108,"date":"2020-01-05T21:52:54","date_gmt":"2020-01-05T20:52:54","guid":{"rendered":"https:\/\/stoppt-defender-2020.de\/?page_id=108"},"modified":"2020-01-05T23:04:15","modified_gmt":"2020-01-05T22:04:15","slug":"impressum","status":"publish","type":"page","link":"https:\/\/stoppt-defender-2020.de\/index.php\/impressum\/","title":{"rendered":"Impressum"},"content":{"rendered":"<p>Kathrin Vogler, MdB und Alexander S. Neu, MdB<br \/>\nPlatz der Republik 1<br \/>\n11011 Berlin<\/p>\n<p>Telefon: +49 30 2277 2112<br \/>\nE-Mail: <a href=\"mailto:anti-defender2020@mail.de\">anti-defender2020@mail.de<\/a><\/p>\n<p><strong>Verantwortlich f\u00fcr den Inhalt<\/strong> (gem. \u00a7 55 Abs. 2 RStV):<br \/>\nAlexander S. Neu, MdB,<br \/>\nKathrin Vogler, MdB<br \/>\nPlatz der Republik 1<br \/>\n11011 Berlin<\/p>\n<h4>Disclaimer &#8211; rechtliche Hinweise<\/h4>\n<p>\u00a7 1 Warnhinweis zu Inhalten<br \/>\nDie kostenlosen und frei zug\u00e4nglichen Inhalte dieser Webseite wurden mit gr\u00f6\u00dftm\u00f6glicher Sorgfalt erstellt. Der Anbieter dieser Webseite \u00fcbernimmt jedoch keine Gew\u00e4hr f\u00fcr die Richtigkeit und Aktualit\u00e4t der bereitgestellten kostenlosen und frei zug\u00e4nglichen journalistischen Ratgeber und Nachrichten. Namentlich gekennzeichnete Beitr\u00e4ge geben die Meinung des jeweiligen Autors und nicht immer die Meinung des Anbieters wieder. Allein durch den Aufruf der kostenlosen und frei zug\u00e4nglichen Inhalte kommt keinerlei Vertragsverh\u00e4ltnis zwischen dem Nutzer und dem Anbieter zustande, insoweit fehlt es am Rechtsbindungswillen des Anbieters.<\/p>\n<p>\u00a7 2 Externe Links<br \/>\nDiese Website enth\u00e4lt Verkn\u00fcpfungen zu Websites Dritter (&#8222;externe Links&#8220;). Diese Websites unterliegen der Haftung der jeweiligen Betreiber. Der Anbieter hat bei der erstmaligen Verkn\u00fcpfung der externen Links die fremden Inhalte daraufhin \u00fcberpr\u00fcft, ob etwaige Rechtsverst\u00f6\u00dfe bestehen. Zu dem Zeitpunkt waren keine Rechtsverst\u00f6\u00dfe ersichtlich. Der Anbieter hat keinerlei Einfluss auf die aktuelle und zuk\u00fcnftige Gestaltung und auf die Inhalte der verkn\u00fcpften Seiten. Das Setzen von externen Links bedeutet nicht, dass sich der Anbieter die hinter dem Verweis oder Link liegenden Inhalte zu Eigen macht. Eine st\u00e4ndige Kontrolle der externen Links ist f\u00fcr den Anbieter ohne konkrete Hinweise auf Rechtsverst\u00f6\u00dfe nicht zumutbar. Bei Kenntnis von Rechtsverst\u00f6\u00dfen werden jedoch derartige externe Links unverz\u00fcglich gel\u00f6scht.<\/p>\n<p>\u00a7 3 Urheber- und Leistungsschutzrechte<br \/>\nDie auf dieser Website ver\u00f6ffentlichten Inhalte unterliegen der Lizenz &#8222;<a href=\"https:\/\/creativecommons.org\/licenses\/by-sa\/4.0\/legalcode.de\">Attribution-ShareAlike 4.0 International (CC BY-SA 4.0)<\/a>&#8222;.\u00a0 Die Darstellung dieser Website in fremden Frames ist nur mit schriftlicher Erlaubnis zul\u00e4ssig.<\/p>\n<p>\u00a7 4 Besondere Nutzungsbedingungen<br \/>\nSoweit besondere Bedingungen f\u00fcr einzelne Nutzungen dieser Website von den vorgenannten Paragraphen abweichen, wird an entsprechender Stelle ausdr\u00fccklich darauf hingewiesen. In diesem Falle gelten im jeweiligen Einzelfall die besonderen Nutzungsbedingungen.<\/p>\n<p>Quelle: <a href=\"https:\/\/www.juraforum.de\/impressum-generator\/\">Impressum Vorlage von JuraForum.de<\/a><\/p>\n","protected":false},"excerpt":{"rendered":"<p>Kathrin Vogler, MdB und Alexander S. Neu, MdB Platz der Republik 1 11011 Berlin Telefon: +49 30 2277 2112 E-Mail: anti-defender2020@mail.de Verantwortlich f\u00fcr den Inhalt (gem. \u00a7 55 Abs. 2 RStV): Alexander S. Neu, MdB, Kathrin Vogler, MdB Platz der Republik 1 11011 Berlin Disclaimer &#8211; rechtliche Hinweise \u00a7 1 Warnhinweis zu Inhalten Die kostenlosen [&hellip;]<\/p>\n","protected":false},"author":1,"featured_media":0,"parent":0,"menu_order":0,"comment_status":"closed","ping_status":"closed","template":"","meta":{"footnotes":""},"class_list":["post-108","page","type-page","status-publish","hentry"],"_links":{"self":[{"href":"https:\/\/stoppt-defender-2020.de\/index.php\/wp-json\/wp\/v2\/pages\/108","targetHints":{"allow":["GET"]}}],"collection":[{"href":"https:\/\/stoppt-defender-2020.de\/index.php\/wp-json\/wp\/v2\/pages"}],"about":[{"href":"https:\/\/stoppt-defender-2020.de\/index.php\/wp-json\/wp\/v2\/types\/page"}],"author":[{"embeddable":true,"href":"https:\/\/stoppt-defender-2020.de\/index.php\/wp-json\/wp\/v2\/users\/1"}],"replies":[{"embeddable":true,"href":"https:\/\/stoppt-defender-2020.de\/index.php\/wp-json\/wp\/v2\/comments?post=108"}],"version-history":[{"count":7,"href":"https:\/\/stoppt-defender-2020.de\/index.php\/wp-json\/wp\/v2\/pages\/108\/revisions"}],"predecessor-version":[{"id":135,"href":"https:\/\/stoppt-defender-2020.de\/index.php\/wp-json\/wp\/v2\/pages\/108\/revisions\/135"}],"wp:attachment":[{"href":"https:\/\/stoppt-defender-2020.de\/index.php\/wp-json\/wp\/v2\/media?parent=108"}],"curies":[{"name":"wp","href":"https:\/\/api.w.org\/{rel}","templated":true}]}}