{"id":124,"date":"2020-01-05T22:14:12","date_gmt":"2020-01-05T21:14:12","guid":{"rendered":"https:\/\/stoppt-defender-2020.de\/?page_id=124"},"modified":"2020-02-25T14:26:49","modified_gmt":"2020-02-25T13:26:49","slug":"defender-2020-stoppen","status":"publish","type":"page","link":"https:\/\/stoppt-defender-2020.de\/","title":{"rendered":"Stoppt Def20!"},"content":{"rendered":"<p><strong>Stoppt das Milit\u00e4rman\u00f6ver Defender 2020!<\/strong><\/p>\n<p>In den n\u00e4chsten Wochen werden 20.000 <a href=\"https:\/\/www.friedenskooperative.de\/ostermarsch-2020\"><img loading=\"lazy\" decoding=\"async\" class=\"size-medium wp-image-619 alignright\" src=\"https:\/\/stoppt-defender-2020.de\/wp-content\/uploads\/2020\/02\/OMA-300x155.png\" alt=\"\" width=\"300\" height=\"155\" srcset=\"https:\/\/stoppt-defender-2020.de\/wp-content\/uploads\/2020\/02\/OMA-300x155.png 300w, https:\/\/stoppt-defender-2020.de\/wp-content\/uploads\/2020\/02\/OMA-150x77.png 150w, https:\/\/stoppt-defender-2020.de\/wp-content\/uploads\/2020\/02\/OMA.png 526w\" sizes=\"auto, (max-width: 300px) 100vw, 300px\" \/><\/a>Soldat*innen der US-Army, 7.000 Soldat*innen der US-Nationalgarde und 750 Reservist*innen der US-Army mit insgesamt 13.000 Panzer- und Radfahrzeugen sowie Ausr\u00fcstungs- und Versorgungscontainern per Flugzeug oder Schiff aus Nordamerika nach Westeuropa gebracht; hinzu kommen 9.000 bereits in Europa stationierte US-Soldat*innen, milit\u00e4rische Einheiten aus neunzehn NATO-Mitgliedsstaaten sowie aus Finnland und Georgien. Unter dem Titel \u201eDefender 2020\u201c werden zwischen Februar und bis April\/Mai 2020 im gr\u00f6\u00dften Man\u00f6ver der US-Streitkr\u00e4fte in Westeuropa seit Ende des Kalten Krieges Soldaten, Panzer, Ausr\u00fcstung und Munition \u00fcber Stra\u00dfen, Schienen und Wasserwege via Deutschland nach Osteuropa \u201everlegt\u201c.<\/p>\n<p>Hier wollen wir nach und nach Informationen \u00fcber diesen wahnsinnigen Milit\u00e4raufmarsch bereitstellen und Raum zum Austausch bieten. STOPPT DEF20!<\/p>\n<p style=\"text-align: center;\">***<\/p>\n<p style=\"text-align: center;\"><img loading=\"lazy\" decoding=\"async\" class=\"size-medium wp-image-1005 alignnone\" src=\"https:\/\/stoppt-defender-2020.de\/wp-content\/uploads\/2020\/02\/25022020-Adressenliste-Kommandos-BW-300x221.png\" alt=\"\" width=\"300\" height=\"221\" srcset=\"https:\/\/stoppt-defender-2020.de\/wp-content\/uploads\/2020\/02\/25022020-Adressenliste-Kommandos-BW-300x221.png 300w, https:\/\/stoppt-defender-2020.de\/wp-content\/uploads\/2020\/02\/25022020-Adressenliste-Kommandos-BW-150x110.png 150w, https:\/\/stoppt-defender-2020.de\/wp-content\/uploads\/2020\/02\/25022020-Adressenliste-Kommandos-BW-768x566.png 768w, https:\/\/stoppt-defender-2020.de\/wp-content\/uploads\/2020\/02\/25022020-Adressenliste-Kommandos-BW.png 960w\" sizes=\"auto, (max-width: 300px) 100vw, 300px\" \/><\/p>\n<p style=\"text-align: center;\"><a href=\"https:\/\/stoppt-defender-2020.de\/wp-content\/uploads\/2020\/02\/200218-AS-1980004-V60-Vors-VtgA-Kontaktdaten-und-Ansprechpartner-Man\u00f6ver-DEFENDER-2020-1.pdf\">Kontaktdaten der Landeskommandos der Bundeswehr<\/a><\/p>\n<p style=\"text-align: center;\">***<\/p>\n<p><strong>Kommende Milit\u00e4rbewegungen Defender 2020:\u00a0<\/strong><\/p>\n<p>&#8211; 16.02.2020: Ankunft der ersten 100 US-Soldat*innen in Garlstedt (<a href=\"https:\/\/www.anzeiger-verlag.de\/osterholz\/artikel\/defender-europe-2020-kommt-auf-den-runden-tisch-in-garlstedt\">Quelle<\/a>)<\/p>\n<p>&#8211; 19.02.2020: In Bergen sollen Panzer verladen werden (<a href=\"https:\/\/www.t-online.de\/nachrichten\/deutschland\/militaer-verteidigung\/id_87327032\/-defender-europe-20-panzer-der-us-armee-rollen-durch-niedersachsen.html\">Quelle)<\/a><\/p>\n<p>&#8211; 21\/22.02.2020: Anlandung von Kriegsger\u00e4t in Bremerhaven (Demo findet statt) (<a href=\"https:\/\/nord24.de\/bremerhaven\/bremerhaven-demonstration-gegen-grossmanoever-am-22-februar\">Quelle<\/a>)<\/p>\n<p>&#8211; 17.03.2020: Frank-Walter Steinmeier wird das Tanklager in Bergen besichtigen (<a href=\"https:\/\/www.t-online.de\/nachrichten\/deutschland\/militaer-verteidigung\/id_87327032\/-defender-europe-20-panzer-der-us-armee-rollen-durch-niedersachsen.html\">Quelle<\/a>)<\/p>\n<p>&#8211; Mai 2020: Ankunft der restlichen US-Soldat*innen in Garlstedt (<a href=\"https:\/\/www.anzeiger-verlag.de\/osterholz\/artikel\/defender-europe-2020-kommt-auf-den-runden-tisch-in-garlstedt\">Quelle<\/a>)<\/p>\n<p>&#8211; 2020: Verschiedene Man\u00f6ver und \u00dcbungen sollen an Defender 2020 anschlie\u00dfen <a href=\"https:\/\/www.rnd.de\/politik\/bundeswehr-will-177-millionen-euro-fur-multinationale-manover-ausgeben-TCXWDYXVLFEBTB44OGXZVCJ34Y.html?fbclid=IwAR0snmUCsvV0uLoQ7Vm4iFg7D7U1wPKDXNmQpOs9Kl1P9dcByf0BTKZpjz8\">(Quelle)<\/a><\/p>\n<p><strong>Protest, Demonstrationen und Info-Veranstaltungen sind angek\u00fcndigt <\/strong><\/p>\n<p>Gegen das Milit\u00e4rman\u00f6ver Defender 2020 formiert sich der Protest. Informationsveranstaltungen, Demonstrationen und Aktionen werden innen allen Bundesl\u00e4ndern geplant.<\/p>\n<p>Zur<a href=\"https:\/\/stoppt-defender-2020.de\/index.php\/2020\/01\/20\/interaktive-karte\/\"> interaktiven Karte\u00a0<\/a><\/p>\n<p>Zu den <a href=\"https:\/\/stoppt-defender-2020.de\/index.php\/2020\/01\/20\/termine\/\">Terminen<\/a><\/p>\n<p>&nbsp;<\/p>\n<p>&nbsp;<\/p>\n<p>&nbsp;<\/p>\n<p><img loading=\"lazy\" decoding=\"async\" class=\"size-medium wp-image-314 aligncenter\" src=\"https:\/\/stoppt-defender-2020.de\/wp-content\/uploads\/2020\/01\/6094114E-ACA8-4730-8FB5-07CF0D789930-300x169.jpeg\" alt=\"\" width=\"300\" height=\"169\" srcset=\"https:\/\/stoppt-defender-2020.de\/wp-content\/uploads\/2020\/01\/6094114E-ACA8-4730-8FB5-07CF0D789930-300x169.jpeg 300w, https:\/\/stoppt-defender-2020.de\/wp-content\/uploads\/2020\/01\/6094114E-ACA8-4730-8FB5-07CF0D789930-1024x576.jpeg 1024w, https:\/\/stoppt-defender-2020.de\/wp-content\/uploads\/2020\/01\/6094114E-ACA8-4730-8FB5-07CF0D789930-150x84.jpeg 150w, https:\/\/stoppt-defender-2020.de\/wp-content\/uploads\/2020\/01\/6094114E-ACA8-4730-8FB5-07CF0D789930-768x432.jpeg 768w, https:\/\/stoppt-defender-2020.de\/wp-content\/uploads\/2020\/01\/6094114E-ACA8-4730-8FB5-07CF0D789930.jpeg 1109w\" sizes=\"auto, (max-width: 300px) 100vw, 300px\" \/><\/p>\n","protected":false},"excerpt":{"rendered":"<p>Stoppt das Milit\u00e4rman\u00f6ver Defender 2020! In den n\u00e4chsten Wochen werden 20.000 Soldat*innen der US-Army, 7.000 Soldat*innen der US-Nationalgarde und 750 Reservist*innen der US-Army mit insgesamt 13.000 Panzer- und Radfahrzeugen sowie Ausr\u00fcstungs- und Versorgungscontainern per Flugzeug oder Schiff aus Nordamerika nach Westeuropa gebracht; hinzu kommen 9.000 bereits in Europa stationierte US-Soldat*innen, milit\u00e4rische Einheiten aus neunzehn NATO-Mitgliedsstaaten [&hellip;]<\/p>\n","protected":false},"author":1,"featured_media":0,"parent":0,"menu_order":0,"comment_status":"closed","ping_status":"closed","template":"","meta":{"footnotes":""},"class_list":["post-124","page","type-page","status-publish","hentry"],"_links":{"self":[{"href":"https:\/\/stoppt-defender-2020.de\/index.php\/wp-json\/wp\/v2\/pages\/124","targetHints":{"allow":["GET"]}}],"collection":[{"href":"https:\/\/stoppt-defender-2020.de\/index.php\/wp-json\/wp\/v2\/pages"}],"about":[{"href":"https:\/\/stoppt-defender-2020.de\/index.php\/wp-json\/wp\/v2\/types\/page"}],"author":[{"embeddable":true,"href":"https:\/\/stoppt-defender-2020.de\/index.php\/wp-json\/wp\/v2\/users\/1"}],"replies":[{"embeddable":true,"href":"https:\/\/stoppt-defender-2020.de\/index.php\/wp-json\/wp\/v2\/comments?post=124"}],"version-history":[{"count":24,"href":"https:\/\/stoppt-defender-2020.de\/index.php\/wp-json\/wp\/v2\/pages\/124\/revisions"}],"predecessor-version":[{"id":1029,"href":"https:\/\/stoppt-defender-2020.de\/index.php\/wp-json\/wp\/v2\/pages\/124\/revisions\/1029"}],"wp:attachment":[{"href":"https:\/\/stoppt-defender-2020.de\/index.php\/wp-json\/wp\/v2\/media?parent=124"}],"curies":[{"name":"wp","href":"https:\/\/api.w.org\/{rel}","templated":true}]}}