{"id":151,"date":"2020-01-06T09:31:15","date_gmt":"2020-01-06T08:31:15","guid":{"rendered":"https:\/\/stoppt-defender-2020.de\/?page_id=151"},"modified":"2020-03-05T10:32:47","modified_gmt":"2020-03-05T09:32:47","slug":"def20-in-brandenburg","status":"publish","type":"page","link":"https:\/\/stoppt-defender-2020.de\/index.php\/def20-in-brandenburg\/","title":{"rendered":"DEF20 in BRANDENBURG"},"content":{"rendered":"<p style=\"text-align: left;\"><span style=\"color: #ff6600;\"><strong><img loading=\"lazy\" decoding=\"async\" class=\"size-medium wp-image-875 alignright\" src=\"https:\/\/stoppt-defender-2020.de\/wp-content\/uploads\/2020\/02\/A-Neus-Roter-Panzer-300x195.png\" alt=\"\" width=\"300\" height=\"195\" srcset=\"https:\/\/stoppt-defender-2020.de\/wp-content\/uploads\/2020\/02\/A-Neus-Roter-Panzer-300x195.png 300w, https:\/\/stoppt-defender-2020.de\/wp-content\/uploads\/2020\/02\/A-Neus-Roter-Panzer-150x97.png 150w, https:\/\/stoppt-defender-2020.de\/wp-content\/uploads\/2020\/02\/A-Neus-Roter-Panzer.png 522w\" sizes=\"auto, (max-width: 300px) 100vw, 300px\" \/><\/strong><\/span><\/p>\n<p style=\"text-align: left;\"><span style=\"color: #ff6600;\"><strong>Hier eine \u00dcbersicht \u00fcber die anstehenden Aktionen &amp; Veranstaltungen in der Region Lausitz:<\/strong><\/span><\/p>\n<p style=\"text-align: left;\">09.03. \u00a0\u00a0 Kundgebung Frieden statt Krieg 11:00 Uhr in Zittau<br \/>\n27.03. \u00a0\u00a0 Friedenspanzer in Wei\u00dfwasser<br \/>\n28.03. \u00a0\u00a0 Friedenskonferenz Wei\u00dfwasser (Bundestagsfraktion DIE LINKE)<br \/>\n03.04. \u00a0\u00a0 Aktionen an Grenzbr\u00fccken und Grenz\u00fcberg\u00e4ngen unter dem Motto:<\/p>\n<p style=\"text-align: center;\"><span style=\"color: #ff6600;\"><strong>&#8222;Macht die Oder-Nei\u00dfe-Grenze\/Linie dicht!&#8220; oder &#8222;Nicht in unserem Namen&#8220;<\/strong><\/span><br \/>\n<span style=\"color: #ff6600;\"><strong>als Zeichen nach Russland, dass nicht alle Deutschen der NATO-Osterweiterung und dem S\u00e4belrasseln zustimmen\u00a0<\/strong><\/span><span style=\"color: #ff6600;\"><strong>(Orte: Forst, Guben, Frankfurt\/Oder, Bad Muskau, G\u00f6rlitz)<\/strong><\/span><\/p>\n<p>06.04. \u00a0\u00a0 Friedensmahnwache Cottbus mit Friedenspanzer<br \/>\n07.04. \u00a0\u00a0 Friedenspanzer in Forst<br \/>\n08.04. \u00a0\u00a0 Friedenspanzer in L\u00fcbben\/Luckau<br \/>\n09.04. \u00a0\u00a0 Friedenspanzer in Bautzen (vormittags) \/ Frankenberg (nachmittags)<br \/>\n13.04. \u00a0\u00a0 Friedensmarsch in Cottbus mit Friedenspanzer<br \/>\n14.04. \u00a0\u00a0 Friedenspanzer in Spremberg<br \/>\n25.04. \u00a0\u00a0 ElbeDay in Torgau mit gemeinsamer Anreise aus der Lausitz<br \/>\n07.05. \u00a0\u00a0 \u00d6ffentliche Fraktionssitzung LT in G\u00f6rlitz<br \/>\n08.05. \u00a0\u00a0 dezentrale Veranstaltungen zum Tag der Befreiung im Raum Lausitz<br \/>\n08.05. \u00a0\u00a0 Friedensfest in Cottbus<\/p>\n<p style=\"text-align: center;\"><span style=\"color: #ff6600;\"><strong>Kontakt f\u00fcr weitere Infos, Nachfragen etc.: <a style=\"color: #ff6600;\" href=\"mailto:marko.schmidt@dielinke-sachsen.de\">Marko Schmidt ,\u00a0<\/a>Antonia Mertsching, Fraktion DIE LINKE. im S\u00e4chsischen Landtag,\u00a0Rosa-Luxemburg-Stra\u00dfe 17,\u00a002943 Wei\u00dfwasser, Tel.: 03576 216 28 93<\/strong><\/span><\/p>\n<p style=\"text-align: center;\">***<\/p>\n<p style=\"text-align: left;\"><strong><img loading=\"lazy\" decoding=\"async\" class=\"wp-image-597 alignleft\" src=\"https:\/\/stoppt-defender-2020.de\/wp-content\/uploads\/2020\/02\/Brandenburg-Mitmachen-300x226.png\" alt=\"\" width=\"175\" height=\"132\" srcset=\"https:\/\/stoppt-defender-2020.de\/wp-content\/uploads\/2020\/02\/Brandenburg-Mitmachen-300x226.png 300w, https:\/\/stoppt-defender-2020.de\/wp-content\/uploads\/2020\/02\/Brandenburg-Mitmachen-150x113.png 150w, https:\/\/stoppt-defender-2020.de\/wp-content\/uploads\/2020\/02\/Brandenburg-Mitmachen.png 333w\" sizes=\"auto, (max-width: 175px) 100vw, 175px\" \/><\/strong><\/p>\n<p>DIE LINKE\/LAG Kommunalpolitik Brandenburg schrieb Ende Januar:<br \/>\nF\u00fcr das US-Man\u00f6ver Defender 2020 mit diversen NATO-Beiman\u00f6vern werden die ersten Truppentransporte in der kommenden Woche in Brandenburg erwartet. In diesem Zusammenhang sind nicht nur Anfragen an die Kommunalverwaltungen und Antr\u00e4ge zur St\u00e4rkung von Frieden und Abr\u00fcstung empfehlenswert, sondern auch das Sammeln von Informationen. Dazu brauchen wir Eure Unters<span class=\"text_exposed_show\">t\u00fctzung!<br \/>\n<\/span><strong>Bitte schreibt uns:<\/strong><br \/>\n1. Wo und wann ihr Milit\u00e4rtransporte auf Stra\u00dfen und Schienen gesichtet habt!<br \/>\n2. Welche Beeintr\u00e4chtigungen (z.B. Versp\u00e4tungen, L\u00e4rm) damit verbunden waren!<br \/>\n3. Welche Sch\u00e4den (z.B. an Stra\u00dfen, Br\u00fccken oder B\u00e4umen) mit den Transporten verbunden waren, und dokumentiert<br \/>\n4. gerne auch mit Fotos alles dazu was Ihr k\u00f6nnt!<\/p>\n<p style=\"text-align: center;\"><span style=\"color: #ff6600;\"><strong>Eure Infos und Fotos, deren Weiterverwendung ihr mit dem Abschicken zustimmt, schickt bitte an: anti-defender2020@mail.de oder direkt an stop-defender2020@dielinke-brandenburg.de<\/strong><\/span><\/p>\n<p style=\"text-align: center;\"><strong>Danke f\u00fcr Eure Unterst\u00fctzung!<\/strong><br \/>\n<strong>Truppentransporte sind kein Beitrag zum Frieden,<br \/>\nsondern Teil einer milit\u00e4rischen Aufw\u00e4rtsspirale.<\/strong><\/p>\n<h6 style=\"text-align: center;\"><strong>***<\/strong><\/h6>\n<p><img loading=\"lazy\" decoding=\"async\" class=\"alignnone wp-image-607\" src=\"https:\/\/stoppt-defender-2020.de\/wp-content\/uploads\/2020\/02\/02022020-Cottbus-300x225.jpg\" alt=\"\" width=\"228\" height=\"171\" srcset=\"https:\/\/stoppt-defender-2020.de\/wp-content\/uploads\/2020\/02\/02022020-Cottbus-300x225.jpg 300w, https:\/\/stoppt-defender-2020.de\/wp-content\/uploads\/2020\/02\/02022020-Cottbus-1024x768.jpg 1024w, https:\/\/stoppt-defender-2020.de\/wp-content\/uploads\/2020\/02\/02022020-Cottbus-150x113.jpg 150w, https:\/\/stoppt-defender-2020.de\/wp-content\/uploads\/2020\/02\/02022020-Cottbus-768x576.jpg 768w, https:\/\/stoppt-defender-2020.de\/wp-content\/uploads\/2020\/02\/02022020-Cottbus-1536x1152.jpg 1536w, https:\/\/stoppt-defender-2020.de\/wp-content\/uploads\/2020\/02\/02022020-Cottbus.jpg 1728w\" sizes=\"auto, (max-width: 228px) 100vw, 228px\" \/> <img loading=\"lazy\" decoding=\"async\" class=\"alignnone size-medium wp-image-608\" src=\"https:\/\/stoppt-defender-2020.de\/wp-content\/uploads\/2020\/02\/30022020-Cottbus-300x169.jpg\" alt=\"\" width=\"300\" height=\"169\" srcset=\"https:\/\/stoppt-defender-2020.de\/wp-content\/uploads\/2020\/02\/30022020-Cottbus-300x169.jpg 300w, https:\/\/stoppt-defender-2020.de\/wp-content\/uploads\/2020\/02\/30022020-Cottbus-150x84.jpg 150w, https:\/\/stoppt-defender-2020.de\/wp-content\/uploads\/2020\/02\/30022020-Cottbus.jpg 716w\" sizes=\"auto, (max-width: 300px) 100vw, 300px\" \/><\/p>\n<p>Fotos: ATTAC Cottbus &amp;\u00a0<span class=\"fwn fcg\"><span class=\"fwb fcg\" data-ft=\"{&quot;tn&quot;:&quot;;&quot;}\">Birgit Kaufhold,\u00a0<\/span><\/span>Kundgebung\/Demo am Donnerstag, den 30. Januar ab 16 Uhr am Hauptbahnhof Cottbus * Infos\/Kontakt <a href=\"https:\/\/www.dielinke-brandenburg.de\/nc\/politik\/presse\/detail\/news\/panzer-schaffen-keinen-frieden\/\">DIE LINKE BRANDENBURG<\/a><\/p>\n<h6 style=\"text-align: center;\"><strong><span style=\"color: #ff6600;\"><img loading=\"lazy\" decoding=\"async\" class=\"alignnone size-medium wp-image-484\" src=\"https:\/\/stoppt-defender-2020.de\/wp-content\/uploads\/2020\/01\/30012020-Plakat-Demo-Cottbus-212x300.jpg\" alt=\"\" width=\"212\" height=\"300\" srcset=\"https:\/\/stoppt-defender-2020.de\/wp-content\/uploads\/2020\/01\/30012020-Plakat-Demo-Cottbus-212x300.jpg 212w, https:\/\/stoppt-defender-2020.de\/wp-content\/uploads\/2020\/01\/30012020-Plakat-Demo-Cottbus-106x150.jpg 106w, https:\/\/stoppt-defender-2020.de\/wp-content\/uploads\/2020\/01\/30012020-Plakat-Demo-Cottbus.jpg 680w\" sizes=\"auto, (max-width: 212px) 100vw, 212px\" \/><\/span><\/strong><\/h6>\n<h4><strong>Presse:<\/strong><\/h4>\n<p>03.03.2020, Rathenow 24: Schie\u00df\u00fcbungen f\u00fcr den Truppen\u00fcbungsplatz Klietz. <a href=\"https:\/\/www.rathenow24.de\/newsleser\/truppenuebungsplatz-klietz-schiesswarnungen-im-maerz-14167.html?fbclid=IwAR34jDoUmdgqsBJlJO0h4yj1Z7suVNwXBevj3iCFjsZ59O6_vk9k07CeyiQ\">Zu den Terminen<\/a>.<\/p>\n<p>03.03.2020, LR-Online: Zug mit US-Panzern in Cottbus gesichtet . <a href=\"https:\/\/www.lr-online.de\/lausitz\/cottbus\/defender-2020-zug-mit-us-panzern-in-cottbus-gesichtet-44271909.html?fbclid=IwAR37s8JQEgUeP-8hRmgute3w4WWuV7-Xqt4JKyf9W5zZbq_Kh3lZaBvvoBg\">Zum Artikel<\/a>.<\/p>\n<p>03.03.2020, Bernau-Live.de: <a href=\"https:\/\/bernau-live.de\/bundeswehr-mit-kurzzeitigem-zwischenstopp-in-bernau\/?fbclid=IwAR1fZj5RdQZrXItU0_t8xezLEQQ53KzBAuu9M1yNGDFV0c80Q78Jq66VNcI\">Bundeswehr mit kurzzeitigem Zwischenstopp in Bernau<\/a>.<\/p>\n<p>02.03.2020, MOZ.de:<\/p>\n<p>\u201eDie Stadtfraktion der Linken hat die f\u00fcr April und Mai angek\u00fcndigte Gro\u00df\u00fcbung des B\u00fcndnisses, die den Titel &#8222;Defender Europe 20&#8220; tr\u00e4gt, zum Anlass genommen, bei der Eberswalder Rathausspitze nachzufragen: Was ist f\u00fcr dem Fall geplant, dass die Milit\u00e4rtransporte die Autobahn verlassen und durch Eberswalde geleitet werden m\u00fcssen? Sind die Bahnhofsbr\u00fccke, die Br\u00fccke an der Stadtschleuse und die Wassertorbr\u00fccke f\u00fcr solche Schwerlasttransporte geeignet?\u201c <a href=\"https:\/\/www.moz.de\/artikel-ansicht\/dg\/0\/1\/1788433\/?fbclid=IwAR3Sex1p_e7pj4SpyVRDf6d_fwAg4CrN6rFLDvWcdQBa888ieAHAvpowjJI\">Zum Artikel<\/a>.<\/p>\n<p>27.02.2020, Tagesspiegel: <a href=\"https:\/\/www.tagesspiegel.de\/berlin\/truppenmanoever-defender-2020-brandenburg-wird-zum-nato-camp\/25586362.html?fbclid=IwAR3u-QJk7CR5xMua-IErIHciV66Yu82lQYSLmknynI9FbX8CGb1TTbQ7b18\">Brandenburg wird zum NATO-Camp<\/a>.<\/p>\n<p>30.01.2020, Nordkurier: <a href=\"https:\/\/www.nordkurier.de\/ueckermuende\/torgelow-wird-fuer-us-soldaten-mehr-als-eine-durchgangsstation-3038263301.html\">Torgelow wird f\u00fcr US-Soldaten mehr als eine Durchgangsstation. Zur Verlegung von US-Soldaten zur Gro\u00df\u00fcbung \u201eDefender Europe 2020\u201c sind inzwischen neue Details bekannt, welche Rolle der Bundeswehr-Standort Torgelow \u00fcbernimmt. 30 Soldaten vom US-Kommando werden dort monatelang stationiert.<\/a><\/p>\n<p>30.01.2020, S\u00fcddeutsche Zeitung: <a href=\"https:\/\/www.sueddeutsche.de\/politik\/verteidigung-ministerium-a20-behelfsbruecke-fuer-nato-manoever-gewappnet-dpa.urn-newsml-dpa-com-20090101-200130-99-696603\">Ministerium: A20-Behelfsbr\u00fccke f\u00fcr Nato-Man\u00f6ver gewappnet<\/a><\/p>\n<p><span class=\"titletext\"><time class=\"archivedisclaimer\" datetime=\"2020-01-14T17:02\">14.01.2020, RBB:\u00a0<\/time><a href=\"https:\/\/www.rbb24.de\/studiocottbus\/politik\/2020\/01\/us-armee-truppen-grossuebung-osteuropa-defender-bundeswehr-lausitz-nato.html\">USA verlegen tausende Soldaten \u00fcber Brandenburg ins Baltikum.<\/a><\/span><\/p>\n<p>&nbsp;<\/p>\n<h4><strong>Milit\u00e4risches:<\/strong><\/h4>\n<p>F\u00fcr Anfragen und weitere Informationen kann auch das Landeskommando der Bundeswehr angefragt werden:<\/p>\n<p><img loading=\"lazy\" decoding=\"async\" class=\"alignnone size-full wp-image-999\" src=\"https:\/\/stoppt-defender-2020.de\/wp-content\/uploads\/2020\/02\/Brandenburg.png\" alt=\"\" width=\"1022\" height=\"168\" srcset=\"https:\/\/stoppt-defender-2020.de\/wp-content\/uploads\/2020\/02\/Brandenburg.png 1022w, https:\/\/stoppt-defender-2020.de\/wp-content\/uploads\/2020\/02\/Brandenburg-300x49.png 300w, https:\/\/stoppt-defender-2020.de\/wp-content\/uploads\/2020\/02\/Brandenburg-150x25.png 150w, https:\/\/stoppt-defender-2020.de\/wp-content\/uploads\/2020\/02\/Brandenburg-768x126.png 768w\" sizes=\"auto, (max-width: 1022px) 100vw, 1022px\" \/><\/p>\n<h4 style=\"text-align: left;\"><strong>Friedensbewegung:<\/strong><\/h4>\n<p>Bereits in der letzten Woche wurden am Bahnhof Cottbus erste Schienentransporte mit gepanzerten Fahrzeugen beobachtet. Deshalb ruft DIE LINKE. Brandenburg f\u00fcr<\/p>\n<p><a href=\"https:\/\/www.dielinke-brandenburg.de\/nc\/politik\/termine\/detail-landesverband\/news\/kundgebung-defend-peace-stop-defender-2020\/\"><strong>Donnerstag, 30. Januar 2020, 16 Uhr<br \/>\nauf dem Vorplatz des Cottbuser Hauptbahnhofs<\/strong><\/a><\/p>\n<p>zu einer Protestkundgebung unter dem Motto\u00a0<em>&#8222;Defend Peace \u2013 Stop Defender 2020&#8220;<\/em>\u00a0auf. Diese Kundgebung wird der Auftakt zu vielf\u00e4ltigen und kreativen Protesten sein, mit denen wir das Man\u00f6ver und die Truppentransporte in den kommenden Wochen begleiten werden.<\/p>\n<p>Zum <a href=\"https:\/\/www.t-online.de\/region\/id_87251864\/linke-protestieren-gegen-us-manoever-defender-.html\">Pressebericht<\/a> der Veranstaltung:<\/p>\n<p>&#8222;150 Menschen protestierten gegen Defender2020&#8220;<\/p>\n","protected":false},"excerpt":{"rendered":"<p>Hier eine \u00dcbersicht \u00fcber die anstehenden Aktionen &amp; Veranstaltungen in der Region Lausitz: 09.03. \u00a0\u00a0 Kundgebung Frieden statt Krieg 11:00 Uhr in Zittau 27.03. \u00a0\u00a0 Friedenspanzer in Wei\u00dfwasser 28.03. \u00a0\u00a0 Friedenskonferenz Wei\u00dfwasser (Bundestagsfraktion DIE LINKE) 03.04. \u00a0\u00a0 Aktionen an Grenzbr\u00fccken und Grenz\u00fcberg\u00e4ngen unter dem Motto: &#8222;Macht die Oder-Nei\u00dfe-Grenze\/Linie dicht!&#8220; oder &#8222;Nicht in unserem Namen&#8220; als [&hellip;]<\/p>\n","protected":false},"author":3,"featured_media":0,"parent":0,"menu_order":0,"comment_status":"closed","ping_status":"closed","template":"","meta":{"footnotes":""},"class_list":["post-151","page","type-page","status-publish","hentry"],"_links":{"self":[{"href":"https:\/\/stoppt-defender-2020.de\/index.php\/wp-json\/wp\/v2\/pages\/151","targetHints":{"allow":["GET"]}}],"collection":[{"href":"https:\/\/stoppt-defender-2020.de\/index.php\/wp-json\/wp\/v2\/pages"}],"about":[{"href":"https:\/\/stoppt-defender-2020.de\/index.php\/wp-json\/wp\/v2\/types\/page"}],"author":[{"embeddable":true,"href":"https:\/\/stoppt-defender-2020.de\/index.php\/wp-json\/wp\/v2\/users\/3"}],"replies":[{"embeddable":true,"href":"https:\/\/stoppt-defender-2020.de\/index.php\/wp-json\/wp\/v2\/comments?post=151"}],"version-history":[{"count":33,"href":"https:\/\/stoppt-defender-2020.de\/index.php\/wp-json\/wp\/v2\/pages\/151\/revisions"}],"predecessor-version":[{"id":1179,"href":"https:\/\/stoppt-defender-2020.de\/index.php\/wp-json\/wp\/v2\/pages\/151\/revisions\/1179"}],"wp:attachment":[{"href":"https:\/\/stoppt-defender-2020.de\/index.php\/wp-json\/wp\/v2\/media?parent=151"}],"curies":[{"name":"wp","href":"https:\/\/api.w.org\/{rel}","templated":true}]}}