{"id":165,"date":"2020-01-06T10:02:50","date_gmt":"2020-01-06T09:02:50","guid":{"rendered":"https:\/\/stoppt-defender-2020.de\/?page_id=165"},"modified":"2020-03-12T14:00:01","modified_gmt":"2020-03-12T13:00:01","slug":"def20-in-bremen-niedersachsen","status":"publish","type":"page","link":"https:\/\/stoppt-defender-2020.de\/index.php\/def20-in-bremen-niedersachsen\/","title":{"rendered":"DEF20 IN BREMEN\/NIEDERSACHSEN"},"content":{"rendered":"<p><strong>Intro\/Update:<\/strong><\/p>\n<h4 style=\"text-align: center;\">Nein zu Kriegsman\u00f6vern! Stopp Defender 2020\/Friedensdemo in Bremerhaven<\/h4>\n<p style=\"text-align: center;\">Friedensdemo der Bremerhavener Initiative Mut zum Frieden und des Bremer Friedensforums, mit Unterst\u00fctzung von DFG-VK, VVN-BdA, Die Linke u.a.<br \/>\n<span style=\"color: #ff0000;\"><strong>am Samstag, 22. Februar 2020<\/strong><\/span><br \/>\nStart um 11 Uhr an der Gro\u00dfen Kirche, B\u00fcrgermeister-Smidt-Stra\u00dfe 45<br \/>\nAbschlusskundgebung am Zolltor Roter Sand<\/p>\n<p>Der Termin ist im Hinblick darauf gew\u00e4hlt, dass in mehreren Zeitungen f\u00fcr diesen Tag die Anlandung von Kriegsger\u00e4t in Bremerhaven angek\u00fcndigt war.<br \/>\n<a href=\"https:\/\/www.bremerfriedensforum.de\/pdf\/antidef20_aufruf_bremerhaven.pdf\">Bitte das Flugblatt weiterverbreiten und f\u00fcr die Demonstration werben.\u00a0<\/a><\/p>\n<p><img loading=\"lazy\" decoding=\"async\" class=\"size-medium wp-image-819 aligncenter\" src=\"https:\/\/stoppt-defender-2020.de\/wp-content\/uploads\/2020\/02\/DEF20-in-Stuttgart-300x65.jpg\" alt=\"\" width=\"300\" height=\"65\" srcset=\"https:\/\/stoppt-defender-2020.de\/wp-content\/uploads\/2020\/02\/DEF20-in-Stuttgart-300x65.jpg 300w, https:\/\/stoppt-defender-2020.de\/wp-content\/uploads\/2020\/02\/DEF20-in-Stuttgart-1024x223.jpg 1024w, https:\/\/stoppt-defender-2020.de\/wp-content\/uploads\/2020\/02\/DEF20-in-Stuttgart-150x33.jpg 150w, https:\/\/stoppt-defender-2020.de\/wp-content\/uploads\/2020\/02\/DEF20-in-Stuttgart-768x167.jpg 768w, https:\/\/stoppt-defender-2020.de\/wp-content\/uploads\/2020\/02\/DEF20-in-Stuttgart.jpg 1052w\" sizes=\"auto, (max-width: 300px) 100vw, 300px\" \/><\/p>\n<p><strong>Presse:<\/strong><\/p>\n<p>04.03.2020, Anzeiger-Verlag: <a href=\"https:\/\/www.anzeiger-verlag.de\/osterholz\/artikel\/voice-over-piano-gab-konzert-fuer-defender-2020-lager?fbclid=IwAR3AdF-IsdcIm8zQAlXWuxPOE7plr62ueWJpdzXSYlFPf-iMdoB27OjchKc\">Voice over piano gab Konzert f\u00fcr Defender-2020-Lager<\/a><\/p>\n<p>02.03.2020, NWZ-Online:<\/p>\n<p>Als letzter Truppentransporter hat das amerikanische Frachtschiff \u201eGreen Lake\u201c am fr\u00fchen Sonntagmorgen Bremerhaven erreicht. Schon wenig sp\u00e4ter wurde das erste milit\u00e4rische Ger\u00e4t von Bord geholt: Schwere und vor allem gel\u00e4ndeg\u00e4ngige Lkw in Tarnfarbe. Vor der \u201eGreen Lake\u201c hatte man in Bremerhaven, wie berichtet, bereits zwei weitere Truppentransporter entladen. <a href=\"https:\/\/www.nwzonline.de\/bremen\/bremerhaven-grossuebung-defender-europe-20-letzter-us-truppentransporter-erreicht-bremerhaven_a_50,7,2010413970.html#disqus_thread\">Zum Artikel<\/a>.<\/p>\n<p>12.02.2020:<a href=\"https:\/\/www.ndr.de\/fernsehen\/sendungen\/hallo_niedersachsen\/Vorbereitungen-in-der-Heide-fuer-US-Manoever,hallonds56838.html?fbclid=IwAR3Ynunx2xvm3L0_pmrsuqREYPHrygBQy5IYQtfDJ5kO5CG5xZTQO7qT0SI\"> Vorbereitungen in der Heide f\u00fcr das US-Man\u00f6ver\u00a0<\/a><\/p>\n<p>23.01.2020 buten un binnen: <a href=\"https:\/\/www.butenunbinnen.de\/nachrichten\/kurz-notiert\/defender-army-garlstedt-100.html\">Nato-Milit\u00e4r\u00fcbung: In Garlstedt stehen Zelte f\u00fcr 2.000 US-Soldaten<\/a> , <a href=\"https:\/\/www.weser-kurier.de\/region\/delmenhorster-kurier_artikel,-rueckkehr-zum-alten-standort-_arid,1899302.html\">800 Soldaten leben in Garlstedt<\/a><\/p>\n<p>20.01.2020 HAZ: <a href=\"https:\/\/www.haz.de\/Hannover\/Aus-der-Stadt\/Nato-Uebung-Defender-Europe-mit-37.000-Soldaten-auch-in-Bergen-wird-trainiert\">Gro\u00dfe Nato-\u00dcbung mit 37.000 Soldaten \u2013 auch in Bergen wird trainiert<\/a><\/p>\n<p>16.01.2020 NWZ online: <a href=\"https:\/\/www.nwzonline.de\/bremerhaven\/berlin-bremerhaven-nato-uebung-defender-europe-2020-bremerhaven-wird-drehscheibe-fuer-us-militaer_a_50,6,4177272121.html\">Bremerhaven wird Drehscheibe f\u00fcr US-Milit\u00e4r<\/a><\/p>\n<p>14.01.2020: <a href=\"https:\/\/www.butenunbinnen.de\/nachrichten\/gesellschaft\/defender-europe-militaer-uebung-bremerhaven-100.html?fbclid=IwAR0fDqpd2yeJ5L2o1vy6CNMBeH6E7eMx8WlohN690QIn_Erwqi3ofXjM7wc\">Milit\u00e4r probt den Ernstfall<\/a><\/p>\n<p>&nbsp;<\/p>\n<p><strong>Milit\u00e4risches:<\/strong><\/p>\n<p><a href=\"https:\/\/www.bundeswehr.de\/de\/organisation\/streitkraeftebasis\/aktuelles\/ein-stueck-heimat-fuer-us-defender-europe-2020-173508\"><img loading=\"lazy\" decoding=\"async\" class=\" wp-image-491 aligncenter\" src=\"https:\/\/stoppt-defender-2020.de\/wp-content\/uploads\/2020\/01\/Garlstedt-welcomes-300x172.jpg\" alt=\"\" width=\"330\" height=\"189\" srcset=\"https:\/\/stoppt-defender-2020.de\/wp-content\/uploads\/2020\/01\/Garlstedt-welcomes-300x172.jpg 300w, https:\/\/stoppt-defender-2020.de\/wp-content\/uploads\/2020\/01\/Garlstedt-welcomes-150x86.jpg 150w, https:\/\/stoppt-defender-2020.de\/wp-content\/uploads\/2020\/01\/Garlstedt-welcomes-768x440.jpg 768w, https:\/\/stoppt-defender-2020.de\/wp-content\/uploads\/2020\/01\/Garlstedt-welcomes.jpg 799w\" sizes=\"auto, (max-width: 330px) 100vw, 330px\" \/><\/a><\/p>\n<p style=\"text-align: center;\">&#8222;Ein St\u00fcck Heimat f\u00fcr US DEFENDER Europe 2020. Die Streitkr\u00e4ftebasis ist auf die Ankunft der Verb\u00fcndeten von US DEFENDER Europe 2020 vorbereitet.&#8220;<\/p>\n<ul>\n<li><strong class=\"breadscroller__item-active\" title=\"Gro\u00df\u00fcbung Defender \u2013 Die Vorbereitung l\u00e4uft auf Hochtouren\">Bundeswehr Video: <\/strong><a href=\"https:\/\/www.bundeswehr.de\/de\/aktuelles\/mediathek\/grossuebung-defender-die-vorbereitung-laeuft-auf-hochtouren-173360\">Gro\u00df\u00fcbung Defender \u2013 Die Vorbereitung l\u00e4uft auf Hochtouren<\/a><\/li>\n<li><strong>Truppen\u00fcbungsplatz Bergen<\/strong> <a href=\"https:\/\/de.wikipedia.org\/wiki\/Truppen%C3%BCbungsplatz_Bergen?fbclid=IwAR2Pah5JaJw0B6Iw8gzsaV9TP4GCkH-_PZH9YkbX_ZwlvER0e1Bi1rptUfM\">Infos auf Wikipedia<\/a><\/li>\n<\/ul>\n<p>&nbsp;<\/p>\n<p><strong>Friedensbewegung:<\/strong><\/p>\n<ul>\n<li><strong>Warum wir Frieden und gute Nachbarschaft mit Russland brauchen<\/strong><br \/>\nDie Veranstaltung mit Claudia Haydt im DGB-Haus in\u00a0<a class=\"_58cn\" href=\"https:\/\/www.facebook.com\/hashtag\/bremen?epa=HASHTAG\" data-ft=\"{&quot;type&quot;:104,&quot;tn&quot;:&quot;*N&quot;}\">#Bremen<\/a> hat begonnen. Der Saal ist voll.<br \/>\n&#8222;Wer derart provoziert mit den\u00a0<a class=\"_58cn\" href=\"https:\/\/www.facebook.com\/hashtag\/defender?epa=HASHTAG\" data-ft=\"{&quot;type&quot;:104,&quot;tn&quot;:&quot;*N&quot;}\">#Defender<\/a>-Man\u00f6vern provoziert Reaktionen. Wir m\u00fcssen dieser Entwicklung zum Krieg entgegentreten&#8230; Milit\u00e4r kann keine L\u00f6sung der Probleme weltweit sein&#8230;&#8220;Siehe auch:\u00a0<a href=\"http:\/\/www.imi-online.de\/2019\/11\/22\/der-krieg-und-seine-logistik-defender-2020\/?fbclid=IwAR3KuLUOkNMHRZXXCzuwqqQNowA1qYHU2iJYoOymBWD51ip73FcNL3E5ORc\" target=\"_blank\" rel=\"nofollow noopener noreferrer\" data-lynx-mode=\"asynclazy\" data-lynx-uri=\"https:\/\/l.facebook.com\/l.php?u=http%3A%2F%2Fwww.imi-online.de%2F2019%2F11%2F22%2Fder-krieg-und-seine-logistik-defender-2020%2F%3Ffbclid%3DIwAR3KuLUOkNMHRZXXCzuwqqQNowA1qYHU2iJYoOymBWD51ip73FcNL3E5ORc&amp;h=AT1xDhan8Pcj6Kw851_P2jQPZownYR21fnJSIR2IykikopZqve1vOfhxVjOyVlLm8qy9Vd2YziFZ3aiZz83PJaD2aWTMJeOtvugoZ0qMv1pz_cQV_sGA4iia-AgNOrFSk7bz_1oqCw\">http:\/\/www.imi-online.de\/<wbr \/>2019\/11\/22\/<wbr \/>der-krieg-und-seine-logisti<wbr \/>k-defender-2020\/<\/a><a href=\"https:\/\/www.bremerfriedensforum.de\/1222\/aktuelles\/Warum-Defender-20-den-Wunsch-nach-Frieden-und-guter-Nachbarschaft-mit-Russland-boykottiert\/?fbclid=IwAR2S2KyI5X5Kc6rIxQxvJBEZmQVyFOv0P54B82RhjbXZyX2cy3CJJmG-Qso\" target=\"_blank\" rel=\"nofollow noopener noreferrer\" data-lynx-mode=\"asynclazy\" data-lynx-uri=\"https:\/\/l.facebook.com\/l.php?u=https%3A%2F%2Fwww.bremerfriedensforum.de%2F1222%2Faktuelles%2FWarum-Defender-20-den-Wunsch-nach-Frieden-und-guter-Nachbarschaft-mit-Russland-boykottiert%2F%3Ffbclid%3DIwAR2S2KyI5X5Kc6rIxQxvJBEZmQVyFOv0P54B82RhjbXZyX2cy3CJJmG-Qso&amp;h=AT1aHy9jLX8T5ST7QoDv8Z58lfG5qp_ELlnxIvomVdZoFXtmOZ_bXJTZ-BuK4ziAz4jaGgDnwbDYQRsvB3_ViTEqS6E1Mv5kl9MJ2UNozznoE9_nEYQ43Gl7HALDsbJ4IYcaFUFSEw\">https:\/\/<wbr \/>www.bremerfriedensforum.de\/<wbr \/>1222\/aktuelles\/<wbr \/>Warum-Defender-20-den-Wunsc<wbr \/>h-nach-Frieden-und-guter-N<wbr \/>achbarschaft-mit-Russland-<wbr \/>boykottiert\/<\/a>https:\/\/www.bremerfriedensforum.de\/1225\/aktuelles\/Frieden-bekommt-man-nur-wenn-man-redet-redet-redet%EF%BF%BD\/?fbclid=IwAR08tlzIkQUWz0rf06p4W6DUZ1fHH4t3ape-TZMsLW8XUphzHSV5-uE3DLw<\/li>\n<li>(21.01.2020) <a href=\"https:\/\/www.linksfraktion-hannover.de\/nc\/presse\/detail\/news\/manoever-defender-2020keine-unterstuetzung-durch-hannover\/\">Ratsfraktion DIE LINKE: &#8222;Man\u00f6ver Defender 2020\/Keine Unterst\u00fctzung durch Hannover!&#8220;<\/a> (Zum Brief von AKK an die Oberb\u00fcrgermeister deutscher Gro\u00dfst\u00e4dte am 10. Januar 2020 &#8211; Doku folgt!))<\/li>\n<li>(15.01.2020) <strong>Friedensb\u00fcro Hannover e.V.:<\/strong> <a href=\"https:\/\/frieden-hannover.de\/was-ist-defender-2020\/?fbclid=IwAR0YoFRDuCA9U6KWlMEAwloAI7lVunQMBkGwQfifqK32D_vFLeovLJbC5MU\">Was ist Defender 2020?<\/a><\/li>\n<li>(15.01.2020) <strong>Lars Leopold, Landesvorsitzender der LINKEN Niedersachsen und die Bundestagsabgeordnete Pia Zimmermann<\/strong> zum<a href=\"https:\/\/www.dielinke-nds.de\/start\/aktuell\/detail\/news\/deutschland-probt-den-krieg0\/\"> Protest gegen DEF20: &#8222;Deutschland probt den Krieg&#8220;.<\/a><\/li>\n<li><strong>(07.01.2020) Hannover: Friedenspolitischer AK: Defender 2020.\u00a0Dienstag, 7. Januar 2020 19.00 im Pavillon.\u00a0<\/strong>Thema ist das NATO-Kriegsman\u00f6ver Defender 2020, das im Fr\u00fchjahr sich in und durch Niedersachsen bewegen wird. <a href=\"https:\/\/frieden-hannover.de\/friedenspolitischer-ak-defender-2020\/#more-2611\">Weiterlesen &#8230;<\/a><\/li>\n<li><strong>(03.01.2020) \u201eDefender 2020\u201c &#8211;\u00a0Osterholzer LINKE kritisiert Gro\u00dfman\u00f6ver\u00a0<\/strong>&#8230; Das Milit\u00e4r-Gro\u00dfman\u00f6ver \u201eDefender 2020\u201c und die Aufgaben der Garlstedter Kaserne stehen im Mittelpunkt der Kreisversammlung der Osterholzer LINKEN am Dienstag, 7. Januar. Das Treffen im Restaurant \u201eFidelio\u201c, Bahnhofstra\u00dfe 30, in Osterholz-Scharmbeck beginnt um 19 Uhr und ist \u00f6ffentlich.\u00a0Diskutiert werden soll auch dar\u00fcber, wie gemeinsam mit weiteren Friedenskr\u00e4ften Widerstand organisiert werden kann, wenn im Fr\u00fchjahr die Panzer durch den Landkreis rollen. <a href=\"https:\/\/www.anzeiger-verlag.de\/osterholz\/artikel\/defender-2020-osterholzer-linke-kritisiert-grossmanoever\">Weiterlesen &#8230;<\/a><\/li>\n<\/ul>\n<p>F\u00fcr weitere Informationen kann beim Landeskommando der Bundeswehr angefragt werden:<\/p>\n<p><img loading=\"lazy\" decoding=\"async\" class=\"alignnone size-full wp-image-973\" src=\"https:\/\/stoppt-defender-2020.de\/wp-content\/uploads\/2020\/02\/Niedersachsen.png\" alt=\"\" width=\"1018\" height=\"221\" srcset=\"https:\/\/stoppt-defender-2020.de\/wp-content\/uploads\/2020\/02\/Niedersachsen.png 1018w, https:\/\/stoppt-defender-2020.de\/wp-content\/uploads\/2020\/02\/Niedersachsen-300x65.png 300w, https:\/\/stoppt-defender-2020.de\/wp-content\/uploads\/2020\/02\/Niedersachsen-150x33.png 150w, https:\/\/stoppt-defender-2020.de\/wp-content\/uploads\/2020\/02\/Niedersachsen-768x167.png 768w\" sizes=\"auto, (max-width: 1018px) 100vw, 1018px\" \/><\/p>\n<p><img loading=\"lazy\" decoding=\"async\" class=\"alignnone size-full wp-image-974\" src=\"https:\/\/stoppt-defender-2020.de\/wp-content\/uploads\/2020\/02\/Bremen.png\" alt=\"\" width=\"1018\" height=\"170\" srcset=\"https:\/\/stoppt-defender-2020.de\/wp-content\/uploads\/2020\/02\/Bremen.png 1018w, https:\/\/stoppt-defender-2020.de\/wp-content\/uploads\/2020\/02\/Bremen-300x50.png 300w, https:\/\/stoppt-defender-2020.de\/wp-content\/uploads\/2020\/02\/Bremen-150x25.png 150w, https:\/\/stoppt-defender-2020.de\/wp-content\/uploads\/2020\/02\/Bremen-768x128.png 768w\" sizes=\"auto, (max-width: 1018px) 100vw, 1018px\" \/><\/p>\n","protected":false},"excerpt":{"rendered":"<p>Intro\/Update: Nein zu Kriegsman\u00f6vern! Stopp Defender 2020\/Friedensdemo in Bremerhaven Friedensdemo der Bremerhavener Initiative Mut zum Frieden und des Bremer Friedensforums, mit Unterst\u00fctzung von DFG-VK, VVN-BdA, Die Linke u.a. am Samstag, 22. Februar 2020 Start um 11 Uhr an der Gro\u00dfen Kirche, B\u00fcrgermeister-Smidt-Stra\u00dfe 45 Abschlusskundgebung am Zolltor Roter Sand Der Termin ist im Hinblick darauf gew\u00e4hlt, [&hellip;]<\/p>\n","protected":false},"author":3,"featured_media":0,"parent":0,"menu_order":0,"comment_status":"closed","ping_status":"closed","template":"","meta":{"footnotes":""},"class_list":["post-165","page","type-page","status-publish","hentry"],"_links":{"self":[{"href":"https:\/\/stoppt-defender-2020.de\/index.php\/wp-json\/wp\/v2\/pages\/165","targetHints":{"allow":["GET"]}}],"collection":[{"href":"https:\/\/stoppt-defender-2020.de\/index.php\/wp-json\/wp\/v2\/pages"}],"about":[{"href":"https:\/\/stoppt-defender-2020.de\/index.php\/wp-json\/wp\/v2\/types\/page"}],"author":[{"embeddable":true,"href":"https:\/\/stoppt-defender-2020.de\/index.php\/wp-json\/wp\/v2\/users\/3"}],"replies":[{"embeddable":true,"href":"https:\/\/stoppt-defender-2020.de\/index.php\/wp-json\/wp\/v2\/comments?post=165"}],"version-history":[{"count":29,"href":"https:\/\/stoppt-defender-2020.de\/index.php\/wp-json\/wp\/v2\/pages\/165\/revisions"}],"predecessor-version":[{"id":1265,"href":"https:\/\/stoppt-defender-2020.de\/index.php\/wp-json\/wp\/v2\/pages\/165\/revisions\/1265"}],"wp:attachment":[{"href":"https:\/\/stoppt-defender-2020.de\/index.php\/wp-json\/wp\/v2\/media?parent=165"}],"curies":[{"name":"wp","href":"https:\/\/api.w.org\/{rel}","templated":true}]}}