{"id":187,"date":"2020-01-06T10:29:10","date_gmt":"2020-01-06T09:29:10","guid":{"rendered":"https:\/\/stoppt-defender-2020.de\/?page_id=187"},"modified":"2020-03-13T10:44:29","modified_gmt":"2020-03-13T09:44:29","slug":"def20-in-sachsen","status":"publish","type":"page","link":"https:\/\/stoppt-defender-2020.de\/index.php\/def20-in-sachsen\/","title":{"rendered":"DEF20 IN SACHSEN"},"content":{"rendered":"<p style=\"text-align: right;\"><span style=\"color: #ff6600;\"><strong><img loading=\"lazy\" decoding=\"async\" class=\"size-medium wp-image-875 alignright\" src=\"https:\/\/stoppt-defender-2020.de\/wp-content\/uploads\/2020\/02\/A-Neus-Roter-Panzer-300x195.png\" alt=\"\" width=\"300\" height=\"195\" srcset=\"https:\/\/stoppt-defender-2020.de\/wp-content\/uploads\/2020\/02\/A-Neus-Roter-Panzer-300x195.png 300w, https:\/\/stoppt-defender-2020.de\/wp-content\/uploads\/2020\/02\/A-Neus-Roter-Panzer-150x97.png 150w, https:\/\/stoppt-defender-2020.de\/wp-content\/uploads\/2020\/02\/A-Neus-Roter-Panzer.png 522w\" sizes=\"auto, (max-width: 300px) 100vw, 300px\" \/><\/strong><\/span><\/p>\n<p style=\"text-align: left;\"><span style=\"color: #ff6600;\"><strong>Hier eine aktuelle \u00dcbersicht \u00fcber die anstehenden Aktionen &amp; Veranstaltungen in der Region Lausitz:<\/strong><\/span><\/p>\n<p>09.03. \u00a0\u00a0 Kundgebung Frieden statt Krieg 11:00 Uhr in Zittau<br \/>\n27.03. \u00a0\u00a0 Friedenspanzer in Wei\u00dfwasser<br \/>\n28.03. \u00a0\u00a0 Friedenskonferenz Wei\u00dfwasser (Bundestagsfraktion)<br \/>\n03.04. \u00a0\u00a0 Aktionen an Grenzbr\u00fccken und Grenz\u00fcberg\u00e4ngen unter dem Motto:<\/p>\n<p style=\"text-align: center;\"><span style=\"color: #ff6600;\"><strong>\u201eMacht die Oder-Nei\u00dfe-Grenze\/Linie dicht!&#8220; oder \u201eNicht in unserem Namen\u201c<\/strong><\/span><br \/>\n<span style=\"color: #ff6600;\"><strong>als Zeichen nach Russland, dass nicht alle Deutschen der NATO-Osterweiterung und dem S\u00e4belrasseln zustimmen <\/strong><\/span><\/p>\n<p style=\"text-align: center;\"><span style=\"color: #ff6600;\"><strong>(Orte: Forst, Guben, Frankfurt\/Oder, Bad Muskau, G\u00f6rlitz)<\/strong><\/span><\/p>\n<p>06.04. \u00a0\u00a0 Friedensmahnwache Cottbus mit Friedenspanzer<br \/>\n07.04. \u00a0\u00a0 Friedenspanzer in Forst<br \/>\n08.04. \u00a0\u00a0 Friedenspanzer in L\u00fcbben\/Luckau<br \/>\n09.04. \u00a0\u00a0 Friedenspanzer in Bautzen (vormittags) \/ Frankenberg (nachmittags)<br \/>\n13.04. \u00a0\u00a0 Friedensmarsch in Cottbus mit Friedenspanzer<br \/>\n14.04. \u00a0\u00a0 Friedenspanzer in Spremberg<br \/>\n25.04. \u00a0\u00a0 ElbeDay in Torgau mit gemeinsamer Anreise aus der Lausitz<br \/>\n07.05. \u00a0\u00a0 \u00d6ffentliche Fraktionssitzung LT in G\u00f6rlitz<br \/>\n08.05. \u00a0\u00a0 dezentrale Veranstaltungen zum Tag der Befreiung im Raum Lausitz<br \/>\n08.05. \u00a0\u00a0 Friedensfest in Cottbus<\/p>\n<p><strong>Kontakt f\u00fcr weitere Infos, Nachfragen etc.:\u00a0<a href=\"mailto:marko.schmidt@dielinke-sachsen.de\">Marko Schmidt,<\/a> Antonia Mertsching, Fraktion DIE LINKE. im S\u00e4chsischen Landtag,\u00a0Rosa-Luxemburg-Stra\u00dfe 17,\u00a002943 Wei\u00dfwasser, Tel.: 03576 216 28 93<\/strong><\/p>\n<p><strong>Update:<\/strong><\/p>\n<p>Russland: Wir werden auf \u201eDefender 2020\u201c reagieren<\/p>\n<p><strong>Friedensbewegung:<\/strong><\/p>\n<ul>\n<li>\n<div><strong>Protest gegen US-Konzert in Wei\u00dfwasser\u00a0<\/strong><\/div>\n<div>In Wei\u00dfwasser hat am Sonntag, den 08.03.2020 ein Konzert der US-Armee in der Eishalle stattgefunden. Eingeladen hatten die S\u00e4chsische Staatsregierung sowie die US-Streitkr\u00e4fte um mit dem Konzert &#8222;f\u00fcr Transparenz&#8220; zu sorgen. Zwar folgten viele B\u00fcrger*innen der Einladung, allerdings gab es vor den Toren der Halle Protest. Hier geht es zur Facebook-Seite der <a href=\"https:\/\/www.facebook.com\/mahnwachedd\/?hc_ref=ARRZq49JdZc14p07OR4tA4r6j_e4DIZ8pa7WbK-WEapnyohDkZ03D6z1X3y6Jy-w8Bg&amp;fref=nf&amp;hc_location=group\">Mahnwache f\u00fcr Frieden Dresden<\/a>, dort gibt es Fotos und einen Bericht.<\/div>\n<\/li>\n<li><a href=\"https:\/\/www.antidef20.de\/pressemeldung-vom-3-aktionstreffen-stopp-defender-2020-am-26-01-2020-in-leipzig\/\"><strong><span style=\"color: #ff6600;\">Vernetzungstreffen in Leipzig: 26. Januar\u00a02020<\/span><\/strong><\/a><\/li>\n<li><strong><span style=\"color: #ff6600;\">Aktions-Termin: &#8222;Elbe -Day 2020&#8220;<\/span> <\/strong>&#8211; Vor 75 Jahren, am 25. April 1945, fand auf den Elbwiesen in Lorenzkirch bei Strehla die erste Begegnung US-amerikanischer und sowjetischer Truppen auf deutschem Boden statt. (Weitere Infos folgen!)<\/li>\n<\/ul>\n<p><strong>Kommunales<\/strong><\/p>\n<ul>\n<li><strong>Schreiben des S\u00e4chsischen St\u00e4dte- und\u00a0Gemeindetages e.V.<\/strong> an die \u201eOberb\u00fcrgermeister\/innen der Kreisfreien St\u00e4dte und die Vorsitzenden der Kreisverb\u00e4nde des SSG\u00a0mdB um Weiterleitung an die Mitglieder des Kreisverbandes\u201c mit Infos zu DEF20:\u00a0<a href=\"https:\/\/stoppt-defender-2020.de\/wp-content\/uploads\/2020\/02\/sachsen_ssg_2020-01-28_us-defender2020.pdf\">sachsen_ssg_2020-01-28_us-defender2020<\/a><\/li>\n<\/ul>\n<p><strong>Presse:<\/strong><\/p>\n<ul>\n<li>05.03.2020: &#8222;Verlegung in Sachsen perfekt koordiniert&#8220;<a href=\"https:\/\/www.bundeswehr.de\/de\/organisation\/streitkraeftebasis\/aktuelles\/defender-europe-20-in-sachsen-truppentransporte-perfekt-koordiniert-201338?fbclid=IwAR3dDc_6YEMcfqmjWqk-i8kiz2iIUlqq0kQOliXd2IH2PFutdQsTep-JWO0\"> Zum Artikel<\/a>.<\/li>\n<li>04.03.2020: B\u00fcrgersprechstunden in Frankenberg und Wei\u00dfwasser geplant.\u00a0 <a href=\"https:\/\/www.n-tv.de\/regionales\/sachsen\/Fuer-US-Grossuebung-Militaerkonvois-rollen-durch-Sachsen-article21618868.html?fbclid=IwAR1RphKpCcCU517I7WXkTHO0KjQjW6438R11pz41sAKRcTJdDLjJ5tsn5uA\">Zum Artikel<\/a>.<\/li>\n<li>Ank\u00fcndigung f\u00fcr den 08.03.2020: <a href=\"https:\/\/www.weisswasser.de\/node\/6685?fbclid=IwAR3o-4_5XKcMEcw9fYCJteUIKsOvAQUcrySDs7DYGEgCXJrD5XBBvukGJhg\">Eisfreilauf mit Liveband und Ministerpr\u00e4sident in Wei\u00dfwasser<\/a><\/li>\n<li>04.03.2020: <a href=\"https:\/\/www.saechsische.de\/plus\/was-man-zur-grossuebung-defender-wissen-muss-5179463.html\">Was man zur Gro\u00df\u00fcbung Defender wissen muss (Sachsen)<\/a><\/li>\n<\/ul>\n<ul>\n<li>29.01.2020: <a href=\"https:\/\/lausitznews.de\/index.php\/artikel\/nato-uebung-us-defender-europe-2020_4238.html\">Die NATO f\u00fchrt im Zeitraum Januar bis September 2020 ihre milit\u00e4rische \u00dcbung \u00bbUS DEFENDER Europe 2020\u00ab durch.<\/a><\/li>\n<li><a href=\"https:\/\/aufstehen-dresden-umland.de\/29-01-2020-offnener-brief-an-alle-saechsischen-buergermeister-innen\/?fbclid=IwAR0s0pT4Lox2iViTGxSX1swgp2XAM-8lXs2TpZcH6kXc_Oe8rksz1y8YmyU\">29.01.2020: Offener Brief an die B\u00fcrgermeister*innen von Sachsen\u00a0<\/a><\/li>\n<li>20.01.2020: <a href=\"https:\/\/www.mdr.de\/sachsen\/bautzen\/bautzen-hoyerswerda-kamenz\/truppen-militaer-uebung-nochten-bundeswehr-100.html\">Erste Gro\u00df\u00fcbung des Jahres auf Truppen\u00fcbungsplatz Oberlausitz.<\/a><\/li>\n<li>14.01.2020: <a href=\"https:\/\/www.mdr.de\/sachsen\/militaerkolonnen-sachsen-nato-usa-grossuebung-osteuropa-102.html\">Ab kommender Woche rollen US-Milit\u00e4rkolonnen durch Sachsen.<\/a><\/li>\n<li>12.01.2020: <a href=\"https:\/\/www.blick.de\/sachsen\/die-ersten-panzer-von-defender-2020-sind-da-artikel10701055\">Die ersten Panzer von &#8222;Defender 2020&#8220; sind da. Gro\u00dfe US-Millit\u00e4r\u00fcbung mit 20.000 Soldaten schreitet voran.<\/a><\/li>\n<\/ul>\n<p>&nbsp;<\/p>\n<p><strong>DEF 20 &#8211; ein wichtiges Thema in der L\u00e4nderpolitik<\/strong><\/p>\n<p>(Rico Gebhardt, Linksfraktion Sachsen, 28.11.2019) \u201cFrieden sichern: Freistaat Sachsen nicht l\u00e4nger als Aufmarschgebiet von NATO-Kr\u00e4ften gegen Russland nutzen!, so hei\u00dft die \u00dcberschrift eines Antrages den die <a class=\"profileLink\" href=\"https:\/\/www.facebook.com\/linksfraktionsachsen\/?__tn__=K-R&amp;eid=ARAovoNXQ-bHRw8rrEuus7FuJ01okhab2JY98yIoVRWzfP4j1KX2foq8V_PzcsdA9ufTfgLTgeqIxL0C&amp;fref=mentions&amp;__xts__%5B0%5D=68.ARC6xSgpZVy6hw10WYheUcT4X64A22Hjel77l6UDlqydRhW99dFqG4zmPiGdTuV7BEZ8DfUjpZNZ7GJtNO2lHbCQMP9xGtS5dHLXfCj3Xhmu6065bseGARlkknSjEpsoVdWKgriq_c-7iROwjtiSLIV6kyRJLvt8T-e-JHTWEjr2CAw5wk9K6woAzO76cUP89fY063bMmUSmQmZ3kT57yK3ID618Mvx7a6qK7QtqAaOrr-7payHARvvrnPn0xGnBt5T9i8noR0OetxgdPersNcjXCrYVo3_4Fckav5yjTbjiRz5ZYarBYK7Q7Zow1l8MDNcOwEAOC7r7n-wM3lvyKq-xVw\" data-hovercard=\"\/ajax\/hovercard\/page.php?id=135005013192622&amp;extragetparams=%7B%22__tn__%22%3A%22%2CdK-R-R%22%2C%22eid%22%3A%22ARAovoNXQ-bHRw8rrEuus7FuJ01okhab2JY98yIoVRWzfP4j1KX2foq8V_PzcsdA9ufTfgLTgeqIxL0C%22%2C%22fref%22%3A%22mentions%22%7D\" data-hovercard-prefer-more-content-show=\"1\">Linksfraktion Sachsen<\/a> in den S\u00e4chsischen Landtag eingebracht hat.\u00a0In der Begr\u00fcndung hei\u00dft es unter anderem: Die Streitkr\u00e4fte der USA wollen mit Beteiligung anderer NATO-Staaten und der Bundeswehr im Fr\u00fchjahr 2020 die Durchf\u00fchrung eines milit\u00e4rischen Gro\u00dfman\u00f6vers mit der Bezeichnung \u201aDEFENDER 2020\u2018 (DEF 20) abhalten.<\/p>\n<div class=\"text_exposed_show\">\n<p>DEF20 ist ein milit\u00e4risches Gro\u00dfman\u00f6ver unter Beteiligung vieler europ\u00e4ischer Staaten, dass es in der dieser Gr\u00f6\u00dfenordnung seit 25 Jahren nicht mehr gegeben hat.\u00a0Mit DEF 20 soll unter Beweis gestellt werden, dass es m\u00f6glich ist, in kurzer Zeit gro\u00dfe Mengen an Panzern und Soldaten quer durch Europa an die russische Grenze zu transportieren.\u00a0Nach Auffassung der Fraktion DIE LINKE d\u00fcrfen die ostdeutschen Bundesl\u00e4nder im Allgemeinen, der Freistaat Sachsen im Besonderen, nach den v\u00f6lkerrechtlichen Vereinbarungen in dem am 12. November 1990 geschlossen \u201eVertrag \u00fcber die abschlie\u00dfende Regelung in Bezug auf Deutschland (Zwei-plus-Vier-Vertrag)\u201c kein Gebiet f\u00fcr milit\u00e4rische Aufm\u00e4rsche und Stationierungen f\u00fcr NATO-Kr\u00e4fte sein.\u00a0Dies gilt in besonders herausgehobener Weise dann umso mehr, wenn sich der Aufmarsch und die Gro\u00dfman\u00f6ver ganz offen und direkt gegen den Nachfolgestaat einer der Signatarstaaten, hier die Russische F\u00f6deration, richten.<\/p>\n<p>Vor diesem Hintergrund steht die Staatsregierung hier in der politischen Pflicht und Verantwortung gegen\u00fcber der Bundesregierung mit Nachdruck auf uneingeschr\u00e4nkte Geltung des \u201eZwei-plus-Vier-Vertrages\u201c und der sich daraus ergebenden v\u00f6lkerrechtlichen Konsequenzen f\u00fcr eine strikte Unterbindung der Nutzung des Territorium des Freistaates Sachsen f\u00fcr NATO-Truppen-Aufm\u00e4rsche, deren Stationierung und f\u00fcr derartige gro\u00df angelegte NATO-\u00dcbungen hinzuwirken.<\/p>\n<p><strong>Kleine Anfrage<\/strong> <a href=\"http:\/\/edas.landtag.sachsen.de\/viewer.aspx?dok_nr=135&amp;dok_art=Drs&amp;leg_per=7&amp;pos_dok=&amp;dok_id=259302\">\u201eMan\u00f6ver auf dem Truppen\u00fcbungsplatz Oberlausitz inklusive \u201eDefender 2020\u201c<\/a>\u00a0(Mirko Schultze, Fraktion DIE LINKE, 07.10.2019)<br \/>\n<strong>Antwort<\/strong> <a href=\"http:\/\/edas.landtag.sachsen.de\/viewer.aspx?dok_nr=135&amp;dok_art=Drs&amp;leg_per=7&amp;pos_dok=1&amp;dok_id=undefined\">der Landesregierung Sachsen<\/a> (06.11.2019); Nachfrage (19.11.2019) &amp; Antwort (19.12.2019) werden angezeigt, aber mit defektem Link. (DRS. 7\/569)<\/p>\n<\/div>\n<ul>\n<li><strong>Milit\u00e4risches:<\/strong><\/li>\n<\/ul>\n<p>\u201eMitte M\u00e4rz erreichen die US-Truppen der \u00dcbung DEFENDER-Europe 20 auch Sachsen. Rund 3.000 Soldaten und rund 1.500 Fahrzeuge bewegen sich dann durch den Freistaat und machen Rast bei der Bundeswehr. Das Landeskommando Sachsen, der Truppen\u00fcbungsplatz Oberlausitz, die Wettiner Kaserne und zivile s\u00e4chsische Beh\u00f6rden haben alles vorbereitet.\u201c<\/p>\n<p><a href=\"https:\/\/www.bundeswehr.de\/de\/organisation\/streitkraeftebasis\/aktuelles\/defender-europe-20-in-sachsen-truppentransporte-perfekt-koordiniert-201338?fbclid=IwAR3WJ7FzW_myo7K_OmTL3p-XUsYNtqwQlou2qfeArlynPQqnEu5LMmXRi9A\">Zum Artikel<\/a>.<\/p>\n<p>F\u00fcr weitere Informationen kann beim Landeskommando der Bundeswehr angefragt werden:<\/p>\n<p><img loading=\"lazy\" decoding=\"async\" class=\"alignnone size-full wp-image-965\" src=\"https:\/\/stoppt-defender-2020.de\/wp-content\/uploads\/2020\/02\/Sachsen.png\" alt=\"\" width=\"1017\" height=\"146\" srcset=\"https:\/\/stoppt-defender-2020.de\/wp-content\/uploads\/2020\/02\/Sachsen.png 1017w, https:\/\/stoppt-defender-2020.de\/wp-content\/uploads\/2020\/02\/Sachsen-300x43.png 300w, https:\/\/stoppt-defender-2020.de\/wp-content\/uploads\/2020\/02\/Sachsen-150x22.png 150w, https:\/\/stoppt-defender-2020.de\/wp-content\/uploads\/2020\/02\/Sachsen-768x110.png 768w\" sizes=\"auto, (max-width: 1017px) 100vw, 1017px\" \/><\/p>\n","protected":false},"excerpt":{"rendered":"<p>Hier eine aktuelle \u00dcbersicht \u00fcber die anstehenden Aktionen &amp; Veranstaltungen in der Region Lausitz: 09.03. \u00a0\u00a0 Kundgebung Frieden statt Krieg 11:00 Uhr in Zittau 27.03. \u00a0\u00a0 Friedenspanzer in Wei\u00dfwasser 28.03. \u00a0\u00a0 Friedenskonferenz Wei\u00dfwasser (Bundestagsfraktion) 03.04. \u00a0\u00a0 Aktionen an Grenzbr\u00fccken und Grenz\u00fcberg\u00e4ngen unter dem Motto: \u201eMacht die Oder-Nei\u00dfe-Grenze\/Linie dicht!&#8220; oder \u201eNicht in unserem Namen\u201c als Zeichen [&hellip;]<\/p>\n","protected":false},"author":3,"featured_media":0,"parent":0,"menu_order":0,"comment_status":"closed","ping_status":"closed","template":"","meta":{"footnotes":""},"class_list":["post-187","page","type-page","status-publish","hentry"],"_links":{"self":[{"href":"https:\/\/stoppt-defender-2020.de\/index.php\/wp-json\/wp\/v2\/pages\/187","targetHints":{"allow":["GET"]}}],"collection":[{"href":"https:\/\/stoppt-defender-2020.de\/index.php\/wp-json\/wp\/v2\/pages"}],"about":[{"href":"https:\/\/stoppt-defender-2020.de\/index.php\/wp-json\/wp\/v2\/types\/page"}],"author":[{"embeddable":true,"href":"https:\/\/stoppt-defender-2020.de\/index.php\/wp-json\/wp\/v2\/users\/3"}],"replies":[{"embeddable":true,"href":"https:\/\/stoppt-defender-2020.de\/index.php\/wp-json\/wp\/v2\/comments?post=187"}],"version-history":[{"count":37,"href":"https:\/\/stoppt-defender-2020.de\/index.php\/wp-json\/wp\/v2\/pages\/187\/revisions"}],"predecessor-version":[{"id":1279,"href":"https:\/\/stoppt-defender-2020.de\/index.php\/wp-json\/wp\/v2\/pages\/187\/revisions\/1279"}],"wp:attachment":[{"href":"https:\/\/stoppt-defender-2020.de\/index.php\/wp-json\/wp\/v2\/media?parent=187"}],"curies":[{"name":"wp","href":"https:\/\/api.w.org\/{rel}","templated":true}]}}