{"id":191,"date":"2020-01-06T10:36:37","date_gmt":"2020-01-06T09:36:37","guid":{"rendered":"https:\/\/stoppt-defender-2020.de\/?page_id=191"},"modified":"2020-03-12T13:37:35","modified_gmt":"2020-03-12T12:37:35","slug":"def20-in-hessen","status":"publish","type":"page","link":"https:\/\/stoppt-defender-2020.de\/index.php\/def20-in-hessen\/","title":{"rendered":"DEF20 IN HESSEN"},"content":{"rendered":"<p><strong>Intro\/Update:<\/strong><\/p>\n<p><strong>Widerstand gegen NATO-Man\u00f6ver DEFENDER 20 formiert sich<\/strong><br \/>\n<strong>Nein zum NATO-Kriegsman\u00f6ver \u2013 auch in Hessen: Die Friedensinitiativen der Rhein-Main Region rufen f\u00fcr Samstag, 1. Februar 2020, zu einer ersten Aktion gegen das Kriegsman\u00f6ver DEFENDER 2020 vor den Toren des US-Headquarters in Wiesbaden-Erbenheim auf.<\/strong> Treffpunkt ist die Dom\u00e4ne Mechtildshausen um 10:30 Uhr in Wiesbaden-Erbenheim. F\u00fcr weitere Informationen: Willi van Ooyen \u2013 0170 185 15 17<\/p>\n<p><strong>Milit\u00e4risches:<\/strong><\/p>\n<p>01.03.2020: <a href=\"https:\/\/www.hersfelder-zeitung.de\/bad-hersfeld\/hubschrauber-bundeswehr-fliegen-nachts-ueber-hersfeld-13565554.html?fbclid=IwAR1gzy3dFUXqvTcBUgpHT1CS3qQp_sXco67f_aLutqJTMdTBXfqMAl0eEMY\">Hubschrauber der Bundeswehr fliegen Nachts auch \u00fcber Bad Hersfeld\u00a0<\/a><\/p>\n<p>07.02.2020 (Main Post) Raum Karlstadt:\u00a0<a href=\"https:\/\/www.mainpost.de\/regional\/main-spessart\/UEbung-der-Bundeswehr;art129810,10402033\">Man\u00f6vertermine der Bundeswehr<\/a><\/p>\n<p>Die Hessenschau<br \/>\n01.02.2020: <a href=\"https:\/\/www.hessenschau.de\/panorama\/bundeswehr-in-hessen-unterstuetzt-defender-europe-uebung,kurz-bundeswehr-defender-uebung-100.html\">Bundeswehr in Hessen unterst\u00fctzt &#8222;Defender Europe&#8220;-\u00dcbung<\/a><br \/>\n28.01.2020: <a href=\"https:\/\/www.hessenschau.de\/panorama\/defender-europe-die-us-militaeruebung-zieht-mit-lastwagen-durch-hessen-,us-uebung-defender-100.html\">Die US-Milit\u00e4r\u00fcbung zieht mit Lastwagen durch Hessen<\/a><br \/>\n28.01.2020: <a href=\"https:\/\/www.hessenschau.de\/tv-sendung\/us-militaeruebung-gestartet,video-113136.html\">(Video) US-Milit\u00e4r\u00fcbung gestartet<\/a><\/p>\n<p><strong>Friedensbewegung:<\/strong><\/p>\n<p><strong>Erkl\u00e4rung DIE LINKE HESSEN\u00a0<\/strong><\/p>\n<p>\u201eDIE LINKE Hessen lehnt das NATO-Kriegsman\u00f6ver \u201aDefender 2020\u2018 entschieden ab und sieht darin ein unverantwortliches S\u00e4belrasseln, welches die Kriegsgefahr in Europa in gef\u00e4hrlicher Weise erh\u00f6ht\u201c, erkl\u00e4rt Jan Schalauske, Landesvorsitzender der Partei DIE LINKE. Hessen. \u201eNachdem der US-Pr\u00e4sident mit der illegalen Hinrichtung eines iranischen Generals vor knapp zwei Wochen fast einen Krieg mit dem Iran vom Zaun gebrochen hat, wird mit &#8218;Defender 2020&#8216; jetzt weiter milit\u00e4risch gez\u00fcndelt. Das ist brandgef\u00e4hrlich. Faktisch probt die US-Armee auf europ\u00e4ischem Boden mit zehntausenden Soldat*innen den Krieg gegen Russland &#8211; und schickt daf\u00fcr tausende Soldat*innen auch durch Hessen. Statt Drohgeb\u00e4rden geh\u00f6ren vielmehr Deeskalation, Entspannung und Abr\u00fcstung auf die politische Tagesordnung.<br \/>\nDIE LINKE unterst\u00fctzt den Aufruf der Friedensbewegung \u201aNein zu NATO-Kriegsman\u00f6vern \u2013 STOPP DEFENDER 2020 &#8211; ja zu Frieden, Entspannungspolitik und Abr\u00fcstung\u2018 und beteiligt sich an der Seite der Friedensbewegung an Protesten gegen das Man\u00f6ver. Wir fordern die Schlie\u00dfung aller US-Milit\u00e4reinrichtungen und den Abzug aller US-Soldaten aus Hessen und Deutschland. Sie sind Basis f\u00fcr die Milit\u00e4rinfrastruktur der USA weltweit und aktuell f\u00fcr die Kriegsdrohungen der USA gegen den Iran.\u201c<\/p>\n<p>01.02.2020: D<a href=\"http:\/\/www.frieden-und-zukunft.de\/?Aktivitaeten\/Aktionen\/Demo-gegen-Defender-2020-am-1.2.2020\">emonstration und Kundgebung gegen Defender 2020 vor dem Haupteingang des Headquarter der US Army in Wiesbaden-Erbenheim<\/a> am 1.2.2020 (Fotos: K. Peil)<\/p>\n<p>29.01.2020: Bundesausschuss Friedensratschlag, Presseerkl\u00e4rung und Aufruf gegen DEF20: <a href=\"https:\/\/stoppt-defender-2020.de\/wp-content\/uploads\/2020\/01\/Presse_29.01-2020.pdf\">Presse_29.01 2020<\/a>\u00a0* <a href=\"https:\/\/stoppt-defender-2020.de\/wp-content\/uploads\/2020\/01\/aufruf-defender-2020.pdf\">aufruf defender 2020<\/a><\/p>\n<p>28.01.2020: <a href=\"https:\/\/www.sueddeutsche.de\/politik\/militaer-wiesbaden-friedensaktivisten-planen-mahnwache-gegen-us-militaeruebung-dpa.urn-newsml-dpa-com-20090101-200128-99-670050?fbclid=IwAR02jg6JriHZ5iEOc-WfCgR1nXC57jZZiExr21ea4tBv94Wk5_X1gpfA6nc\">Friedensaktivisten wollen am Flugplatz Erbenheim demonstrieren\u00a0<\/a><\/p>\n<p>F\u00fcr weitere Informationen kann beim Landeskommando der Bundeswehr angefragt werden:<\/p>\n<p><img loading=\"lazy\" decoding=\"async\" class=\"alignnone size-full wp-image-963\" src=\"https:\/\/stoppt-defender-2020.de\/wp-content\/uploads\/2020\/02\/Hessen.png\" alt=\"\" width=\"1021\" height=\"164\" srcset=\"https:\/\/stoppt-defender-2020.de\/wp-content\/uploads\/2020\/02\/Hessen.png 1021w, https:\/\/stoppt-defender-2020.de\/wp-content\/uploads\/2020\/02\/Hessen-300x48.png 300w, https:\/\/stoppt-defender-2020.de\/wp-content\/uploads\/2020\/02\/Hessen-150x24.png 150w, https:\/\/stoppt-defender-2020.de\/wp-content\/uploads\/2020\/02\/Hessen-768x123.png 768w\" sizes=\"auto, (max-width: 1021px) 100vw, 1021px\" \/><\/p>\n<p>&nbsp;<\/p>\n","protected":false},"excerpt":{"rendered":"<p>Intro\/Update: Widerstand gegen NATO-Man\u00f6ver DEFENDER 20 formiert sich Nein zum NATO-Kriegsman\u00f6ver \u2013 auch in Hessen: Die Friedensinitiativen der Rhein-Main Region rufen f\u00fcr Samstag, 1. Februar 2020, zu einer ersten Aktion gegen das Kriegsman\u00f6ver DEFENDER 2020 vor den Toren des US-Headquarters in Wiesbaden-Erbenheim auf. Treffpunkt ist die Dom\u00e4ne Mechtildshausen um 10:30 Uhr in Wiesbaden-Erbenheim. F\u00fcr weitere [&hellip;]<\/p>\n","protected":false},"author":3,"featured_media":0,"parent":0,"menu_order":0,"comment_status":"closed","ping_status":"closed","template":"","meta":{"footnotes":""},"class_list":["post-191","page","type-page","status-publish","hentry"],"_links":{"self":[{"href":"https:\/\/stoppt-defender-2020.de\/index.php\/wp-json\/wp\/v2\/pages\/191","targetHints":{"allow":["GET"]}}],"collection":[{"href":"https:\/\/stoppt-defender-2020.de\/index.php\/wp-json\/wp\/v2\/pages"}],"about":[{"href":"https:\/\/stoppt-defender-2020.de\/index.php\/wp-json\/wp\/v2\/types\/page"}],"author":[{"embeddable":true,"href":"https:\/\/stoppt-defender-2020.de\/index.php\/wp-json\/wp\/v2\/users\/3"}],"replies":[{"embeddable":true,"href":"https:\/\/stoppt-defender-2020.de\/index.php\/wp-json\/wp\/v2\/comments?post=191"}],"version-history":[{"count":15,"href":"https:\/\/stoppt-defender-2020.de\/index.php\/wp-json\/wp\/v2\/pages\/191\/revisions"}],"predecessor-version":[{"id":1263,"href":"https:\/\/stoppt-defender-2020.de\/index.php\/wp-json\/wp\/v2\/pages\/191\/revisions\/1263"}],"wp:attachment":[{"href":"https:\/\/stoppt-defender-2020.de\/index.php\/wp-json\/wp\/v2\/media?parent=191"}],"curies":[{"name":"wp","href":"https:\/\/api.w.org\/{rel}","templated":true}]}}