{"id":195,"date":"2020-01-06T10:39:53","date_gmt":"2020-01-06T09:39:53","guid":{"rendered":"https:\/\/stoppt-defender-2020.de\/?page_id=195"},"modified":"2020-03-05T12:03:17","modified_gmt":"2020-03-05T11:03:17","slug":"def20-in-rheinland-pfalz","status":"publish","type":"page","link":"https:\/\/stoppt-defender-2020.de\/index.php\/def20-in-rheinland-pfalz\/","title":{"rendered":"DEF20 IN RHEINLAND-PFALZ"},"content":{"rendered":"<p><strong>Intro\/Update:<\/strong><\/p>\n<p><strong>Milit\u00e4risches:<\/strong><\/p>\n<p><strong>04.03.2020:<\/strong> Defender2020 wird von Kaiserslautern aus organisiert. <a href=\"https:\/\/www.swr.de\/swraktuell\/rheinland-pfalz\/kaiserslautern\/Uebung-Defender-der-US-Armee-wird-in-Kaiserslautern-koordiniert,kaiserslautern-defender-104.html\">Link zum Artikel<\/a>.<\/p>\n<section>\n<div class=\"content-box-article-infos\">\n<div class=\"article-infos\">\n<p class=\"article-infos-item\"><strong>15. Februar 2020, Die Stimme: US-Streitkr\u00e4fte \u00fcben\u00a0Material-Transport von Mannheim aus\u00a0<\/strong><span class=\"place\">Mannheim (dpa\/lsw)<\/span>\u00a0 <a href=\"https:\/\/www.stimme.de\/suedwesten\/nachrichten\/pl\/US-Streitkraefte-ueben-Material-Transport-von-Mannheim-aus;art19070,4320826\">\u201eDie US-Streitkr\u00e4fte \u00fcben den Transport von Material in Depots in Mannheim, Miesau (Rheinland-Pfalz) sowie aus D\u00fclmen (Nordrhein-Westfalen) in das nieders\u00e4chsische Bergen. Das sagte ein Sprecher der Streitkr\u00e4ftebasis am Montag. Dabei werden Panzer und Lastwagen etwa von den Coleman Barracks in Mannheim \u00fcber den Rhein nach Norden verschifft, Waffen \u00fcber die Schiene transportiert und Verpflegung, B\u00fcro- und Sanit\u00e4tsmaterial in Containern \u00fcber die Stra\u00dfe gebracht.\u201c<\/a><\/p>\n<\/div>\n<\/div>\n<\/section>\n<p>29.01.2020: <a href=\"https:\/\/www.swr.de\/swr1\/rp\/Grossprojekt-Defender-Europe-Militaerkonvois-in-Rheinland-Pfalz,militaertransporte-rheinland-pfalz-100.html\">Vorbereitungen f\u00fcr US-Gro\u00df\u00fcbung betreffen auch Rheinland-Pfalz<\/a><br \/>\n08.01.2020: <a href=\"https:\/\/www.rheinpfalz.de\/nachrichten\/rheinland-pfalz\/artikel\/us-grossuebung-defender-in-rheinland-pfalz-vermutlich-kaum-spuerbar\/\">US-Gro\u00df\u00fcbung in Rheinland-Pfalz vermutlich kaum sp\u00fcrbar<\/a><\/p>\n<p><strong>Friedensbewegung:<\/strong><\/p>\n<p>F\u00fcr weitere Informationen kann beim Landeskommando der Bundeswehr angefragt werden:<\/p>\n<p><img loading=\"lazy\" decoding=\"async\" class=\"alignnone size-full wp-image-961\" src=\"https:\/\/stoppt-defender-2020.de\/wp-content\/uploads\/2020\/02\/RPfalz.png\" alt=\"\" width=\"1022\" height=\"172\" srcset=\"https:\/\/stoppt-defender-2020.de\/wp-content\/uploads\/2020\/02\/RPfalz.png 1022w, https:\/\/stoppt-defender-2020.de\/wp-content\/uploads\/2020\/02\/RPfalz-300x50.png 300w, https:\/\/stoppt-defender-2020.de\/wp-content\/uploads\/2020\/02\/RPfalz-150x25.png 150w, https:\/\/stoppt-defender-2020.de\/wp-content\/uploads\/2020\/02\/RPfalz-768x129.png 768w\" sizes=\"auto, (max-width: 1022px) 100vw, 1022px\" \/><\/p>\n","protected":false},"excerpt":{"rendered":"<p>Intro\/Update: Milit\u00e4risches: 04.03.2020: Defender2020 wird von Kaiserslautern aus organisiert. Link zum Artikel. 15. Februar 2020, Die Stimme: US-Streitkr\u00e4fte \u00fcben\u00a0Material-Transport von Mannheim aus\u00a0Mannheim (dpa\/lsw)\u00a0 \u201eDie US-Streitkr\u00e4fte \u00fcben den Transport von Material in Depots in Mannheim, Miesau (Rheinland-Pfalz) sowie aus D\u00fclmen (Nordrhein-Westfalen) in das nieders\u00e4chsische Bergen. Das sagte ein Sprecher der Streitkr\u00e4ftebasis am Montag. Dabei werden Panzer [&hellip;]<\/p>\n","protected":false},"author":3,"featured_media":0,"parent":0,"menu_order":0,"comment_status":"closed","ping_status":"closed","template":"","meta":{"footnotes":""},"class_list":["post-195","page","type-page","status-publish","hentry"],"_links":{"self":[{"href":"https:\/\/stoppt-defender-2020.de\/index.php\/wp-json\/wp\/v2\/pages\/195","targetHints":{"allow":["GET"]}}],"collection":[{"href":"https:\/\/stoppt-defender-2020.de\/index.php\/wp-json\/wp\/v2\/pages"}],"about":[{"href":"https:\/\/stoppt-defender-2020.de\/index.php\/wp-json\/wp\/v2\/types\/page"}],"author":[{"embeddable":true,"href":"https:\/\/stoppt-defender-2020.de\/index.php\/wp-json\/wp\/v2\/users\/3"}],"replies":[{"embeddable":true,"href":"https:\/\/stoppt-defender-2020.de\/index.php\/wp-json\/wp\/v2\/comments?post=195"}],"version-history":[{"count":6,"href":"https:\/\/stoppt-defender-2020.de\/index.php\/wp-json\/wp\/v2\/pages\/195\/revisions"}],"predecessor-version":[{"id":1194,"href":"https:\/\/stoppt-defender-2020.de\/index.php\/wp-json\/wp\/v2\/pages\/195\/revisions\/1194"}],"wp:attachment":[{"href":"https:\/\/stoppt-defender-2020.de\/index.php\/wp-json\/wp\/v2\/media?parent=195"}],"curies":[{"name":"wp","href":"https:\/\/api.w.org\/{rel}","templated":true}]}}