{"id":212,"date":"2020-01-06T11:38:45","date_gmt":"2020-01-06T10:38:45","guid":{"rendered":"https:\/\/stoppt-defender-2020.de\/?page_id=212"},"modified":"2020-03-13T09:50:02","modified_gmt":"2020-03-13T08:50:02","slug":"hintergrund","status":"publish","type":"page","link":"https:\/\/stoppt-defender-2020.de\/index.php\/hintergrund\/","title":{"rendered":"HINTERGRUND"},"content":{"rendered":"<p>Hier ver\u00f6ffentlichen wir friedenspolitische Analysen &amp; andere Texte, \u00a0die beschreiben, in welchen milit\u00e4rstrategischen und politischen Kontexten DEF20 stattfindet. Wir freuen uns \u00fcber weitere Lesetipps von Euch!<\/p>\n<p><strong>Bitte schickt uns Texte\/Links per Mail: anti-defender2020@mail.de<\/strong><\/p>\n<p>***<\/p>\n<ul>\n<li><a title=\"Permanent Link to Gegen unseren ausdr\u00fccklichen Widerspruch\" href=\"http:\/\/www.imi-online.de\/2020\/02\/24\/gegen-unseren-ausdruecklichen-widerspruch\/\" rel=\"bookmark\">Gegen unseren ausdr\u00fccklichen Widerspruch.\u00a0<\/a>Rede bei der Kundgebung gegen Defender Europe 20 am 22.2.2020: \u201eDemilitarisierung des Coleman-Areals! Mannheim darf nicht zur Drehscheibe k\u00fcnftiger Kriege werden!\u201c (Christoph Marischka\/IMI)<\/li>\n<li><a href=\"https:\/\/www.heise.de\/tp\/features\/Deutsche-haben-mehr-Angst-vor-Krieg-4659423.html?fbclid=IwAR3U5BygnPAU2hGhvOvM6qkM-wnk2eFm5lncET0NN2EkPMsb-RVTWhKUlNA\">Deutsche haben mehr Angst vor dem Krieg<\/a><\/li>\n<li><a href=\"https:\/\/www.swr.de\/swraktuell\/Militaeruebung-Defender-Europe-20,us-militaeruebung-in-europa-100.html?fbclid=IwAR1PdNQo4gnf4WpJRsI-66ICp1XMcKUQLy4b1WkEyeFnG1bVLL8nGoMtqqo\">Experte fordert F\u00fchrungsrolle der Bundeswehr<\/a><\/li>\n<li><a href=\"https:\/\/www.jungewelt.de\/artikel\/372725.eu-r%C3%BCstungspolitik-milliarden-f%C3%BCr-t%C3%B6tungswerkzeug.html?fbclid=IwAR2jl3tWATqoVXlCKCEYQsS7AerC0YO3qV8kW1sQ5TaLqkKmhZWWxetHeY8\">Milliarden f\u00fcr T\u00f6tungswerkzeug:\u00a0Die Milit\u00e4rausgaben der Bundesrepublik werden in den n\u00e4chsten Jahren explodieren. Berlin und Paris sichern ihren R\u00fcstungskonzernen gigantische Auftr\u00e4ge zur Herstellung neuer Waffensysteme<\/a> (L\u00fchr Henken, 17.02.2020)<\/li>\n<li><a href=\"https:\/\/www.imi-online.de\/2020\/01\/10\/grossmanoever-defender-2020\/\">IMI-Analyse 2020\/02 (Update 13.2.2020): Gro\u00dfman\u00f6ver Defender 2020. Mit Tempo in den Neuen Kalten Krieg.<\/a> (J\u00fcrgen Wagner\/IMI)<\/li>\n<li><a href=\"https:\/\/www.lr-online.de\/nachrichten\/politik\/us-mega-manoever-russland_-wir-werden-auf-_defender-2020_-reagieren-43289421.html\">Russland: Wir werden auf \u201eDefender 2020\u201c reagieren<\/a> (Lausitzer Rundschau, 05.02.2020)<\/li>\n<li><a href=\"https:\/\/www.rnd.de\/politik\/defender-2020-wie-die-bundeswehr-das-grossmanover-organisiert-RUVI6R4LAVANLG3PINSBV7Q4NM.html?fbclid=IwAR0HJypT55noc16ksnNjJ1EleM7GQofYbf5nAK4phiuPnqv244B2GDqHeTA\">\u201eDefender 2020\u201c: Wie die Bundeswehr das Gro\u00dfman\u00f6ver organisiert.<\/a> (RND, 30.01.2020)<\/li>\n<li><a href=\"https:\/\/diefreiheitsliebe.de\/politik\/meinungsstark-politik\/stoppt-defender-2020\/\">Stoppt Defender 2020!<\/a> (Die Freiheitsliebe, 28.01.2020, Kathrin Vogler)<\/li>\n<li><a href=\"https:\/\/diefreiheitsliebe.de\/politik\/defender-2020-keine-weiteren-spannungen-mit-russland\/?fbclid=IwAR3KkMSJJcKj8bCt9yATMR1GgxWUEVZMreeiftVi0E4w5jpFbUTicnnXuhU\">Defender 2020 \u2013 Keine weiteren Spannungen mit Russland<\/a> (Die Freiheitsliebe, 27. Januar 2020, Alexander S. Neu)<\/li>\n<li><a href=\"https:\/\/www.ndr.de\/nachrichten\/mecklenburg-vorpommern\/Defender-2020-Caffier-nennt-erste-Einzelheiten,defender102.html?fbclid=IwAR3A3MVcBwaZVNHgkNkkNYAnFVv7o_I3i0nMCz4TsZVCEOE4OO3cW3vRodc\">&#8222;Defender 2020&#8220;: Caffier nennt erste Einzelheiten<\/a> (NDR, 22.01.2020)<\/li>\n<li><a href=\"https:\/\/www.neues-deutschland.de\/artikel\/1131678.nato-grossmanoever-im-oestlichen-mitteleuropa-linke-in-ostdeutschland-macht-weiter-mobil-gegen-defender.html\">LINKE in Ostdeutschland macht weiter mobil gegen \u00bbDefender 2020\u00ab.<\/a> (Neues Deutschland, 20.01.2020)<\/li>\n<li><a href=\"https:\/\/taz.de\/Nato-und-USA-ueben-Transport-nach-Osten\/!5652487\/\">So viel Panzer war selten. Die gr\u00f6\u00dfte US-Truppenverlegung durch Deutschland seit den neunziger Jahren l\u00e4uft an. <\/a>(taz, 14.01.2020)<\/li>\n<li><a href=\"https:\/\/augengeradeaus.net\/2020\/01\/defender-europe-20-us-verlegeuebung-als-test-auch-fuer-deutschland\/\">Defender Europe 20: US-Verlege\u00fcbung als Test auch f\u00fcr Deutschland<\/a> (Augen geradeaus!, 14.01.2020)<\/li>\n<li class=\"entry-title\"><a href=\"https:\/\/www.friedenskooperative.de\/friedensforum\/artikel\/nein-zum-nato-kriegsmanoever-defender-2020\">Nein zum Kriegsman\u00f6ver Defender 2020<\/a> (Friedensforum 1\/2020,\u00a0Reiner Braun)<\/li>\n<li><a href=\"http:\/\/www.imi-online.de\/2020\/01\/10\/grossmanoever-defender-2020\/\">Gro\u00dfman\u00f6ver Defender 2020. Mit Tempo in den Neuen Kalten Krieg.<\/a> (IMI, 10.01.2020, J\u00fcrgen Wagner)<\/li>\n<li>Offener Brieg an die NATO und Verteidigungsministerin Kramp-Karrenbauer, <a href=\"https:\/\/www.facebook.com\/marco.henrichs.18\/posts\/965207030532738\">Facebook<\/a>.<\/li>\n<li><a href=\"https:\/\/fas.org\/sgp\/crs\/row\/R46139.pdf\">Estonia, Latvia, and Lithuania: Background and U.S.-Baltic Relations<\/a><br \/>\n(FAS\/Congressional Research Service, January 2, 202002.01.2020)<\/li>\n<\/ul>\n<p><strong>2019<\/strong><\/p>\n<ul>\n<li><a href=\"https:\/\/www.heise.de\/tp\/features\/Deutschland-auf-Fuehrungs-Kurs-4623549.html?seite=all&amp;fbclid=IwAR0N_w5T8BHPosMLgAv5X8zl-vU7wnVIDTW2rAG5HXvTntOeIAx708hQb-Q\">Deutschland auf (F\u00fchrungs-)Kurs.<\/a>\u00a0<time class=\"publish-info__date\" datetime=\"2019-12-26T10:00:00\">(26.12.2019,<\/time><span class=\"publish-info__author\">\u00a0J\u00fcrgen Wagner)<\/span><\/li>\n<li><a href=\"https:\/\/www.jungewelt.de\/artikel\/369373.nato-durchmarsch-richtung-osten.html\">Durchmarsch Richtung Osten.<\/a>\u00a0\u00bbDefender Europe 20\u00ab: Gr\u00f6\u00dfte Truppenverlegung von US-Milit\u00e4rs seit mehr als einem Vierteljahrhundert. Deutschland wird \u00bblogistische Drehscheibe\u00ab (24.12.2019,\u00a0J\u00f6rg Kronauer)<\/li>\n<li><a href=\"https:\/\/www.augsburger-allgemeine.de\/politik\/Kritik-an-groesstem-Militaer-Manoever-in-Deutschland-seit-25-Jahren-id56293131.html\">Kritik an gr\u00f6\u00dftem Milit\u00e4r-Man\u00f6ver in Deutschland seit 25 Jahren.<\/a> (Augsburger Allgemeine, 23.12.2019)<\/li>\n<li><a href=\"https:\/\/www.heise.de\/tp\/features\/USA-und-Nato-ueben-mit-Defender-Europe-20-einen-Krieg-mit-Russland-4609360.html\">TELEPOLIS: USA und Nato \u00fcben mit Defender-Europe 20 einen Krieg mit Russland.<\/a>\u00a0(<time class=\"publish-info__date\" datetime=\"2019-12-10T10:00:00\">10.12.2019, Florian R\u00f6tzer)<\/time><\/li>\n<li><a href=\"https:\/\/www.neues-deutschland.de\/artikel\/1129800.friedensbewegung-nato-grossmanoever-zum-befreiungstag.html?fbclid=IwAR2uxinsTEJ94owtr8aBR9squw3Wq2pjE8JosIhPWTT9ARhw3ACPJnXJom8\">Friedensbewegung k\u00fcndigt Protest an, ND<\/a><\/li>\n<li><a href=\"https:\/\/www.imi-online.de\/download\/CH-Defender.pdf\">IMI-Analyse 6\/2019, Der Krieg und seine Logistik, Defender 2020.\u00a0<\/a><\/li>\n<li>DFG-VK, 12.2019: Geplantes Gr\u00f6\u00dfman\u00f6ver Defender 2020 absagen, inklusive Analyse<\/li>\n<li><a href=\"https:\/\/www.neues-deutschland.de\/artikel\/1129800.friedensbewegung-nato-grossmanoever-zum-befreiungstag.html\">NATO-Gro\u00dfman\u00f6ver zum Befreiungstag.<\/a>\u00a0Friedensbewegung k\u00fcndigt Protest gegen Truppenaufmarsch zur Abschreckung Russlands an. (08.12.2019, Peter Nowak)<\/li>\n<li><a href=\"https:\/\/diefreiheitsliebe.de\/politik\/nato-militaermanoever-defender-2020-trainiert-krieg-in-europa\/\">NATO-Milit\u00e4rman\u00f6ver Defender 2020 trainiert Krieg in Europa.<\/a> (0<span class=\"datum-artikel\">3.12.2019,\u00a0<\/span>\u00a0<span class=\"autor-artikel\">Franziska Lindner)<\/span><\/li>\n<li><a href=\"http:\/\/www.imi-online.de\/2019\/10\/02\/defender-2020\/\">Defender 2020.\u00a0Europ\u00e4isches Mega-Milit\u00e4rman\u00f6ver mit starker deutscher Beteiligung.<\/a> (02.10.2019, Claudia Haydt)<\/li>\n<li><a href=\"http:\/\/Die EU \u2013 ein Friedensprojekt oder kriegstreibende Union?\">Die EU \u2013 ein Friedensprojekt oder kriegstreibende Union?<\/a> (02.12.2019, Walter Listl)<\/li>\n<li>22.11.2019: German-U.S. Forces in Europe Consultation Meeting held in Wiesbaden <a href=\"https:\/\/www.dvidshub.net\/news\/352934\/german-us-forces-europe-consultation-meeting-held-wiesbaden\">(dvids)<\/a><\/li>\n<li><a href=\"https:\/\/m.tagesspiegel.de\/politik\/linke-spricht-von-provokation-usa-wollen-truppenverlegung-durch-deutschland-nach-osteuropa-ueben\/25079168.html?utm_referrer=https%3A%2F%2Fwww.google.de%2F\">Linke spricht von \u201eProvokation\u201c:\u00a0<\/a><span class=\"article-header__headline\">USA wollen Truppenverlegung durch Deutschland nach Osteuropa \u00fcben. (Tagesspiegel, 02.10.2019).<\/span><\/li>\n<li><a href=\"https:\/\/www.tagesspiegel.de\/themen\/reportage\/die-nato-bereitet-sich-auf-virtuellen-krieg-vor-wie-lettlands-soldaten-ins-netz-gingen\/25067366.html\"><span class=\"ts-overline\">Die Nato bereitet sich auf virtuellen Krieg vor. <\/span><\/a><span class=\"ts-headline\">Wie Lettlands Soldaten ins Netz gingen. (Tagesspiegel, 19.09.2019)<\/span><\/li>\n<li>Zum Rahmenfrachtvertrag f\u00fcr internationalen Schienenverkehr zwischen der Deutschen Bahn und der Bundeswehr (<a href=\"https:\/\/www.neues-deutschland.de\/artikel\/1115471.gewerkschafter-gegen-ruestungstransporte-nicht-alles-soll-auf-die-schiene.html\">ND 28.03.2019 Nicht alles soll auf die Schiene &#8211; gegen Milit\u00e4rtransporte<\/a>)<\/li>\n<li>Beschluss des Initiativantrags der Eisenbahn- und Verkehrsgewerkschaft (EVG) Rheinland-Pfalz <a href=\"http:\/\/www.bahnvonunten.de\/?p=965\">&#8222;EVG gegen Militarisierung und Kriegsvorbereitung bei der Deutschen Bahn&#8220;<\/a>:<\/li>\n<\/ul>\n<p style=\"text-align: center;\"><strong>&#8222;Wir d\u00fcrfen unsere Arbeitskraft und unser Fachwissen eben nicht f\u00fcr kriegerische Aufmarschpl\u00e4ne und Auseinandersetzungen zur Verf\u00fcgung stellen, sondern ausschlie\u00dflich f\u00fcr Frieden und Wohlstand aller Menschen &#8230; Wir wollen mehr G\u00fcter von der Stra\u00dfe auf die Schiene verlagern, aber nicht Panzer und Kanonen &#8230; Anstatt den Milit\u00e4rhaushalt auf zwei Prozent des Bruttoinlandprodukts aufzustocken, sollte dieses Geld in eine vern\u00fcnftige Verkehrspolitik gesteckt werden&#8220;<br \/>\n(Antragstellerin Evelyn Winkler)<\/strong><\/p>\n<ul>\n<li><a title=\"Permanent Link to Bahn frei f\u00fcr die Bundeswehr\" href=\"https:\/\/www.imi-online.de\/2019\/01\/07\/bahn-frei-fuer-die-bundeswehr\/\" rel=\"bookmark\">Bahn frei f\u00fcr die Bundeswehr<\/a>. Der Rahmenfrachtvertrag f\u00fcr internationalen Schienentransport zwischen Bahn und Bundeswehr (Claudia Haydt, IMI-Analyse 2019\/01, 23.1.2019)<\/li>\n<\/ul>\n<p><strong>\u00c4lteres &#8230;<\/strong><\/p>\n<ul>\n<li><a href=\"https:\/\/www.tagesspiegel.de\/gesellschaft\/medien\/estland-lettland-litauen-usa-schulen-baltische-journalisten-fuer-kampf-gegen-kreml-pr\/12179902.html\"><span class=\"ts-overline\">Estland, Lettland, Litauen: <\/span><span class=\"ts-headline\">USA schulen baltische Journalisten f\u00fcr Kampf gegen Kreml-PR:\u00a0<\/span><\/a>Im Informationskrieg zwischen Russland und dem Westen starten die USA eine Ausbildungskampagne f\u00fcr Journalisten aus dem Baltikum. Sie sollen fit werden f\u00fcr den Kampf gegen Moskaus Agitprop. (Tagesspiegel, 13.08.2015)<\/li>\n<li><a href=\"http:\/\/www.hafenband.de\/fileadmin\/content_bilder\/News_2011\/SUT_0320_BW.pdf\">Bundeswehr f\u00e4hrt Binnenschiff <\/a>Im Rahmen der gr\u00f6\u00dften diesj\u00e4hrigen \u00dcbung des deutschen Heeres f\u00fchrte das schwere Pionierbataillon 130 der Bundeswehr die Verlegung von insgesamt 59 pioniertypischen Fahrzeugen vom Heimatstandort Minden zum Truppen\u00fcbungsplatz Klietz mit Binnenschiffstransporten der Deutschen Binnenreederei AG (2010)<\/li>\n<\/ul>\n<p>&nbsp;<\/p>\n","protected":false},"excerpt":{"rendered":"<p>Hier ver\u00f6ffentlichen wir friedenspolitische Analysen &amp; andere Texte, \u00a0die beschreiben, in welchen milit\u00e4rstrategischen und politischen Kontexten DEF20 stattfindet. Wir freuen uns \u00fcber weitere Lesetipps von Euch! Bitte schickt uns Texte\/Links per Mail: anti-defender2020@mail.de *** Gegen unseren ausdr\u00fccklichen Widerspruch.\u00a0Rede bei der Kundgebung gegen Defender Europe 20 am 22.2.2020: \u201eDemilitarisierung des Coleman-Areals! Mannheim darf nicht zur Drehscheibe [&hellip;]<\/p>\n","protected":false},"author":3,"featured_media":0,"parent":0,"menu_order":0,"comment_status":"closed","ping_status":"closed","template":"","meta":{"footnotes":""},"class_list":["post-212","page","type-page","status-publish","hentry"],"_links":{"self":[{"href":"https:\/\/stoppt-defender-2020.de\/index.php\/wp-json\/wp\/v2\/pages\/212","targetHints":{"allow":["GET"]}}],"collection":[{"href":"https:\/\/stoppt-defender-2020.de\/index.php\/wp-json\/wp\/v2\/pages"}],"about":[{"href":"https:\/\/stoppt-defender-2020.de\/index.php\/wp-json\/wp\/v2\/types\/page"}],"author":[{"embeddable":true,"href":"https:\/\/stoppt-defender-2020.de\/index.php\/wp-json\/wp\/v2\/users\/3"}],"replies":[{"embeddable":true,"href":"https:\/\/stoppt-defender-2020.de\/index.php\/wp-json\/wp\/v2\/comments?post=212"}],"version-history":[{"count":67,"href":"https:\/\/stoppt-defender-2020.de\/index.php\/wp-json\/wp\/v2\/pages\/212\/revisions"}],"predecessor-version":[{"id":1277,"href":"https:\/\/stoppt-defender-2020.de\/index.php\/wp-json\/wp\/v2\/pages\/212\/revisions\/1277"}],"wp:attachment":[{"href":"https:\/\/stoppt-defender-2020.de\/index.php\/wp-json\/wp\/v2\/media?parent=212"}],"curies":[{"name":"wp","href":"https:\/\/api.w.org\/{rel}","templated":true}]}}