{"id":252,"date":"2020-01-06T15:05:10","date_gmt":"2020-01-06T14:05:10","guid":{"rendered":"https:\/\/stoppt-defender-2020.de\/?page_id=252"},"modified":"2020-02-14T11:37:30","modified_gmt":"2020-02-14T10:37:30","slug":"weiterfuehrende-links-zu-statements-analysen-der-militaerischen-sprengkoepfe","status":"publish","type":"page","link":"https:\/\/stoppt-defender-2020.de\/index.php\/weiterfuehrende-links-zu-statements-analysen-der-militaerischen-sprengkoepfe\/","title":{"rendered":"Statements &#038; Analysen der milit\u00e4rischen Sprengk\u00f6pfe"},"content":{"rendered":"<div class=\"mod modA modParagraph\">\n<div class=\"boxCon\" aria-live=\"polite\">\n<div class=\"box\">\n<div class=\"meldungHead\">\n<ul>\n<li>DEFENDER-Europe 20 &#8211; US Army Website<\/li>\n<\/ul>\n<p><a href=\"https:\/\/www.eur.army.mil\/Portals\/19\/documents\/DEFENDEREurope\/DEFENDEREuropePhase1Infographic200121.pdf\"><img loading=\"lazy\" decoding=\"async\" class=\"size-medium wp-image-487 aligncenter\" src=\"https:\/\/stoppt-defender-2020.de\/wp-content\/uploads\/2020\/01\/6-Linked-exerc-300x195.png\" alt=\"\" width=\"300\" height=\"195\" srcset=\"https:\/\/stoppt-defender-2020.de\/wp-content\/uploads\/2020\/01\/6-Linked-exerc-300x195.png 300w, https:\/\/stoppt-defender-2020.de\/wp-content\/uploads\/2020\/01\/6-Linked-exerc-1024x665.png 1024w, https:\/\/stoppt-defender-2020.de\/wp-content\/uploads\/2020\/01\/6-Linked-exerc-150x97.png 150w, https:\/\/stoppt-defender-2020.de\/wp-content\/uploads\/2020\/01\/6-Linked-exerc-768x499.png 768w, https:\/\/stoppt-defender-2020.de\/wp-content\/uploads\/2020\/01\/6-Linked-exerc.png 1250w\" sizes=\"auto, (max-width: 300px) 100vw, 300px\" \/><\/a><\/p>\n<ul>\n<li>DEF20 &#8211; Bundeswehr-Website<\/li>\n<\/ul>\n<p><a href=\"https:\/\/www.bundeswehr.de\/de\/organisation\/streitkraeftebasis\/uebungen\/defender-europe-20\"><img loading=\"lazy\" decoding=\"async\" class=\"size-medium wp-image-488 aligncenter\" src=\"https:\/\/stoppt-defender-2020.de\/wp-content\/uploads\/2020\/01\/BW-Website-300x170.jpg\" alt=\"\" width=\"300\" height=\"170\" srcset=\"https:\/\/stoppt-defender-2020.de\/wp-content\/uploads\/2020\/01\/BW-Website-300x170.jpg 300w, https:\/\/stoppt-defender-2020.de\/wp-content\/uploads\/2020\/01\/BW-Website-150x85.jpg 150w, https:\/\/stoppt-defender-2020.de\/wp-content\/uploads\/2020\/01\/BW-Website-768x435.jpg 768w, https:\/\/stoppt-defender-2020.de\/wp-content\/uploads\/2020\/01\/BW-Website.jpg 794w\" sizes=\"auto, (max-width: 300px) 100vw, 300px\" \/><\/a><\/p>\n<p>&nbsp;<\/p>\n<\/div>\n<div class=\"meldungHead\">\n<ul>\n<li><strong>13.02.2020: Es geht nach DEF2020 weiter!<\/strong> <a href=\"https:\/\/www.rnd.de\/politik\/bundeswehr-will-177-millionen-euro-fur-multinationale-manover-ausgeben-TCXWDYXVLFEBTB44OGXZVCJ34Y.html?fbclid=IwAR0snmUCsvV0uLoQ7Vm4iFg7D7U1wPKDXNmQpOs9Kl1P9dcByf0BTKZpjz8\">Bundeswehr will 177 Millionen Euro f\u00fcr multinationale Man\u00f6ver ausgeben<\/a><\/li>\n<\/ul>\n<p>&nbsp;<\/p>\n<ul>\n<li><strong>12.02.2020: NRW: B\u00fcrger fragen, die Beh\u00f6rden antworten nicht:<\/strong> Duisburger Hafen: \u201eGeheimsache\u201c Nato-Man\u00f6ver Defender 2020 (WAZ-Artikel) <a href=\"https:\/\/stoppt-defender-2020.de\/wp-content\/uploads\/2020\/02\/Duisburger-Hafen_-Geheimsache-Nato-Mano\u0308ver-Defender-2020-_-waz.de-_.pdf\">Duisburger Hafen_ Geheimsache Nato-Mano\u0308ver Defender 2020 _ waz.de _<\/a><\/li>\n<\/ul>\n<p>&nbsp;<\/p>\n<ul>\n<li><strong>Militarisierung:<\/strong> Ab 1. April 2020: <a href=\"https:\/\/www.mittelbayerische.de\/region\/cham-nachrichten\/bundeswehr-sperrt-uebungsplatz-komplett-20909-art1878611.html\">Standort\u00fcbungspl\u00e4tze der Bundeswehr werden zu Milit\u00e4rischen Sicherheitsbereichen *\u00a0<\/a>Siehe auch <a href=\"https:\/\/www.reservistenverband.de\/bayern\/ruhpolding\/aktuelles\/kammer-wird-militaerischer-sicherheitsbereich-copy-4\/\">Reservisten Ruhpolding (11\/2019: um \u201eB\u00fcrger vor Gefahren f\u00fcr Leib und Leben zu sch\u00fctzen\u201c)<\/a><\/li>\n<\/ul>\n<p>&nbsp;<\/p>\n<ul>\n<li><strong>Outgesourct APS D\u00fclmen<\/strong>:\u00a0<a href=\"https:\/\/www.upi.com\/Defense-News\/2020\/01\/30\/AECOM-receives-17M-for-maintenance-work-in-Mannheim-Dulmen\/6681580409471\/\">AECOM receives $17M for maintenance work in Mannheim, Dulmen<\/a>; Infos zu <a href=\"https:\/\/de.wikipedia.org\/wiki\/AECOM\">AECOM<\/a> (auch in <a href=\"https:\/\/www.aecom.com\/dach\/?lang=de\">Deutschland<\/a>: in Neu-Isenburg, Kaiserslautern, Essen)<\/li>\n<\/ul>\n<p>&nbsp;<\/p>\n<ul>\n<li>28.01.2020 <strong>APS Mannheim<\/strong>: (Video)\u00a0<a href=\"https:\/\/www.dvidshub.net\/video\/736928\/coleman-barracks-army-preposition-stock-begins-preparation-defender-europe-20\">Coleman Barracks Army Preposition Stock begins preparation for DEFENDER-Europe 20<\/a><\/li>\n<\/ul>\n<p>&nbsp;<\/p>\n<ul>\n<li><strong>Schreiben des S\u00e4chsischen St\u00e4dte- und\u00a0Gemeindetages e.V.<\/strong> an die \u201eOberb\u00fcrgermeister\/innen der Kreisfreien St\u00e4dte und die Vorsitzenden der Kreisverb\u00e4nde des SSG\u00a0mdB um Weiterleitung an die Mitglieder des Kreisverbandes\u201c mit Infos zu DEF20 <a href=\"https:\/\/stoppt-defender-2020.de\/wp-content\/uploads\/2020\/02\/sachsen_ssg_2020-01-28_us-defender2020.pdf\">sachsen_ssg_2020-01-28_us-defender2020<\/a><\/li>\n<\/ul>\n<p>&nbsp;<\/p>\n<ul>\n<li><strong>28.01.2020, Infografiken zu Aktivit\u00e4ten der US-Milit\u00e4rs &amp; Unterst\u00fctzungsleistungen der Bundeswehr in Deutschland:<\/strong>\u00a0 <a href=\"https:\/\/stoppt-defender-2020.de\/wp-content\/uploads\/2020\/01\/28012020-Folien-zu-DEF20-BMVg.pdf\">28012020 Folien zu DEF20 BMVg<\/a><\/li>\n<\/ul>\n<p>&nbsp;<\/p>\n<ul>\n<li><strong>Brief von AKK an die B\u00fcrgermeister im Land mit Infos zu DEF20<\/strong> <a href=\"https:\/\/stoppt-defender-2020.de\/wp-content\/uploads\/2020\/01\/29012020-B\u00fcrgermeister-Brief-DEF20-von-AKK.pdf\">29012020 B\u00fcrgermeister-Brief DEF20 von AKK<\/a><\/li>\n<\/ul>\n<p>&nbsp;<\/p>\n<ul>\n<li><strong>24.01.2020:<\/strong> <a href=\"https:\/\/deutsch.rt.com\/kurzclips\/97260-us-defender-europe-2020-bundeswehr-zeltstadt-us-soldaten\/\">US Defender Europe 2020: Bundeswehr baut Zeltlager samt Kronleuchtern f\u00fcr Tausende US-Soldaten<\/a><\/li>\n<\/ul>\n<p>&nbsp;<\/p>\n<ul>\n<li><strong>22.01.2020, der Bundesrat:<\/strong> <a href=\"https:\/\/www.bundesrat.de\/SharedDocs\/termine\/DE\/presse\/20200122-polit-v-sitzung.html\">Verteidigungsausschuss des Bundesrates tagte mit AKK<\/a><\/li>\n<\/ul>\n<p>&nbsp;<\/p>\n<ul>\n<li><strong>21.01.2020, Augsburger Allgemeine Zeitung:<\/strong> <a href=\"https:\/\/www.augsburger-allgemeine.de\/neu-ulm\/Ulm-wird-fuer-die-Nato-noch-wichtiger-id56514131.html\">Ulm wird f\u00fcr die Nato noch wichtiger. &#8230; Das Ulmer Nato-Kommando JSEC wird sich ab M\u00e4rz an Defender Europe 20 beteiligen.<\/a><\/li>\n<\/ul>\n<p>&nbsp;<\/p>\n<ul>\n<li><strong>14.01.2020, Augen geradeaus:<\/strong> <a href=\"https:\/\/augengeradeaus.net\/2020\/01\/defender-europe-20-us-verlegeuebung-als-test-auch-fuer-deutschland\/\">Defender Europe 20: US-Verlege\u00fcbung als Test auch f\u00fcr Deutschland.<\/a><\/li>\n<\/ul>\n<p>&nbsp;<\/p>\n<\/div>\n<\/div>\n<\/div>\n<\/div>\n<ul>\n<li><strong>10.01.2020 Brief von AKK an die Mitglieder des Verteidigungsausschusses mit Infos zu DEF20 <\/strong><a href=\"https:\/\/stoppt-defender-2020.de\/wp-content\/uploads\/2020\/01\/10012020-Brief-AKK-an-den-Vausschuss.pptx\">10012020 Brief AKK an den Vausschuss<\/a><\/li>\n<\/ul>\n<p>&nbsp;<\/p>\n<ul>\n<li><strong>14. Januar 2020, DEF20 in der Tagesschau:<\/strong><a href=\"https:\/\/www.tagesschau.de\/ausland\/defender-103.html\">&#8222;Defender 2020&#8220; startet Ende Januar. Es ist die gr\u00f6\u00dfte Verlegung von US-Truppen nach Europa &#8211; das NATO-Man\u00f6ver &#8222;Defender 2020&#8220;, das kommende Woche startet. Ein wichtiger Schauplatz ist Deutschland.<\/a><\/li>\n<\/ul>\n<ul>\n<li><strong>14. Januar 2020, Tagesschau-Kommentar:<\/strong> <a href=\"https:\/\/www.tagesschau.de\/kommentar\/defender-101.html\"><span class=\"headline\">Abschreckung als Absicherung.\u00a0<\/span>Das gro\u00dfangelegte Man\u00f6ver &#8222;Defender 2020&#8220; ist richtig und notwendig. Auch, weil es das klare Signal an Russland sendet: Im Fall der F\u00e4lle w\u00e4re die NATO bereit. Tagesschau-Kommentar von Birgit Schmeitzner.<\/a><\/li>\n<\/ul>\n<p>&nbsp;<\/p>\n<ul>\n<li><strong>10.01.2020, Defense Writers Group Press Briefing with General Tod Wolters, U.S. European Command:<\/strong> <a href=\"https:\/\/www.eucom.mil\/media-library\/transcript\/39945\/defense-writers-group-press-briefing\">&#8222;We will find things that we\u2019re not happy with. We will after-action review those. We will find remedies in the future . And when we have another large-scale exercise we\u2019ll demonstrate an ability to get through those snags &#8230;&#8220;<\/a><\/li>\n<\/ul>\n<p>&nbsp;<\/p>\n<p><strong>2019<\/strong><\/p>\n<ul>\n<li><strong>2019, Bundeswehr:<\/strong> <a href=\"https:\/\/www.bundeswehr.de\/de\/einsaetze-bundeswehr\/anerkannte-missionen\/efp-enhanced-forward-presence\">Die Bundeswehr in Litauen. <span lang=\"en\">Enhanced Forward Presence <\/span>dient der Sicherung der Ostflanke der <abbr title=\"North Atlantic Treaty Organization\">NATO<span class=\"is-aural\">North Atlantic Treaty Organization<\/span><\/abbr>.<\/a> Deutschland hat die F\u00fchrung der <span lang=\"en\">Battlegroup <\/span>in Litauen \u00fcbernommen.<\/li>\n<li><strong>16.12.2019, breakingdefense.com:<\/strong> <a href=\"https:\/\/breakingdefense.com\/2019\/12\/from-the-baltic-to-black-seas-defender-exercise-goes-big-with-a-big-price-tag\/?fbclid=IwAR0OkPE1scgQHbZuLOLF8J05ezvZ-pzlONCjOq0e8tPlvkOV6kqqY2MwVz4\">From The Baltic To Black Seas, Defender Exercise Goes Big, With Hefty Price Tag.<\/a>\u00a0The US Army is shipping 20,000 troops and their tanks to Europe in a major test of its ability to move bulk (relatively) quickly. NATO allies are helping clear the way.<\/li>\n<li><strong>2019 Rand Corp.:<\/strong> <a href=\"https:\/\/www.rand.org\/pubs\/conf_proceedings\/CF405.html\">Russia, NATO, and Black Sea Security Strategy:<\/a> (u.a.) \u201eA credible military deterrent posture need not match Russia militarily. Deployment of advanced air and coastal defense systems in Romania and Bulgaria to counter Russian offensive missile threats, expanded NATO exercises, and continued Western assistance to Ukraine and Georgia in the development of their national defense capabilities could enhance regional deterrence.\u201c<\/li>\n<li><strong>08.10.2019:<\/strong> <a href=\"https:\/\/www.heise.de\/tp\/features\/Defender-2020-Manoever-als-Infrastruktur-Stresstest-4549081.html\">Defender 2020: Man\u00f6ver als Infrastruktur-Stresstest<\/a><\/li>\n<li><strong>07.10.2019:<\/strong> <a href=\"https:\/\/www.welt.de\/politik\/ausland\/article201497034\/Defender-2020-USA-planen-militaerische-Grossuebung-mit-37-000-Soldaten-in-Europa.html\">USA planen milit\u00e4rische Gro\u00df\u00fcbung mit 37.000 Soldaten in Europa<\/a><\/li>\n<\/ul>\n<p><strong>2018<\/strong><\/p>\n<ul>\n<li><strong>08.08.2018, afsbeurope, Bericht \u00fcber das Nachschublager \u201eAPS-2 Duelmen\u201c<\/strong>: <a href=\"https:\/\/www.afsbeurope.army.mil\/News\/Article-Display\/Article\/1634837\/405th-army-field-brigade-command-team-visits-aps-2-duelmen\/\">405th Army Field Brigade command team visits APS-2 Duelmen<\/a><\/li>\n<\/ul>\n","protected":false},"excerpt":{"rendered":"<p>DEFENDER-Europe 20 &#8211; US Army Website DEF20 &#8211; Bundeswehr-Website &nbsp; 13.02.2020: Es geht nach DEF2020 weiter! Bundeswehr will 177 Millionen Euro f\u00fcr multinationale Man\u00f6ver ausgeben &nbsp; 12.02.2020: NRW: B\u00fcrger fragen, die Beh\u00f6rden antworten nicht: Duisburger Hafen: \u201eGeheimsache\u201c Nato-Man\u00f6ver Defender 2020 (WAZ-Artikel) Duisburger Hafen_ Geheimsache Nato-Mano\u0308ver Defender 2020 _ waz.de _ &nbsp; Militarisierung: Ab 1. April [&hellip;]<\/p>\n","protected":false},"author":3,"featured_media":0,"parent":0,"menu_order":0,"comment_status":"closed","ping_status":"closed","template":"","meta":{"footnotes":""},"class_list":["post-252","page","type-page","status-publish","hentry"],"_links":{"self":[{"href":"https:\/\/stoppt-defender-2020.de\/index.php\/wp-json\/wp\/v2\/pages\/252","targetHints":{"allow":["GET"]}}],"collection":[{"href":"https:\/\/stoppt-defender-2020.de\/index.php\/wp-json\/wp\/v2\/pages"}],"about":[{"href":"https:\/\/stoppt-defender-2020.de\/index.php\/wp-json\/wp\/v2\/types\/page"}],"author":[{"embeddable":true,"href":"https:\/\/stoppt-defender-2020.de\/index.php\/wp-json\/wp\/v2\/users\/3"}],"replies":[{"embeddable":true,"href":"https:\/\/stoppt-defender-2020.de\/index.php\/wp-json\/wp\/v2\/comments?post=252"}],"version-history":[{"count":52,"href":"https:\/\/stoppt-defender-2020.de\/index.php\/wp-json\/wp\/v2\/pages\/252\/revisions"}],"predecessor-version":[{"id":781,"href":"https:\/\/stoppt-defender-2020.de\/index.php\/wp-json\/wp\/v2\/pages\/252\/revisions\/781"}],"wp:attachment":[{"href":"https:\/\/stoppt-defender-2020.de\/index.php\/wp-json\/wp\/v2\/media?parent=252"}],"curies":[{"name":"wp","href":"https:\/\/api.w.org\/{rel}","templated":true}]}}