{"id":306,"date":"2020-01-07T00:05:24","date_gmt":"2020-01-06T23:05:24","guid":{"rendered":"https:\/\/stoppt-defender-2020.de\/?page_id=306"},"modified":"2020-03-17T10:07:37","modified_gmt":"2020-03-17T09:07:37","slug":"parlamentarisches","status":"publish","type":"page","link":"https:\/\/stoppt-defender-2020.de\/index.php\/parlamentarisches\/","title":{"rendered":"PARLAMENTE"},"content":{"rendered":"<p><a name=\"anfang\"><\/a><\/p>\n<p><strong>Wer nicht fragt, bleibt dumm &#8230;<\/strong><\/p>\n<p>Was wei\u00df die Politik \u00fcber das Gro\u00dfman\u00f6ver Def20? Wann werden die zust\u00e4ndigen Landes-, Kreis- und Ortsbeh\u00f6rden \u00fcber die milit\u00e4rischen Gro\u00dftransporte informiert? Was wissen sie \u00fcber Ablauf und die bevorstehenden Einschr\u00e4nkungen im zivilen Verkehr? Und danach: Wer erhebt die &#8211; erwartbaren &#8211; <a href=\"https:\/\/stoppt-defender-2020.de\/index.php\/parlamentarisches\/fragenkatalog-kommunal\/#4\">Sch\u00e4den an der zivilen Verkehrsinfrastruktur<\/a>, die durch die Milit\u00e4rtransporte \u00a0und \u00a0Man\u00f6verbewegungen verursacht wurden (und wer wird sie bezahlen)?<\/p>\n<p><strong>Hier ver\u00f6ffentlichen wir parlamentarische Initiativen: Antr\u00e4ge, Anfragen usw. aus dem Bundestag, den Landtagen und den kommunalen Parlamenten, das Man\u00f6ver DEF20 betreffend:<\/strong><\/p>\n<ul>\n<li><a href=\"#AnfragenKreistag\"><strong>Anregungen &amp; Anfragen im Kreistag zu Defender 2020<\/strong><\/a><\/li>\n<li><span style=\"color: #ff6600;\"><a style=\"color: #ff6600;\" href=\"https:\/\/stoppt-defender-2020.de\/index.php\/parlamentarisches\/fragenkatalog-kommunal\/\"><strong>Weitere Fragenkataloge zu DEF20 in der Kommunalpolitik<\/strong><\/a><\/span><\/li>\n<li><a href=\"#RolleLandeskommandos\"><strong>Zur Rolle der Bundeswehr-Landeskommandos<\/strong><\/a><\/li>\n<li><a href=\"#Landtage\"><strong>Parlamentarische Initiativen in den Landtagen<\/strong> <\/a><\/li>\n<li><a href=\"#Bundestag\"><strong>Parlamentarische Initiativen im Bundestag<\/strong> <\/a><\/li>\n<\/ul>\n<p style=\"text-align: center;\">***<\/p>\n<p style=\"text-align: center;\">EXTRA I:\u00a0<a href=\"https:\/\/stoppt-defender-2020.de\/index.php\/weiterfuehrende-links-zu-statements-analysen-der-militaerischen-sprengkoepfe\/\">Schreiben von AKK und kommunalen Zusammenschl\u00fcssen mit beh\u00f6rdlichen Informationen \u00fcber DEF20 findet Ihr hier.<\/a><\/p>\n<p style=\"font-size: 19px; text-align: center;\">***<\/p>\n<p style=\"text-align: center;\">EXTRA II: F\u00fcr die Anfragen und f\u00fcr die Beschaffung von weiteren Informationen k\u00f6nnen auch die zust\u00e4ndigen Landeskommandos der Bundeswehr angefragt werden: <a href=\"https:\/\/stoppt-defender-2020.de\/wp-content\/uploads\/2020\/02\/200218-AS-1980004-V60-Vors-VtgA-Kontaktdaten-und-Ansprechpartner-Man\u00f6ver-DEFENDER-2020.pdf\">Kontaktdaten und Ansprechpartner*innen der Landeskommandos<\/a><\/p>\n<p style=\"text-align: center;\">***<\/p>\n<p><strong>Bitte informiert uns, wenn Ihr solche parlamentarischen Initiativen auf den Weg bringt oder schon eingebracht habt (oder wenn Ihr Euch als B\u00fcrger*innen z.B. bei den Ordnungs\u00e4mtern, der Polizeibeh\u00f6rden, Feuerwehren usw. erkundigt habt \ud83d\ude09<\/strong><\/p>\n<p style=\"text-align: center;\"><span style=\"color: #ff6600;\"><strong>Texte\/Links bitte per Mail an: anti-defender2020@mail.de<\/strong><\/span><\/p>\n<p style=\"text-align: center;\">***<\/p>\n<p><a name=\"AnfragenKreistag\"><\/a><strong>\u00a0Anfragen im Kreistag zu Defender 2020:<\/strong><\/p>\n<ol>\n<li>Welche Informationen liegen der Kreisverwaltung zum NATO-Gro\u00dfman\u00f6ver \u201eDefender2020\u201c vor?<\/li>\n<li>Von welchen Beeintr\u00e4chtigungen f\u00fcr die Bev\u00f6lkerung im Stra\u00dfen- und Schienenverkehr in Zusammenhang mit dem NATO-Gro\u00dfman\u00f6ver \u201eDefender2020\u201c geht die Kreisverwaltung auf dem Gebiet des Landkreises aus?<\/li>\n<li>Welche Stra\u00dfen und Eisenbahnstrecken werden wann vom NATO-Gro\u00dfman\u00f6ver \u201eDefender2020\u201c bzw. von den damit verbundenen Truppentransporten betroffen sein?<\/li>\n<li>Welche Ma\u00dfnahmen werden seitens der Kreisverwaltung unternommen, um die Auswirkungen des NATO-Gro\u00dfman\u00f6vers \u201eDefender2020\u201c bzw. der damit verbunden Truppentransporte f\u00fcr die Bev\u00f6lkerung so gering wie m\u00f6glich zu halten?<\/li>\n<li>Mit welchen Auswirkungen des NATO-Gro\u00dfman\u00f6vers \u201eDefender2020\u201c bzw. der damit verbunden Truppentransporte f\u00fcr die Bev\u00f6lkerung ist seitens der Kreisverwaltung zu rechnen?<\/li>\n<li>Um welche Unterst\u00fctzung des NATO-Gro\u00dfman\u00f6vers \u201eDefender2020\u201c wurde die Kreisverwaltung gebeten?<\/li>\n<li>Wie stellt die Kreisverwaltung sicher, dass es zu keinen Sch\u00e4den durch die Truppentransporte des NATO-Gro\u00dfman\u00f6vers \u201eDefender2020\u201c an den Kreisstra\u00dfen sowie an Br\u00fccken, Tunneln oder Gehwegen im Landkreis kommt?<\/li>\n<li>Falls es zu Sch\u00e4den durch die Truppentransporte des NATO-Gro\u00dfman\u00f6vers \u201eDefender2020\u201c an den Kreisstra\u00dfen sowie an Br\u00fccken, Tunneln oder Gehwegen im Landkreis kommt, wer kommt daf\u00fcr auf?<\/li>\n<li>Wie wird die Kreisverwaltung die Bev\u00f6lkerung \u00fcber die Auswirkungen des NATO-Gro\u00dfman\u00f6vers \u201eDefender2020\u201c informieren?<\/li>\n<\/ol>\n<h4 style=\"text-align: center;\"><span style=\"color: #ff9900;\"><a style=\"color: #ff9900;\" href=\"https:\/\/stoppt-defender-2020.de\/index.php\/parlamentarisches\/fragenkatalog-kommunal\/\"><strong>Noch mehr Fragen gibt es hier!<\/strong><\/a><\/span><\/h4>\n<p style=\"text-align: center;\"><!--more-->*** <a href=\"#anfang\">top<\/a> ***<a name=\"RolleLandeskommandos\"><\/a><\/p>\n<ul>\n<li style=\"list-style-type: none;\">\n<ul>\n<li><strong>Anfrage der Fraktion DIE LINKE im Rat der Stadt Hamm, 16.03.2020: <\/strong><span style=\"color: #993300;\"><a style=\"color: #993300;\" href=\"https:\/\/stoppt-defender-2020.de\/wp-content\/uploads\/2020\/03\/Stlgnahme_1928_20.pdf\"><span style=\"color: #993300;\">Neun Fragen &amp; (k)eine Antwort zu Defender 2020<\/span><\/a><\/span><\/li>\n<li><strong>Anfrage der Fraktion DIE LINKE im Stadtrat D\u00fcsseldorf, 06.02.2020:<\/strong>\u00a0<a href=\"https:\/\/www.linksfraktion-duesseldorf.de\/nc\/stadtrat\/detail\/news\/defender-2020-truppenverlegungen-durch-duesseldorf\/\">Defender 2020 &#8211; Truppenverlegungen durch D\u00fcsseldorf (mit Antworten)<\/a><\/li>\n<li><strong>Anfrage der Fraktion DIE LINKE im Kreistag Ostprignitz-Ruppin, 03.02.2020:\u00a0 <\/strong><a href=\"https:\/\/www.dielinke-opr.de\/fileadmin\/ostprignitz-ruppin\/Kreistagsfraktion\/Anfragen\/Anfrage_Defender_2020.pdf\">Anfrage zum Nato-Man\u00f6ver Defender 2020.<\/a>\u00a0 Hier das <a href=\"https:\/\/www.dielinke-opr.de\/fileadmin\/ostprignitz-ruppin\/Kreistagsfraktion\/Anfragen\/Antworten_Anfragen\/Antwort_Defender2020.pdf\">Antwortschreiben<\/a>.<\/li>\n<\/ul>\n<ul>\n<li><strong>Anfrage der Fraktion DIE LINKE im Stadtrat von M\u00f6nchengladbach, 28.02.2020:<\/strong> <a href=\"http:\/\/www.linksfraktion-mg.de\/home\/ausschuesse\/pressemitteilungen\/769-defender2020\">Defender 2020 belastet Mensch und Umwelt<\/a><\/li>\n<\/ul>\n<ul>\n<li><strong>Anfrage der Fraktion DIE LINKE\/Die PARTEI im Kreistag Havelland zu Man\u00f6ver \u201eDefender2020\u201c, 28.01.2020: <\/strong><a href=\"https:\/\/stoppt-defender-2020.de\/wp-content\/uploads\/2020\/01\/2020-01-28_Havelland-Anfrage_Defender2020.pdf\">2020-01-28_Havelland Anfrage_Defender2020<\/a><\/li>\n<li><strong>Anfrage der Fraktion DIE LINKE, Stadtrat Aachen, 23.02.2020:\u00a0<\/strong>Truppentransporte im Zusammenhang mit Defender2020. <a href=\"https:\/\/stoppt-defender-2020.de\/wp-content\/uploads\/2020\/03\/200123_Ratsanfrage_DEF20.pdf\">Ratsanfrage Aachen<\/a>, <a href=\"https:\/\/stoppt-defender-2020.de\/wp-content\/uploads\/2020\/03\/StellungnRanfrage_LINKE_2020_01_23_Truppentran.pdf\">Antwort Anfrage Aachen<\/a><\/li>\n<\/ul>\n<ul>\n<li><strong>DIE LINKE M\u00fcnchen, Anfrage an den Oberb\u00fcrgermeister der Landeshauptstadt M\u00fcnchen:<\/strong> Gro\u00dfman\u00f6ver \u201eDefender 2020\u201c: Auswirkungen in M\u00fcnchen? <a href=\"https:\/\/stoppt-defender-2020.de\/wp-content\/uploads\/2020\/01\/200109_KVR_BW_Anfrage_Defender2020-1.pdf\">200109_KVR_BW_Anfrage_Defender2020<\/a><\/li>\n<\/ul>\n<\/li>\n<\/ul>\n<p>&nbsp;<\/p>\n<p style=\"text-align: center;\">*** <a href=\"#anfang\">top<\/a> ***<\/p>\n<p>&nbsp;<\/p>\n<p><a name=\"RolleLandeskommandos\"><\/a><strong>Rolle der Bundeswehr-Landeskommandos:<\/strong><\/p>\n<p>Dar\u00fcber, wie z.B. der Landkreis G\u00f6rlitz und der Freistaat Sachsen in den Ablauf von DEF20 eingebunden sind, informiert die Landesregierung in ihrer <a href=\"http:\/\/edas.landtag.sachsen.de\/viewer.aspx?dok_nr=135&amp;dok_art=Drs&amp;leg_per=7&amp;pos_dok=1&amp;dok_id=undefined\">Antwort auf eine KA der Linksfraktion<\/a>:\u00a0<em>&#8222;Die Marschbefehle der einzelnen Marschkonvois werden von der Bundeswehr \u00fcber das Landeskommando Sachsen dem Lagezentrum der Staatsregierung beim Staatsministerium des Innern \u00fcbermittelt und von dort aus den betroffenen Beh\u00f6rden und Dienststellen der Polizei \u00fcbersandt. (&#8230;) Im Vorfeld der Truppenbewegungen erfolgen zwischen der Kommandantur des Truppen\u00fcbungsplatzes Oberlausitz, der Polizeidirektion G\u00f6rlitz und dem Landkreis G\u00f6rlitz als \u00f6rtlich zust\u00e4ndige Stra\u00dfenverkehrsbeh\u00f6rde.&#8220; <\/em><a href=\"https:\/\/stoppt-defender-2020.de\/wp-content\/uploads\/2020\/02\/200218-AS-1980004-V60-Vors-VtgA-Kontaktdaten-und-Ansprechpartner-Man\u00f6ver-DEFENDER-2020.pdf\">Kontaktdaten und Ansprechpartner*innen der Landeskommandos<\/a><\/p>\n<p>&nbsp;<\/p>\n<p style=\"text-align: center;\">*** <a href=\"#anfang\">top<\/a> ***<\/p>\n<p>&nbsp;<\/p>\n<p style=\"text-align: left;\"><a name=\"Landtage\"><\/a><strong>Parlamentarische Initiativen in den Landtagen:<br \/>\n<\/strong><\/p>\n<p>&nbsp;<\/p>\n<ul>\n<li style=\"list-style-type: none;\">\n<ul>\n<li style=\"list-style-type: none;\">\n<ul>\n<li><strong>Initiative der Fraktion DIE LINKE im Landtag Sachsen-Anhalt:<\/strong> Regierung soll sich gegen das Man\u00f6ver Defender2020 aussprechen. <a href=\"https:\/\/www.rtl.de\/cms\/linke-kritisiert-nato-manoever-defender-europe-2020-4495831.html\">Zum Presseartikel<\/a>. Zum<a href=\"https:\/\/padoka.landtag.sachsen-anhalt.de\/files\/drs\/wp7\/drs\/d5728dan.pdf\"> Antrag<\/a> der Landtagsfraktion.<\/li>\n<\/ul>\n<ul>\n<li><strong>Antrag Fraktion DIE LINKE im hessischen Landtag:<\/strong> <a href=\"http:\/\/starweb.hessen.de\/cache\/DRS\/20\/3\/02363.pdf\">\u201eNATO-Gro\u00dfman\u00f6ver &#8218;Defender 2020&#8216; ist unverantwortliches S\u00e4belrasseln und gef\u00e4hrdet Frieden und Sicherheit in Europa\u201c<\/a> (20\/2363). <a href=\"https:\/\/hessischer-landtag.de\/termine\/35-plenarsitzung-0\">\u00dcbertragung der Debatte im Hessischen Landtag<\/a> am Donnerstag, 20.02.2020, ab ca. 15 Uhr als TOP 24; sp\u00e4ter als Aufzeichnung in der <a href=\"https:\/\/www.youtube.com\/channel\/UCXSXIdD3uUFCfU3Eb1ZxLQA\/videos\">Mediathek<\/a>.<\/li>\n<\/ul>\n<ul>\n<li><strong>Abgeordnetenhaus Berlin, Fraktion DIE LINKE:\u00a0<\/strong>Schriftliche Anfrage NATO Man\u00f6ver \u201eDefender Europe 2020\u201c\u00a0 &#8211; Auswirkungen f\u00fcr Berlin (Abgabe am 29012020) <a href=\"https:\/\/stoppt-defender-2020.de\/wp-content\/uploads\/2020\/01\/SchrAnfr_Defender2020-002.pdf\">SchrAnfr_Defender2020 (002)<\/a> und die Antwort vom 17.02.2020: <a href=\"https:\/\/stoppt-defender-2020.de\/wp-content\/uploads\/2020\/02\/18022020-KA-Antwort-Berlin-frei.pdf\">18022020 KA &amp; Antwort Berlin frei<\/a><\/li>\n<\/ul>\n<\/li>\n<\/ul>\n<\/li>\n<\/ul>\n<ul>\n<li style=\"list-style-type: none;\">\n<ul>\n<li style=\"list-style-type: none;\">\n<ul>\n<li>Hamburger B\u00fcrgerschaft, Fraktion DIE LINKE: Schriftliche Anfrage &#8222;Wie weit ist die Stadt Hamburg vom Nato Man\u00f6ver Defender2020 betroffen?&#8220; <a href=\"https:\/\/www.buergerschaft-hh.de\/parldok\/dokument\/69636\/wie_weit_ist_hamburg_vom_nato_manoever_defender_2020_betroffen_ii_nachfragen_zu_drs_21_19285.pdf\">Link zum PDF<\/a>.<\/li>\n<li><strong>Brandenburgischer Landtag, Fraktion DIE LINKE:<\/strong> <a href=\"http:\/\/www.dokumentation.landtag-mv.de\/parldok\/dokument\/45163\/nato_manoever_defender_europe_20.pdf\">Kleine Anfrage Peter Ritter: NATO-Man\u00f6ver \u201eDefender Europe 20\u201c &#8230; und Antwort der Landesregierung (14.01.2020,\u00a0Drs.-Nr.: 7\/4577)<\/a><a href=\"https:\/\/www.linksfraktionmv.de\/politik\/aktuelles\/detail\/news\/stell-dir-vor-es-ist-manoever-und-keiner-soll-oder-darf-wissen-wo\/\">Kommentar<\/a> von Peter Ritter zur Antwort der Landesregierung<\/li>\n<\/ul>\n<\/li>\n<\/ul>\n<\/li>\n<\/ul>\n<p>&nbsp;<\/p>\n<ul>\n<li style=\"list-style-type: none;\">\n<ul>\n<li style=\"list-style-type: none;\">\n<ul>\n<li><strong>Hessischer Landtag, Fraktion DIE LINKE:<\/strong> <a href=\"http:\/\/starweb.hessen.de\/cache\/DRS\/20\/7\/01467.pdf\">Kleine Anfrage Jan Schalauske: Auswirkungen des \u201eDefender 2020\u201c-Man\u00f6vers der US-Streitkr\u00e4fte auf Hessen und Antwort Chef der Staatskanzlei (12.12.2019, Drs.-Nr.:\u00a0 20\/1467)<\/a><\/li>\n<\/ul>\n<\/li>\n<\/ul>\n<\/li>\n<\/ul>\n<p>&nbsp;<\/p>\n<ul>\n<li style=\"list-style-type: none;\">\n<ul>\n<li style=\"list-style-type: none;\">\n<ul>\n<li><strong>S\u00e4chsischer Landtag, Fraktion DIE LINKE:<\/strong> <a href=\"http:\/\/edas.landtag.sachsen.de\/viewer.aspx?dok_nr=568&amp;dok_art=Drs&amp;leg_per=7&amp;pos_dok=0&amp;dok_id=undefined\">Antrag: Frieden sichern: Freistaat Sachsen nicht l\u00e4nger als Aufmarschgebiet von NATO-Kr\u00e4ften gegen Russland nutzen! (19.11.2019, Drs.-Nr.: 7\/568) <\/a><a href=\"https:\/\/www.linksfraktionsachsen.de\/nc\/presse\/detail\/news\/linksfraktion-macht-manoever-defender-europe-2020-zum-thema-im-landtag-mertsching-wir-rufen-zu-f\/\">Die PM zum Antrag<\/a> von Antonia Mertsching<\/li>\n<\/ul>\n<\/li>\n<\/ul>\n<\/li>\n<\/ul>\n<p>&nbsp;<\/p>\n<ul>\n<li style=\"list-style-type: none;\">\n<ul>\n<li style=\"list-style-type: none;\">\n<ul>\n<li><strong>S\u00e4chsischer Landtag, Fraktion DIE LINKE: <\/strong><a href=\"http:\/\/edas.landtag.sachsen.de\/viewer.aspx?dok_nr=135&amp;dok_art=Drs&amp;leg_per=7&amp;pos_dok=1&amp;dok_id=undefined\">Kleine Anfrage Mirko Schultze: Man\u00f6ver auf dem Truppen\u00fcbungsplatz Oberlausitz inklusive \u201eDefender 2020\u201c (06.11.2019, Drs.-Nr.: 7\/135)<\/a><\/li>\n<\/ul>\n<\/li>\n<\/ul>\n<\/li>\n<\/ul>\n<p>&nbsp;<\/p>\n<p style=\"text-align: center;\">*** <a href=\"#anfang\">top<\/a> ***<\/p>\n<p>&nbsp;<\/p>\n<p><a name=\"Bundestag\"><\/a><strong>Parlamentarische Initiativen im Bundestag:<\/strong><\/p>\n<p>&nbsp;<\/p>\n<ul>\n<li style=\"list-style-type: none;\">\n<ul>\n<li style=\"list-style-type: none;\">\n<ul>\n<li><strong>04.03.2020:<\/strong> <strong>Schriftliche Fragen von Zaklin Nastic \u00fcber Auswirkungen von Defender 2020 in Hamburg<\/strong><br \/>\nStand: beantwortet; von der Bundesregierung als &#8222;Verschlusssache, nur f\u00fcr den Dienstgebrauch&#8220; eingestuft.<\/li>\n<\/ul>\n<\/li>\n<\/ul>\n<\/li>\n<\/ul>\n<p>&nbsp;<\/p>\n<ul>\n<li style=\"list-style-type: none;\">\n<ul>\n<li style=\"list-style-type: none;\">\n<ul>\n<li><strong><strong><strong>03.03.2020,\u00a0Schriftliche Fragen f\u00fcr M\u00e4rz 2020 von Kathrin Vogler:<br \/>\n<\/strong><\/strong><\/strong>1) An welchen Tagen und auf welchen Strecken bewegt sich nach Kenntnis der Bundesregierung das Man\u00f6ver \u201eDefender Europe 2020\u201c durch den Regierungsbezirk Arnsberg (bitte mit evtl. Zwischenstationen)?<br \/>\n2) Welche Verkehrsmittel (Stra\u00dfe und\/oder Schiene) werden dabei genutzt und kommt es zu absehbaren Verkehrsbehinderungen (etwa durch Stra\u00dfensperrungen oder sonstige verkehrsleitende Ma\u00dfnahmen)?<\/li>\n<\/ul>\n<\/li>\n<\/ul>\n<\/li>\n<\/ul>\n<p>&nbsp;<\/p>\n<ul>\n<li style=\"list-style-type: none;\">\n<ul>\n<li style=\"list-style-type: none;\">\n<ul>\n<li><strong>28.02.2020, Schriftliche Frage 2\/316, Sevim Dagdelen<br \/>\n<\/strong>&#8222;Inwieweit wird nach aktueller Kenntnis der Bundesregierung der Zust\u00e4ndig\u00adkeitsbereich des Regierungsbezirks Arnsberg in Nordrhein-Westfalen in das Man\u00f6ver &#8222;DEFENDER 2020&#8220; involviert sein (bitte getrennt nach beantragten und genehmigten milit\u00e4rischen Marschstrecken einschlie\u00dflich Datum und Zeit sowie Verkehrstr\u00e4ger auflisten) und welche Verkehrseinschr\u00e4nkungen (Streckensperrung<sup>&#8211;<\/sup>en oder \u00e4hnliche verkehrsleitende Ma\u00dfnahmen) sind nach Kenntnis der Bundesregierung f\u00fcr die Marschstrecken vorgesehen?&#8220;<img loading=\"lazy\" decoding=\"async\" class=\"aligncenter wp-image-1232 size-full\" src=\"https:\/\/stoppt-defender-2020.de\/wp-content\/uploads\/2020\/03\/28022020-SF-Dagdelen.png\" alt=\"\" width=\"632\" height=\"298\" srcset=\"https:\/\/stoppt-defender-2020.de\/wp-content\/uploads\/2020\/03\/28022020-SF-Dagdelen.png 632w, https:\/\/stoppt-defender-2020.de\/wp-content\/uploads\/2020\/03\/28022020-SF-Dagdelen-300x141.png 300w, https:\/\/stoppt-defender-2020.de\/wp-content\/uploads\/2020\/03\/28022020-SF-Dagdelen-150x71.png 150w\" sizes=\"auto, (max-width: 632px) 100vw, 632px\" \/><\/li>\n<\/ul>\n<\/li>\n<\/ul>\n<\/li>\n<\/ul>\n<p>&nbsp;<\/p>\n<ul>\n<li style=\"list-style-type: none;\">\n<ul>\n<li style=\"list-style-type: none;\">\n<ul>\n<li><strong><strong>27.02.2020, Schriftliche Fragen f\u00fcr Februar 2020 von Kathrin Vogler:<br \/>\n<\/strong><\/strong>1) Welche zivilen Unternehmen in Deutschland sind als Dienstleister in die Organisation der Verlege\u00fcbung \u201eDefender Europe 2020\u201c eingebunden (bitte nach Firma, Zeitraum der Dienstleistungen und Aufgabenbeschreibung aufschl\u00fcsseln) und wie hoch sind die vertraglich vereinbarten Kosten, die f\u00fcr diese Dienstleistungen anfallen?2) Wie hoch sind die Kosten, die die Bundeswehr f\u00fcr ihre eigenen logistischen Unterst\u00fctzungsleistungen im Rahmen der Verlege\u00fcbung \u201eDefender Europe 2020\u201c veranschlagt und wie hoch sind die Kosten f\u00fcr ihre aktive milit\u00e4rische Teilnahme?<\/li>\n<\/ul>\n<\/li>\n<\/ul>\n<\/li>\n<\/ul>\n<p style=\"text-align: center;\">***<\/p>\n<ul>\n<li style=\"list-style-type: none;\">\n<ul>\n<li style=\"list-style-type: none;\">\n<ul>\n<li><strong>26.02.2020, Schriftliche Frage f\u00fcr Februar von Friedrich Straetmanns und Antwort der BuRe:<\/strong><\/li>\n<\/ul>\n<\/li>\n<\/ul>\n<\/li>\n<\/ul>\n<p><img loading=\"lazy\" decoding=\"async\" class=\"aligncenter wp-image-1140 size-large\" src=\"https:\/\/stoppt-defender-2020.de\/wp-content\/uploads\/2020\/03\/EF1AB9AA-1044-45A6-AE19-57A41789FE0F-1024x616.jpeg\" alt=\"\" width=\"960\" height=\"578\" srcset=\"https:\/\/stoppt-defender-2020.de\/wp-content\/uploads\/2020\/03\/EF1AB9AA-1044-45A6-AE19-57A41789FE0F-1024x616.jpeg 1024w, https:\/\/stoppt-defender-2020.de\/wp-content\/uploads\/2020\/03\/EF1AB9AA-1044-45A6-AE19-57A41789FE0F-300x180.jpeg 300w, https:\/\/stoppt-defender-2020.de\/wp-content\/uploads\/2020\/03\/EF1AB9AA-1044-45A6-AE19-57A41789FE0F-150x90.jpeg 150w, https:\/\/stoppt-defender-2020.de\/wp-content\/uploads\/2020\/03\/EF1AB9AA-1044-45A6-AE19-57A41789FE0F-768x462.jpeg 768w, https:\/\/stoppt-defender-2020.de\/wp-content\/uploads\/2020\/03\/EF1AB9AA-1044-45A6-AE19-57A41789FE0F.jpeg 1054w\" sizes=\"auto, (max-width: 960px) 100vw, 960px\" \/><\/p>\n<p>&nbsp;<\/p>\n<ul>\n<li style=\"list-style-type: none;\">\n<ul>\n<li style=\"list-style-type: none;\">\n<ul>\n<li><strong>11.02.2020: <\/strong><a href=\"http:\/\/dip21.bundestag.de\/dip21\/btd\/19\/171\/1917107.pdf\"><strong>Antrag Fraktion DIE LINKE im Bundestag:<\/strong> DEFENDER 2020 stoppen \u2013 Keine Unterst\u00fctzung f\u00fcr Milit\u00e4raufmarsch an der russischen Grenze<\/a>; 13.02.2020: <a href=\"https:\/\/www.bundestag.de\/dokumente\/textarchiv\/2020\/kw07-de-us-soldaten-abzug-680766\">Debatte im Plenum <\/a>; <strong>17.10.2019: <\/strong><a href=\"http:\/\/dip21.bundestag.de\/dip21\/btd\/19\/141\/1914152.pdf\"><strong>Antrag Fraktion DIE LINKE:<\/strong>\u00a0Linke fordert Abzug von US-Soldaten aus Deutschland<\/a>; 13.02.2020:\u00a0<a href=\"https:\/\/www.bundestag.de\/dokumente\/textarchiv\/2020\/kw07-de-us-soldaten-abzug-680766\">Debatte im Plenum<\/a><\/li>\n<\/ul>\n<\/li>\n<\/ul>\n<\/li>\n<\/ul>\n<ul>\n<li style=\"list-style-type: none;\">\n<ul>\n<li style=\"list-style-type: none;\">\n<ul>\n<li><strong>10.02.2020: <a href=\"http:\/\/dip21.bundestag.de\/dip21\/btd\/19\/175\/1917506.pdf\">Kleine Anfrage Ulla Jelpke et al:<\/a>\u00a0<\/strong>Einbindung und Unterst\u00fctzungsleistungen ziviler Beh\u00f6rden und Einrichtungen in Zusammenhang mit dem Man\u00f6ver Defender 2020 (im Verfahren)<\/li>\n<\/ul>\n<\/li>\n<\/ul>\n<\/li>\n<\/ul>\n<ul>\n<li style=\"list-style-type: none;\">\n<ul>\n<li style=\"list-style-type: none;\">\n<ul>\n<li><span class=\"s6\"><strong>05.02.2020: Kleine Anfrage Tobias Pfl\u00fcger et al:<\/strong> Milit\u00e4r\u00fcbung Defender 2020<\/span><span class=\"s6\"> und parallel stattfindende \u00dcbungen (im Verfahren)<\/span><\/li>\n<\/ul>\n<\/li>\n<\/ul>\n<\/li>\n<\/ul>\n<ul>\n<li style=\"list-style-type: none;\">\n<ul>\n<li style=\"list-style-type: none;\">\n<ul>\n<li><span style=\"color: #ff6600;\"><strong>Schriftliche Fragen 1\/368 bis 1\/370 des Abgeordneten Friedrich Straetmanns, Fraktion DIE LINKE im Bundestag, vom 28. Januar 2020, <\/strong><strong>eingegangen beim Bundeskanzleramt am 29. Januar 2020, geantwortet hat das BMVg:<\/strong><\/span><\/li>\n<\/ul>\n<ol>\n<li><strong>Schriftliche Frage 1\/368: An welchen Tagen und auf welcher Strecke bewegt sich nach Kenntnis der Bundesregierung das Man\u00f6ver \u201eDefender Europe 2020&#8243; durch den Regierungsbezirk Detmold?<\/strong> (Die Antwort ist als &#8222;VS&#8220; eingestuft)<\/li>\n<li><strong>Schriftliche Frage 1\/369: Welche Verkehrsmittel werden dabei genutzt und kommt es zu absehbaren Verkehrsbehinderungen (etwa durch Stra\u00dfensperrungen oder \u00e4hnliche verkehrsleitende Ma\u00dfnahmen)?<\/strong> Antwort BMVg: F\u00fcr den Regierungsbezirk Detmold liegen die aufgef\u00fchrten Anmeldungen f\u00fcr milit\u00e4rische Marschbewegungen auf der Stra\u00dfe vor. Transporte mit anderen Verkehrstr\u00e4gern wurden durch die Bundeswehr nicht beauftragt. Zu direkten Beauftragungen durch alliierte Streitkr\u00e4fte liegen keine Informationen vor. Es sind keine Stra\u00dfensperrungen oder verkehrsleitenden Ma\u00dfnahmen bekannt.<\/li>\n<li><strong>Schriftliche Frage 1\/370: \u201eSind Zwischenstationen geplant, und wenn ja, wo?<\/strong> Antwort BMVg: Die bisher beantragten Marschbewegungen auf der Stra\u00dfe starten und enden an den Standorten Augustdorf und Sennelager im Zust\u00e4ndigkeitsbereich Regierungsbezirk Detmold oder passieren den Regierungsbezirk Detmold ohne Zwischenhalt.<\/li>\n<\/ol>\n<\/li>\n<\/ul>\n<\/li>\n<\/ul>\n<ul>\n<li style=\"list-style-type: none;\">\n<ul>\n<li style=\"list-style-type: none;\">\n<ul>\n<li><strong>08.01.2020: Kleine Anfrage Kathrin Vogler et al:\u00a0<\/strong><a href=\"http:\/\/dip21.bundestag.de\/dip21\/btd\/19\/170\/1917000.pdf\">Milit\u00e4rische Nutzung der Deutschen Bahn und Milit\u00e4rtransporte auf Wasserstra\u00dfen w\u00e4hrend des Gro\u00dfman\u00f6vers Defender 2020<\/a> (im Verfahren)<\/li>\n<\/ul>\n<\/li>\n<\/ul>\n<\/li>\n<\/ul>\n<ul>\n<li style=\"list-style-type: none;\">\n<ul>\n<li style=\"list-style-type: none;\">\n<ul>\n<li><strong>25.11.2019: Schriftliche Frage von Alexander S. Neu:\u00a0<\/strong>zu DEF20 &amp; die Antwort des BMVg: <a href=\"https:\/\/stoppt-defender-2020.de\/wp-content\/uploads\/2020\/01\/19-12-11_Antwort_Truppenverlegung_DEF20.pdf\">19-12-11_Antwort_Truppenverlegung_DEF20<\/a>.<\/li>\n<\/ul>\n<\/li>\n<\/ul>\n<\/li>\n<\/ul>\n<ul>\n<li style=\"list-style-type: none;\">\n<ul>\n<li style=\"list-style-type: none;\">\n<ul>\n<li><strong>25.10.2019: Schriftliche Frage von Jan Korte:<\/strong> \u201eWann hat die Bundesregierung die Durchf\u00fchrung und Beteiligung an der f\u00fcr das Fr\u00fchjahr 2020 geplanten Gro\u00df\u00fcbung \u201eDefender 2020\u201c der USA und anderer NATO-L\u00e4nder beschlossen, und welche Ressorts waren an der Entscheidung beteiligt?\u201c <a href=\"http:\/\/dip21.bundestag.de\/dip21\/btd\/19\/144\/1914492.pdf\">(Bundestagsprotokoll, S. 42)<\/a><\/li>\n<\/ul>\n<\/li>\n<\/ul>\n<\/li>\n<\/ul>\n<p>&nbsp;<\/p>\n<p style=\"text-align: center;\">*** <a href=\"#anfang\">top<\/a> ***<\/p>\n","protected":false},"excerpt":{"rendered":"<p>Wer nicht fragt, bleibt dumm &#8230; Was wei\u00df die Politik \u00fcber das Gro\u00dfman\u00f6ver Def20? Wann werden die zust\u00e4ndigen Landes-, Kreis- und Ortsbeh\u00f6rden \u00fcber die milit\u00e4rischen Gro\u00dftransporte informiert? Was wissen sie \u00fcber Ablauf und die bevorstehenden Einschr\u00e4nkungen im zivilen Verkehr? Und danach: Wer erhebt die &#8211; erwartbaren &#8211; Sch\u00e4den an der zivilen Verkehrsinfrastruktur, die durch die [&hellip;]<\/p>\n","protected":false},"author":3,"featured_media":0,"parent":0,"menu_order":0,"comment_status":"closed","ping_status":"closed","template":"","meta":{"footnotes":""},"class_list":["post-306","page","type-page","status-publish","hentry"],"_links":{"self":[{"href":"https:\/\/stoppt-defender-2020.de\/index.php\/wp-json\/wp\/v2\/pages\/306","targetHints":{"allow":["GET"]}}],"collection":[{"href":"https:\/\/stoppt-defender-2020.de\/index.php\/wp-json\/wp\/v2\/pages"}],"about":[{"href":"https:\/\/stoppt-defender-2020.de\/index.php\/wp-json\/wp\/v2\/types\/page"}],"author":[{"embeddable":true,"href":"https:\/\/stoppt-defender-2020.de\/index.php\/wp-json\/wp\/v2\/users\/3"}],"replies":[{"embeddable":true,"href":"https:\/\/stoppt-defender-2020.de\/index.php\/wp-json\/wp\/v2\/comments?post=306"}],"version-history":[{"count":143,"href":"https:\/\/stoppt-defender-2020.de\/index.php\/wp-json\/wp\/v2\/pages\/306\/revisions"}],"predecessor-version":[{"id":1294,"href":"https:\/\/stoppt-defender-2020.de\/index.php\/wp-json\/wp\/v2\/pages\/306\/revisions\/1294"}],"wp:attachment":[{"href":"https:\/\/stoppt-defender-2020.de\/index.php\/wp-json\/wp\/v2\/media?parent=306"}],"curies":[{"name":"wp","href":"https:\/\/api.w.org\/{rel}","templated":true}]}}