{"id":772,"date":"2020-02-14T11:00:31","date_gmt":"2020-02-14T10:00:31","guid":{"rendered":"https:\/\/stoppt-defender-2020.de\/?page_id=772"},"modified":"2020-03-10T14:02:45","modified_gmt":"2020-03-10T13:02:45","slug":"militaerbewegungen-termine-uebersicht","status":"publish","type":"page","link":"https:\/\/stoppt-defender-2020.de\/index.php\/militaersches\/militaerbewegungen-termine-uebersicht\/","title":{"rendered":"Milit\u00e4rbewegungen * Termine * \u00dcbersicht"},"content":{"rendered":"<h3>Milit\u00e4rbewegungen im Rahmen von Defender2020<\/h3>\n<p>Auf dieser Seite werden Informationen zu den Milit\u00e4r- und Truppenbewegungen im Rahmen des Defender2020 Man\u00f6vers gesammelt und archiviert. Auf dieser Seite sind vergangene und angek\u00fcndigte, zu erwartende Truppenbewegungen aufgelistet. Informationen zu den Protesten, Demonstrationen und Aktionsvorbereitungen sind unter der Rubrik <a href=\"https:\/\/stoppt-defender-2020.de\/index.php\/2020\/01\/20\/termine\/\">Termine<\/a> zu finden.<\/p>\n<p style=\"text-align: center;\">***<\/p>\n<p><img loading=\"lazy\" decoding=\"async\" class=\"size-medium wp-image-1005 aligncenter\" src=\"https:\/\/stoppt-defender-2020.de\/wp-content\/uploads\/2020\/02\/25022020-Adressenliste-Kommandos-BW-300x221.png\" alt=\"\" width=\"300\" height=\"221\" srcset=\"https:\/\/stoppt-defender-2020.de\/wp-content\/uploads\/2020\/02\/25022020-Adressenliste-Kommandos-BW-300x221.png 300w, https:\/\/stoppt-defender-2020.de\/wp-content\/uploads\/2020\/02\/25022020-Adressenliste-Kommandos-BW-150x110.png 150w, https:\/\/stoppt-defender-2020.de\/wp-content\/uploads\/2020\/02\/25022020-Adressenliste-Kommandos-BW-768x566.png 768w, https:\/\/stoppt-defender-2020.de\/wp-content\/uploads\/2020\/02\/25022020-Adressenliste-Kommandos-BW.png 960w\" sizes=\"auto, (max-width: 300px) 100vw, 300px\" \/><\/p>\n<p style=\"text-align: center;\"><a href=\"https:\/\/stoppt-defender-2020.de\/wp-content\/uploads\/2020\/02\/200218-AS-1980004-V60-Vors-VtgA-Kontaktdaten-und-Ansprechpartner-Man\u00f6ver-DEFENDER-2020-1.pdf\">200218-AS-1980004-V60-Vors-VtgA-Kontaktdaten-und-Ansprechpartner-Man\u00f6ver-DEFENDER-2020<\/a><\/p>\n<p style=\"text-align: center;\">***<\/p>\n<h3><span style=\"color: #ff6600;\">\u00dcbersicht: DEF20-&#8222;Milit\u00e4rbewegungen&#8220;<\/span><\/h3>\n<ul>\n<li><strong>&#8222;Mitte M\u00e4rz 2020&#8220;<\/strong><\/li>\n<\/ul>\n<p>\u201eMitte M\u00e4rz erreichen die US-Truppen der \u00dcbung DEFENDER-Europe 20 auch Sachsen. Rund 3.000 Soldaten und rund 1.500 Fahrzeuge bewegen sich dann durch den Freistaat und machen Rast bei der Bundeswehr. Das Landeskommando Sachsen, der Truppen\u00fcbungsplatz Oberlausitz, die Wettiner Kaserne und zivile s\u00e4chsische Beh\u00f6rden haben alles vorbereitet.\u201c<\/p>\n<p><a href=\"https:\/\/www.bundeswehr.de\/de\/organisation\/streitkraeftebasis\/aktuelles\/defender-europe-20-in-sachsen-truppentransporte-perfekt-koordiniert-201338?fbclid=IwAR3WJ7FzW_myo7K_OmTL3p-XUsYNtqwQlou2qfeArlynPQqnEu5LMmXRi9A\">Weitere Infos<\/a>.<\/p>\n<ul>\n<li><strong>08.03.2020:<\/strong><\/li>\n<\/ul>\n<p>Die US-Armee und die Bundeswehr haben in Frankenberg eine gemeinsame &#8222;Informationsveranstaltung&#8220; zu Defender 2020 durchgef\u00fchrt. Zwar ist diese Veranstaltung keine Milit\u00e4rbewegung im klassischen Sinne, jedoch traten neben Offizieren auch die Band der US-Armee auf.<\/p>\n<p><iframe loading=\"lazy\" title=\"Defender Europe 2020: Informationsveranstaltung in Frankenberg\" width=\"960\" height=\"540\" src=\"https:\/\/www.youtube.com\/embed\/I4zgiV6g9zc?feature=oembed\" frameborder=\"0\" allow=\"accelerometer; autoplay; encrypted-media; gyroscope; picture-in-picture\" allowfullscreen><\/iframe><\/p>\n<ul>\n<li><strong>08.03.2020:\u00a0<\/strong><\/li>\n<\/ul>\n<p>Ein lauter Knall unter Bahnhofbr\u00fccke in Wei\u00dfwasser. Ein mit Panzern f\u00fcr das Nato-Man\u00f6ver Defender 2020 beladener Zug hat am Sonnabend das Br\u00fcckenbauwerk gestreift. Jetzt ist die B 156 nach Bad Muskau gesperrt.<\/p>\n<p>Zum<a href=\"https:\/\/www.lr-online.de\/lausitz\/weisswasser\/defender-2020-panzerzug-streift-bahnhofsbruecke-in-weisswasser-44406832.html?fbclid=IwAR0Uc_SUgJlATf-Q4txZloaiqwAE50na8idh05uGXWaYYm3kt5IpH-dVVTI\"> Artikel<\/a>.<\/p>\n<ul>\n<li><strong>07.03.2020:\u00a0<\/strong><\/li>\n<\/ul>\n<p>Beitrag aus dem Bahnforum &#8222;Drehscheibe Online&#8220;<\/p>\n<p>&#8222;Heute gab es mal wieder etwas zu erleben auf der Strecke Cottbus &#8211; Wei\u00dfwasser &#8211; G\u00f6rlitz.<br \/>\nAm Vormittag brachte 232 531 einen Milit\u00e4rzug nach Wei\u00dfkei\u00dfel. Gegen Mittag tauchte unverhofft beim warten auf den zweiten Milit\u00e4rzug, 03 2155 mit einem Personenzug aus G\u00f6rlitz auf, die in Wei\u00dfwasser Kopf machte und sp\u00e4ter wieder nach G\u00f6rlitz davon dampfte. Das eigentliche Highlight des Tages kam um 13.10 mit 232 512 und einem Milit\u00e4rzug der US Armee.&#8220;<\/p>\n<p>Zum <a href=\"https:\/\/www.drehscheibe-online.de\/foren\/read.php?004,9237054\">Forum<\/a>.<\/p>\n<ul>\n<li><strong>M\u00e4rz 2020:\u00a0<\/strong><\/li>\n<\/ul>\n<p>Die Transporte durch Mecklenburg-Vorpommern brauchen l\u00e4nger als geplant. Eigentlich sollte diese bis zum 6. M\u00e4rz beendet werden.<\/p>\n<p>Zum<a href=\"https:\/\/www.welt.de\/regionales\/mecklenburg-vorpommern\/article206350951\/US-Transporte-fuer-Defender-Europe-2020-dauern-laenger.html\"> Artikel<\/a>.<\/p>\n<ul>\n<li><strong>&#8222;Mitte M\u00e4rz&#8220; 2020:<\/strong><\/li>\n<\/ul>\n<p>Ein Gro\u00dfteil der durch Sachsen-Anhalt rollenden Konvois wird f\u00fcr Mitte M\u00e4rz erwartet. \u00dcber genaue Routen, Zeiten und Orte gibt es aus Sicherheitsgr\u00fcnden keine genauen Ausk\u00fcnfte. <a href=\"https:\/\/www.mdr.de\/sachsen-anhalt\/defender-europe-zwanzig-100.html?fbclid=IwAR2cR_fp7fQVHZUSSctQzpCdNx7beJLPihqOUuzmUtKmUmxAdigqDoYscQE\">Mehr Informationen<\/a>.<\/p>\n<p>Die gleichen Informationen gelten auch f\u00fcr Brandenburg. <a href=\"https:\/\/www.rbb24.de\/panorama\/beitrag\/2020\/02\/defender-2020-nato-usa-bundeswehr-brandenburg.html?fbclid=IwAR26Ma6wbKdkjAX-RDvaEyGHNievDca8uSwuvsU_0CL-nu3SYURHWDXkedo\">Informationen f\u00fcr Brandenburg<\/a>.<\/p>\n<ul>\n<li><strong>Ab 02.03.2020:\u00a0<\/strong><\/li>\n<\/ul>\n<p class=\"id-Article-content-item id-Article-content-item-summary\">Das Kampfhubschrauberregiment 36 aus Fritzlar k\u00fcndigt Nachtfl\u00fcge an. Auch der Bereich um Bad Hersfeld wird Anfang M\u00e4rz davon betroffen sein.<\/p>\n<p><span style=\"color: #ff6600;\">Beschwerden an das B\u00fcrgertelefon unter: 0800 8620730\u00a0<\/span><\/p>\n<p>Unterwegs ist das Kampfhubschrauberregiment in der zehnten und elften Kalenderwoche, jeweils von Montag, 2. M\u00e4rz, bis Donnerstag, 5. M\u00e4rz, sowie von Montag, 9. M\u00e4rz, bis Donnerstag, 12. M\u00e4rz. <a href=\"https:\/\/www.hersfelder-zeitung.de\/bad-hersfeld\/hubschrauber-bundeswehr-fliegen-nachts-ueber-hersfeld-13565554.html?fbclid=IwAR3ZTGLE2xK1i8Y_XTmUoiOPGZy0SDYssJ2l4tIxP4sCwcRBsSXtCQ-lBto\">Mehr Informationen<\/a>.<\/p>\n<ul>\n<li><strong>01.03.2020:\u00a0<\/strong><\/li>\n<\/ul>\n<p>\u201eAls letzter Truppentransporter hat das amerikanische Frachtschiff \u201eGreen Lake\u201c am fr\u00fchen Sonntagmorgen Bremerhaven erreicht. Schon wenig sp\u00e4ter wurde das erste milit\u00e4rische Ger\u00e4t von Bord geholt: Schwere und vor allem gel\u00e4ndeg\u00e4ngige Lkw in Tarnfarbe.\u201c <a href=\"https:\/\/www.nwzonline.de\/bremen\/bremerhaven-grossuebung-defender-europe-20-letzter-us-truppentransporter-erreicht-bremerhaven_a_50,7,2010413970.html#disqus_thread\">Link<\/a>.<\/p>\n<ul>\n<li><strong>28.02.2020:\u00a0<\/strong><\/li>\n<\/ul>\n<p>US-Armee beginnt mit Bahn-Transporten in Sachsen-Anhalt.<\/p>\n<ul>\n<li><strong>23.02.2020:<\/strong><\/li>\n<\/ul>\n<p>Panzer werden mit der Deutschen Bahn von Lehrte nach Bergen transportiert.<\/p>\n<ul>\n<li><strong>21.02.2020:<\/strong><\/li>\n<\/ul>\n<p>Unter gro\u00dfem Protest der Bremer B\u00fcrger*innen sind erste Transportschiffe mit Milit\u00e4r an Land gegangen. Zeitgleich kommen \u00fcber den Hamburger Flughafen die ersten US-Soldat*innen an und werden von dort aus ihre Reise fortsetzen.<\/p>\n<ul>\n<li><strong>Seit dem 16.02.2020:<\/strong><\/li>\n<\/ul>\n<p>Flugzeuge mit Soldat*innen aus den USA landen am Hamburger Flughafen. Die Fl\u00fcge enden entweder dort, oder fliegen im Anschluss weiter nach Polen. Die Fl\u00fcge k\u00f6nnen unter anderem <a href=\"https:\/\/www.eddh-airport.de\/eddhairport\/?s=Defender%20Europe%2020&amp;fbclid=IwAR2YUWsc5janEif1u_8uPsDyPWLBzmU9Dh3w3IJd-mIlKwQuU4SG0XtYd9A\">HIER<\/a> nachvollzogen werden.<\/p>\n<ul>\n<li><strong>13.02.2020:<\/strong><\/li>\n<\/ul>\n<p><strong>\u00a0<\/strong>Schiffe mit Milit\u00e4requipment und Fahrzeugen haben die USA in Richtung Bremerhaven verlassen.<\/p>\n<ul>\n<li><strong>12.02.2020:<\/strong><\/li>\n<\/ul>\n<p><strong>\u00a0<\/strong>Verladung von Panzern f\u00fcr Defender2020 an unbekanntem Standort in Deutschland (Quelle: Instagram-Post eines Soldaten) .Pressekonferenz in Bergen: Europas gr\u00f6\u00dfte Tankstation aufgebaut.<\/p>\n<ul>\n<li><strong>04.02.2020:<\/strong><\/li>\n<\/ul>\n<p>Milit\u00e4rkonvois sind aus Antwerpen losgefahren.<\/p>\n<ul>\n<li><strong>01.02.2020:<\/strong><\/li>\n<\/ul>\n<p>Schiff mit Milit\u00e4rfahrzeugen ist in Antwerpen gelandet. In Bergen ist mit der Verladung erster Panzer begonnen worden.<\/p>\n<ul>\n<li><strong>29.01.2020:<\/strong><\/li>\n<\/ul>\n<p>In Fritzlar kommen Konvois aus Mannheim im Stundentakt an: \u201eSo geht das jetzt einen Monat lang\u201c\u00a0 \u00a0(Quelle: Hessischer Rundfunk).<\/p>\n<ul>\n<li><strong>23.01.2020<\/strong>:<\/li>\n<\/ul>\n<p>Zeltstadt f\u00fcr 2000 US-Soldat*innen in Garlstedt ist fertiggestellt worden. Ein Termin mit Medienvertreter*innen hat stattgefunden.<\/p>\n","protected":false},"excerpt":{"rendered":"<p>Milit\u00e4rbewegungen im Rahmen von Defender2020 Auf dieser Seite werden Informationen zu den Milit\u00e4r- und Truppenbewegungen im Rahmen des Defender2020 Man\u00f6vers gesammelt und archiviert. Auf dieser Seite sind vergangene und angek\u00fcndigte, zu erwartende Truppenbewegungen aufgelistet. Informationen zu den Protesten, Demonstrationen und Aktionsvorbereitungen sind unter der Rubrik Termine zu finden. *** 200218-AS-1980004-V60-Vors-VtgA-Kontaktdaten-und-Ansprechpartner-Man\u00f6ver-DEFENDER-2020 *** \u00dcbersicht: DEF20-&#8222;Milit\u00e4rbewegungen&#8220; &#8222;Mitte M\u00e4rz [&hellip;]<\/p>\n","protected":false},"author":3,"featured_media":0,"parent":231,"menu_order":1,"comment_status":"closed","ping_status":"closed","template":"","meta":{"footnotes":""},"class_list":["post-772","page","type-page","status-publish","hentry"],"_links":{"self":[{"href":"https:\/\/stoppt-defender-2020.de\/index.php\/wp-json\/wp\/v2\/pages\/772","targetHints":{"allow":["GET"]}}],"collection":[{"href":"https:\/\/stoppt-defender-2020.de\/index.php\/wp-json\/wp\/v2\/pages"}],"about":[{"href":"https:\/\/stoppt-defender-2020.de\/index.php\/wp-json\/wp\/v2\/types\/page"}],"author":[{"embeddable":true,"href":"https:\/\/stoppt-defender-2020.de\/index.php\/wp-json\/wp\/v2\/users\/3"}],"replies":[{"embeddable":true,"href":"https:\/\/stoppt-defender-2020.de\/index.php\/wp-json\/wp\/v2\/comments?post=772"}],"version-history":[{"count":30,"href":"https:\/\/stoppt-defender-2020.de\/index.php\/wp-json\/wp\/v2\/pages\/772\/revisions"}],"predecessor-version":[{"id":1227,"href":"https:\/\/stoppt-defender-2020.de\/index.php\/wp-json\/wp\/v2\/pages\/772\/revisions\/1227"}],"up":[{"embeddable":true,"href":"https:\/\/stoppt-defender-2020.de\/index.php\/wp-json\/wp\/v2\/pages\/231"}],"wp:attachment":[{"href":"https:\/\/stoppt-defender-2020.de\/index.php\/wp-json\/wp\/v2\/media?parent=772"}],"curies":[{"name":"wp","href":"https:\/\/api.w.org\/{rel}","templated":true}]}}