{"id":839,"date":"2020-02-19T13:43:13","date_gmt":"2020-02-19T12:43:13","guid":{"rendered":"https:\/\/stoppt-defender-2020.de\/?page_id=839"},"modified":"2020-02-27T14:17:10","modified_gmt":"2020-02-27T13:17:10","slug":"fragenkatalog-kommunal","status":"publish","type":"page","link":"https:\/\/stoppt-defender-2020.de\/index.php\/parlamentarisches\/fragenkatalog-kommunal\/","title":{"rendered":"Fragenkatalog kommunal"},"content":{"rendered":"<p><img loading=\"lazy\" decoding=\"async\" class=\"size-medium wp-image-1044 aligncenter\" src=\"https:\/\/stoppt-defender-2020.de\/wp-content\/uploads\/2020\/02\/20200214-Defender-2020-Kommunale-Fragen-300x300.jpg\" alt=\"\" width=\"300\" height=\"300\" srcset=\"https:\/\/stoppt-defender-2020.de\/wp-content\/uploads\/2020\/02\/20200214-Defender-2020-Kommunale-Fragen-300x300.jpg 300w, https:\/\/stoppt-defender-2020.de\/wp-content\/uploads\/2020\/02\/20200214-Defender-2020-Kommunale-Fragen-1024x1024.jpg 1024w, https:\/\/stoppt-defender-2020.de\/wp-content\/uploads\/2020\/02\/20200214-Defender-2020-Kommunale-Fragen-150x150.jpg 150w, https:\/\/stoppt-defender-2020.de\/wp-content\/uploads\/2020\/02\/20200214-Defender-2020-Kommunale-Fragen-768x768.jpg 768w, https:\/\/stoppt-defender-2020.de\/wp-content\/uploads\/2020\/02\/20200214-Defender-2020-Kommunale-Fragen.jpg 1200w\" sizes=\"auto, (max-width: 300px) 100vw, 300px\" \/><\/p>\n<p>&nbsp;<\/p>\n<p><a href=\"#1\">(1) Fragen zur Nutzung von kommunaler Infrastruktur und zu Man\u00f6versch\u00e4den<\/a><\/p>\n<p><a href=\"#2\">(2) Fragen zu Umwelt-, L\u00e4rm- und Infektionsschutz im Rahmen von Defender 2020<\/a><\/p>\n<p><a href=\"#3\">(3) Fragen zur Nutzung von ziviler Logistik im Rahmen von Defender 2020<\/a><\/p>\n<p><span style=\"color: #ff6600;\"><a href=\"#4\">(4) Texte zum Thema &#8222;Man\u00f6versch\u00e4den&#8220;<\/a><\/span><\/p>\n<p>&nbsp;<\/p>\n<h5><span style=\"color: #ff6600;\"><a name=\"1\"><\/a><strong>(1) FRAGEN ZUR NUTZUNG VON KOMMUNALER INFRASTRUKTUR UND ZU MAN\u00d6VERSCH\u00c4DEN:<\/strong><\/span><\/h5>\n<ul>\n<li style=\"text-align: left;\">Wurde die Verwaltung im Vorfeld des US-Man\u00f6vers Defender2020 \u00fcber eine Nutzung der kommunalen Infrastruktur informiert?<br \/>\nWenn ja:<br \/>\n&#8211; Wann und auf welchem Wege wurde die Verwaltung informiert?<br \/>\n&#8211; Welche weiteren Beh\u00f6rden wurden in diesem Zusammenhang von der Verwaltung informiert?<br \/>\n&#8211; Welche Vereinbarungen wurden hinsichtlich der Nutzung der kommunalen Infrastruktur im Rahmen des US-Man\u00f6vers Defender2020 mit wem getroffen?<br \/>\n&#8211; Welches Procedere wurde im Falle von Sch\u00e4den an der kommunalen Infrastruktur bzgl. deren Aufnahme, Finanzierung und Beseitigung mit wem vereinbart?<\/li>\n<\/ul>\n<ul>\n<li>Ist die Verwaltung f\u00fcr die Aufnahme, Finanzierung und Beseitigung von Man\u00f6versch\u00e4den der US-Operation Defender2020 an der kommunalen Infrastruktur zust\u00e4ndig?<\/li>\n<\/ul>\n<ul>\n<li>Ist die Verwaltung f\u00fcr die Aufnahme, Finanzierung und Beseitigung von Man\u00f6versch\u00e4den der US-Operation Defender2020 an der kommunalen Infrastruktur zust\u00e4ndig?<br \/>\nWenn nein:<br \/>\n&#8211; Welche Beh\u00f6rde ist dann zust\u00e4ndig?<br \/>\n&#8211; Welchen Kommunikationskanal gibt es zu den entsprechenden Beh\u00f6rde, um Sch\u00e4den zu melden und zu beseitigen?<\/li>\n<\/ul>\n<ul>\n<li>Hat die Verwaltung im Vorfeld des US-Man\u00f6vers Defender2020 Absprachen mit dem Verteidigungsministerium oder dem zust\u00e4ndigen Standortkommando der Bundeswehr hinsichtlich m\u00f6glicher Infrastruktursch\u00e4den in unserer Kommune und deren Beseitigung gef\u00fchrt?<br \/>\n&#8211; Wenn ja, was sind die Ergebnisse?<br \/>\n&#8211; Wenn nein, warum nicht?<\/li>\n<\/ul>\n<ul>\n<li>Hat die Verwaltung im Vorfeld des US-Man\u00f6vers Defender2020 Absprachen mit der Landesregierung hinsichtlich m\u00f6glicher Infrastruktursch\u00e4den und deren Beseitigung getroffen?<br \/>\n&#8211; Wenn ja, was sind die Ergebnisse?<br \/>\n&#8211; Wenn nein, warum nicht?<\/li>\n<\/ul>\n<ul>\n<li>Gibt es im aktuellen Haushaltsplan Titel, welche f\u00fcr die Beseitigung von Infrastruktursch\u00e4den durch Milit\u00e4rman\u00f6ver in Anspruch genommen werden k\u00f6nnten?<br \/>\n&#8211; Wenn ja, wie hoch ist das Finanzvolumen darin insgesamt?<\/li>\n<\/ul>\n<ul>\n<li>Wer kommt nach Kenntnis der Verwaltung f\u00fcr private Sch\u00e4den (H\u00e4user, Stra\u00dfen\/Wege, Personen, usw.), welche im Zusammenhang mit dem US-Man\u00f6ver Defender 2020 entstehen, auf und wohin k\u00f6nnen sich Betroffene melden?<br \/>\n&#8211; Wie wird die Bev\u00f6lkerung \u00fcber ihre Rechte in diesem Zusammenhang durch die Verwaltung informiert?<\/li>\n<\/ul>\n<ul>\n<li>Musste die Verwaltung im Zusammenhang mit dem US-Man\u00f6ver Defender2020 Sondergenehmigungen f\u00fcr Schwerlasttransporte erteilen oder wurden diese zentral durch eine obere Verwaltungsebene erteilt?<\/li>\n<\/ul>\n<ul>\n<li>Falls es Genehmigungen von oberen Ebenen gab, stellt sich die Frage, welche Beh\u00f6rden das waren und wann unsere Verwaltung dar\u00fcber informiert wurde?<\/li>\n<\/ul>\n<ul>\n<li>Wurde sich im Vorfeld des US-Man\u00f6vers Defender2020 mit der Verwaltung in Verbindung gesetzt, um sich \u00fcber die Beschaffenheit und besonderen Eigenschaften unseres kommunalen Verkehrsnetzes (Stra\u00dfen, Wasserwege sowie Schienennetz) zu informieren?<\/li>\n<li>Gibt es in unserer Kommune Besonderheiten im Verkehrsnetz, welche hinsichtlich des US-Man\u00f6vers Defender2020 zu beachten sind?<\/li>\n<\/ul>\n<p>&nbsp;<\/p>\n<h5><span style=\"color: #ff6600;\"><a name=\"2\"><\/a><strong>(2) Fragen zum Umwelt-, L\u00e4rm- und Infektionsschutz im Rahmen von Defender2020:<\/strong><\/span><\/h5>\n<ul>\n<li>Liegen der Verwaltung im Zusammenhang mit dem US-Man\u00f6vers Defender 2020 Informationen bzw. Handlungsempfehlungen hinsichtlich des Infektionsschutzes (z.B. Schweinepest, Corona-Virus) vor?<\/li>\n<\/ul>\n<p>&#8211; Wenn ja, wie sehen diese Informationen bzw. Handlungsempfehlungen aus?<\/p>\n<p>&#8211; Welche konkreten Ma\u00dfnahmen sind von unserer Kommune zu leisten?<\/p>\n<p>&#8211; Welchen Kostenrahmen umfassen diese und wer tr\u00e4gt diese Kosten?<\/p>\n<p>&#8211; Wenn nein, gibt es in der Verwaltung eigenst\u00e4ndige \u00dcberlegungen hinsichtlich des Infektionsschutzes f\u00fcr die Bev\u00f6lkerung?<\/p>\n<p>&nbsp;<\/p>\n<ul>\n<li>Wurden im Zuge des US-Man\u00f6vers Defender 2020 Absprachen mit der Verwaltung hinsichtlich des L\u00e4rmschutzes getroffen, da laut Medienberichten die Truppenbewegungen vor allem nachts stattfinden sollen?<\/li>\n<\/ul>\n<ul>\n<li>\u00a0Wie wird die Bev\u00f6lkerung \u00fcber eine h\u00f6here L\u00e4rmbelastung informiert?<\/li>\n<\/ul>\n<ul>\n<li>\u00a0Wer ist nach Auffassung der Verwaltung f\u00fcr die \u00dcberwachung der Einhaltung des\u00a0 L\u00e4rmschutzes im Zusammenhang mit dem US-Man\u00f6ver Defender 2020 zust\u00e4ndig?<\/li>\n<\/ul>\n<ul>\n<li>\u00a0Welche Beschwerde- und Entsch\u00e4digungsm\u00f6glichkeiten haben die von der Nichteinhaltung des L\u00e4rmschutzes betroffenen Personen, wo m\u00fcssen sie sich ggf. hinwenden und wie wird die Bev\u00f6lkerung dar\u00fcber informiert?<\/li>\n<\/ul>\n<ul>\n<li>\u00a0Wer ist nach Ansicht der Verwaltung f\u00fcr die Aufnahme und Beseitigung etwaiger Umweltsch\u00e4den, welche auf das US-Man\u00f6ver Defender 2020 zur\u00fcckzuf\u00fchren sind, zust\u00e4ndig und wer tr\u00e4gt die Kosten f\u00fcr die Aufnahme und Beseitigung dieser Umweltsch\u00e4den?<\/li>\n<\/ul>\n<p>&nbsp;<\/p>\n<h5><strong><span style=\"color: #ff6600;\"><a name=\"3\"><\/a>(3) Fragen zur Nutzung von ziviler Logistik im Rahmen von Defender2020:\u00a0<\/span><\/strong><\/h5>\n<ul>\n<li style=\"list-style-type: none;\">\n<ul>\n<li style=\"list-style-type: none;\">\n<ul>\n<li>Ist davon auszugehen, dass im Zusammenhang mit dem US-Man\u00f6vers Defender 2020 Polizei, Rettungs- und Hilfsorganisationen oder zivile Logistik (z.B. Bahn) im Landkreis in Anspruch genommen wird?<\/li>\n<\/ul>\n<\/li>\n<\/ul>\n<\/li>\n<\/ul>\n<p>&#8211; Wenn ja, welche Auswirkungen hat das auf die Bev\u00f6lkerung?<\/p>\n<p>&#8211; Von welche konkreten Auswirkungen ist auszugehen?<\/p>\n<p>&#8211; Wann wird die Bev\u00f6lkerung dar\u00fcber informiert?<\/p>\n<p>&nbsp;<\/p>\n<ul>\n<li style=\"list-style-type: none;\">\n<ul>\n<li style=\"list-style-type: none;\">\n<ul>\n<li>Welche voraussichtlichen Kosten entstehen der Kommune im Zusammenhang mit dem US-Man\u00f6ver Defender 2020, da laut Medienberichten das Man\u00f6ver durch die Polizei, Rettungs- und Hilfsorganisationen sowie ziviler Logistik unterst\u00fctzt werden soll? Bitte nach Kostenart aufschl\u00fcsseln:\n<p>a) Wurden diese voraussichtlichen Kosten bereits in der kommunalen Haushaltsplanung f\u00fcr 2020 ber\u00fccksichtigt?<\/p>\n<p>b) Ist f\u00fcr diese Kosten ein Nachtragshaushalt n\u00f6tig oder werden diese Kosten durch eine h\u00f6here Verwaltungseinheit (wenn ja, welche?) \u00fcbernommen<\/li>\n<\/ul>\n<\/li>\n<\/ul>\n<\/li>\n<\/ul>\n<p style=\"text-align: center;\">***<\/p>\n<p style=\"text-align: center;\">Anfragen zu Informationen &amp; rechtlichen Fragen k\u00f6nnen auch an die Landeskommandos der Bundeswehr gestellt werden:<br \/>\n<a href=\"https:\/\/stoppt-defender-2020.de\/wp-content\/uploads\/2020\/02\/200218-AS-1980004-V60-Vors-VtgA-Kontaktdaten-und-Ansprechpartner-Man\u00f6ver-DEFENDER-2020.pdf\">Kontaktdaten und Ansprechpartner*innen der Landeskommandos<\/a><\/p>\n<p>&nbsp;<\/p>\n<p style=\"text-align: center;\"><span style=\"color: #ff6600;\"><strong>Wir freuen uns \u00fcber Eure Berichte und beantworten gerne auch Eure Fragen.<\/strong><\/span><br \/>\n<span style=\"color: #ff6600;\"><strong>Schickt uns Mails: anti-defender2020@mail.de<\/strong><\/span><\/p>\n<p style=\"text-align: center;\"><strong><a href=\"https:\/\/www.dielinke-brandenburg.de\/nc\/politik\/aktuell\/detail\/news\/kommunalpolitiker-innen-wollen-infos-zu-us-manoever\/\">Kontakt zur LAG Kommunalpolitik DIE LINKE Brandenburg<br \/>\n(die Autor*innen der Fragen)<\/a><\/strong><\/p>\n<p>&nbsp;<\/p>\n<p style=\"text-align: center;\">***<\/p>\n<p><img loading=\"lazy\" decoding=\"async\" class=\"size-medium wp-image-983 aligncenter\" src=\"https:\/\/stoppt-defender-2020.de\/wp-content\/uploads\/2020\/02\/29CF45A9-D27B-45BC-9650-8B60184FD615-300x254.jpeg\" alt=\"\" width=\"300\" height=\"254\" srcset=\"https:\/\/stoppt-defender-2020.de\/wp-content\/uploads\/2020\/02\/29CF45A9-D27B-45BC-9650-8B60184FD615-300x254.jpeg 300w, https:\/\/stoppt-defender-2020.de\/wp-content\/uploads\/2020\/02\/29CF45A9-D27B-45BC-9650-8B60184FD615-1024x867.jpeg 1024w, https:\/\/stoppt-defender-2020.de\/wp-content\/uploads\/2020\/02\/29CF45A9-D27B-45BC-9650-8B60184FD615-150x127.jpeg 150w, https:\/\/stoppt-defender-2020.de\/wp-content\/uploads\/2020\/02\/29CF45A9-D27B-45BC-9650-8B60184FD615-768x650.jpeg 768w, https:\/\/stoppt-defender-2020.de\/wp-content\/uploads\/2020\/02\/29CF45A9-D27B-45BC-9650-8B60184FD615-1536x1300.jpeg 1536w, https:\/\/stoppt-defender-2020.de\/wp-content\/uploads\/2020\/02\/29CF45A9-D27B-45BC-9650-8B60184FD615.jpeg 1718w\" sizes=\"auto, (max-width: 300px) 100vw, 300px\" \/><\/p>\n<h5><span style=\"color: #ff6600;\"><a name=\"4\"><\/a>(4) Texte zum Thema &#8222;Man\u00f6versch\u00e4den&#8220;<\/span><\/h5>\n<ul>\n<li style=\"list-style-type: none;\">\n<ul>\n<li style=\"list-style-type: none;\">\n<ul>\n<li>A<a href=\"https:\/\/www.parlamentsdokumentation.brandenburg.de\/starweb\/LBB\/ELVIS\/parladoku\/w7\/drs\/ab_0600\/646.pdf\">ntwort der Landesregierung auf die Kleine Anfrage Nr. 200 der Abgeordneten Andrea Johlige (Fraktion DIE LINKE) Drucksache 7\/441<\/a><br \/>\nNachfrage: Entstandene Sch\u00e4den und Kosten durch Man\u00f6ver der Bundeswehr im Havelland (Feb. 2020)<\/li>\n<li>(rbb, 21.02.2020) <a href=\"https:\/\/www.rbb24.de\/politik\/beitrag\/2020\/02\/bundeswehr-schaeden-seit-2014-manoever-brandenburg.html\">Bundeswehr richtet rund eine halbe Million Euro Schaden an<\/a><\/li>\n<li>SZ (21.02.2020): <a href=\"https:\/\/www.sueddeutsche.de\/politik\/verteidigung-potsdam-mehr-als-500-000-euro-schaeden-durch-bundeswehr-seit-2014-dpa.urn-newsml-dpa-com-20090101-200221-99-05044\">Mehr als 500.000 Euro Sch\u00e4den durch Bundeswehr seit 2014<\/a><\/li>\n<li>Oberpfalz (18.6.2017):<a href=\"https:\/\/www.br.de\/nachrichten\/bayern\/nato-manoever-sorgen-fuer-jobs-aber-auch-aerger,6ct3adtg70wkedtp6mu38dhm6mrk4\"> Gemeinden warten auf Geld f\u00fcr Sch\u00e4den<\/a><\/li>\n<li>Sachsen-Anhalt (15.5.2019): <a href=\"https:\/\/www.az-online.de\/altmark\/tangermuende\/panzer-haben-viel-kaputt-gemacht-5082947.html\">Panzer haben viel kaputt gemacht\u00a0<\/a><\/li>\n<li>Brandenburg (7.3.2019): <a href=\"https:\/\/www.rathenow24.de\/newsleser\/die-rechnung-nicht-zahlen-und-neue-schaeden-verursachen-das-ist-ein-unding.html\">Die Rechnung nicht zahlen und neue Sch\u00e4den verursachen, das ist ein Unding!<\/a><\/li>\n<li>Kleine Anfrage DIE LINKE Brandenburg (9.1.2020): <a href=\"https:\/\/www.andreajohlige.de\/nc\/landtag\/anfragen\/detail\/news\/nachfrage-entstandene-schaeden-und-kosten-durch-manoever-der-bundeswehr-im-havelland0\/\">&#8222;Entstandene Sch\u00e4den und Kosten durch Man\u00f6ver der Bundeswehr im Havelland&#8220;<\/a><a href=\"https:\/\/www.andreajohlige.de\/nc\/landtag\/anfragen\/detail\/news\/nachfrage-entstandene-schaeden-und-kosten-durch-manoever-der-bundeswehr-im-havelland0\/\">;<\/a> (17.02.2020) <a href=\"https:\/\/www.parlamentsdokumentation.brandenburg.de\/starweb\/LBB\/ELVIS\/parladoku\/w7\/drs\/ab_0600\/646.pdf\">Antwort der Landesregierung<\/a><\/li>\n<\/ul>\n<\/li>\n<\/ul>\n<\/li>\n<\/ul>\n<p><strong>Man\u00f6ver \u201eHeidesturm\u201c<\/strong><\/p>\n<ul>\n<li style=\"list-style-type: none;\">\n<ul>\n<li style=\"list-style-type: none;\">\n<ul>\n<li><a href=\"https:\/\/www.morgenpost.de\/brandenburg\/article135986359\/100-000-Euro-Strassenschaeden-nach-Bundeswehr-Manoever.html\">Ein Panzer-Man\u00f6ver der Bundeswehr hat auf Landes- und Bundesstra\u00dfen im Havelland eine Spur der Verw\u00fcstung hinterlassen.<\/a> (04.01.2015)<\/li>\n<li><a href=\"https:\/\/www.maz-online.de\/Brandenburg\/Bundeswehr-hinterlaesst-540.000-Euro-Schaden\">Bundeswehr hinterl\u00e4sst 540.000 Euro Schaden.<\/a> (15.08.2015)<\/li>\n<li><a href=\"https:\/\/kleineanfragen.de\/brandenburg\/6\/9417-nachfrage-zu-den-antworten-der-landesregierung-in-drs-6-2277-6-4886-und-6-8720-entstandene-schaeden-und-kosten.txt\">Kleine Anfrage Brandenburg\/Antwort<\/a> (20.08.2018, Norbert M\u00fcller, DIE LINKE) vergingen zwischen Schadenseintritt und Unterzeichnung der Vereinbarung zur Schadensregulierung)<\/li>\n<li><a href=\"http:\/\/20.08.2018\">Kleine Anfrage Brandenburg\/Antwort<\/a> (20.08.2018, Andrea Johlige, DIE LINKE)<\/li>\n<li><a href=\"https:\/\/www.rathenow24.de\/newsleser\/mdl-andrea-johlige-die-linke-panzer-schaffen-keinen-frieden-und-haben-auf-oeffentlichen-strassen-nichts-zu-suchen.html\">Erneutes Man\u00f6vers der Bundeswehr auf Stra\u00dfen des Havellands<\/a> (PM 4.3.2019, Andrea Johlige, DIE LINKE)<\/li>\n<li><a href=\"https:\/\/www.maz-online.de\/Lokales\/Havelland\/Land-beseitigt-Manoeverschaeden-im-Havelland\">Land beseitigt Man\u00f6versch\u00e4den im Havelland<\/a> (14.5.2019)<\/li>\n<\/ul>\n<\/li>\n<\/ul>\n<\/li>\n<\/ul>\n<p><strong>Infos zum Procedere:<\/strong><\/p>\n<ul>\n<li style=\"list-style-type: none;\">\n<ul>\n<li style=\"list-style-type: none;\">\n<ul>\n<li><a href=\"https:\/\/www.eur.army.mil\/Defender-Europe\/Claims\/\">US Army: Defender Europe 20 Claims Information<\/a><\/li>\n<li><a href=\"https:\/\/www.staats-haftung.de\/themenbereiche\/truppensch\u00e4den\/\">\u201eDrittschaden\u201c-Haftung<\/a><\/li>\n<li><a href=\"https:\/\/www.freistaat.bayern\/dokumente\/leistung\/10553265494\">Schadensregulierung in Bayern<\/a><\/li>\n<li><a href=\"https:\/\/www.mainpost.de\/regional\/schweinfurt\/Millionen-fuer-Manoeverschaeden;art742,5441329\">Schweinfurt:\u00a0Millionen f\u00fcr Man\u00f6versch\u00e4den<\/a><\/li>\n<\/ul>\n<\/li>\n<\/ul>\n<\/li>\n<\/ul>\n<p>&nbsp;<\/p>\n<p>Historisches\/Sonstiges:<\/p>\n<ul>\n<li style=\"list-style-type: none;\">\n<ul>\n<li class=\"id-Article-kicker\"><span class=\"id-Article-kicker-text\"><a href=\"https:\/\/www.hna.de\/lokales\/schwalmstadt\/schwalmstadt-ort68394\/schwalmstadt-herbstmanoever-als-kreis-zum-kampfgebiet-wurde-13241354.html\">Herbstman\u00f6ver in der Schwalm.<\/a> <\/span>Schnittstelle des Kalten Kriegs (<time class=\"id-DateTime id-Article-date-time--published\" datetime=\"2019-11-24T14:00:00+01:00\"><span class=\"id-DateTime-date\">24.11.19)<\/span><\/time><\/li>\n<li>\n<p class=\"title\"><a href=\"https:\/\/www.onetz.de\/luhe-wildenau\/vermischtes\/johann-kick-beschwert-sich-ueber-manoeverschaeden-kleinkrieg-am-naabufer-d1672279.html\"><span class=\"kicker\">Johann Kick beschwert sich \u00fcber Man\u00f6versch\u00e4den.<\/span><\/a> Kleinkrieg am Naabufer (31.05.2016)<\/p>\n<\/li>\n<\/ul>\n<\/li>\n<\/ul>\n","protected":false},"excerpt":{"rendered":"<p>&nbsp; (1) Fragen zur Nutzung von kommunaler Infrastruktur und zu Man\u00f6versch\u00e4den (2) Fragen zu Umwelt-, L\u00e4rm- und Infektionsschutz im Rahmen von Defender 2020 (3) Fragen zur Nutzung von ziviler Logistik im Rahmen von Defender 2020 (4) Texte zum Thema &#8222;Man\u00f6versch\u00e4den&#8220; &nbsp; (1) FRAGEN ZUR NUTZUNG VON KOMMUNALER INFRASTRUKTUR UND ZU MAN\u00d6VERSCH\u00c4DEN: Wurde die Verwaltung im [&hellip;]<\/p>\n","protected":false},"author":3,"featured_media":0,"parent":306,"menu_order":0,"comment_status":"closed","ping_status":"closed","template":"","meta":{"footnotes":""},"class_list":["post-839","page","type-page","status-publish","hentry"],"_links":{"self":[{"href":"https:\/\/stoppt-defender-2020.de\/index.php\/wp-json\/wp\/v2\/pages\/839","targetHints":{"allow":["GET"]}}],"collection":[{"href":"https:\/\/stoppt-defender-2020.de\/index.php\/wp-json\/wp\/v2\/pages"}],"about":[{"href":"https:\/\/stoppt-defender-2020.de\/index.php\/wp-json\/wp\/v2\/types\/page"}],"author":[{"embeddable":true,"href":"https:\/\/stoppt-defender-2020.de\/index.php\/wp-json\/wp\/v2\/users\/3"}],"replies":[{"embeddable":true,"href":"https:\/\/stoppt-defender-2020.de\/index.php\/wp-json\/wp\/v2\/comments?post=839"}],"version-history":[{"count":50,"href":"https:\/\/stoppt-defender-2020.de\/index.php\/wp-json\/wp\/v2\/pages\/839\/revisions"}],"predecessor-version":[{"id":1078,"href":"https:\/\/stoppt-defender-2020.de\/index.php\/wp-json\/wp\/v2\/pages\/839\/revisions\/1078"}],"up":[{"embeddable":true,"href":"https:\/\/stoppt-defender-2020.de\/index.php\/wp-json\/wp\/v2\/pages\/306"}],"wp:attachment":[{"href":"https:\/\/stoppt-defender-2020.de\/index.php\/wp-json\/wp\/v2\/media?parent=839"}],"curies":[{"name":"wp","href":"https:\/\/api.w.org\/{rel}","templated":true}]}}